{"id":2941,"date":"2025-07-30T13:27:15","date_gmt":"2025-07-30T05:27:15","guid":{"rendered":"https:\/\/www.andelutech.com\/?post_type=product&#038;p=2941"},"modified":"2026-03-26T16:47:39","modified_gmt":"2026-03-26T08:47:39","slug":"motion-reference-unit-series-and-mru-c","status":"publish","type":"product","link":"https:\/\/www.andelutech.com\/fr\/product\/motion-reference-unit-series-and-mru-c\/","title":{"rendered":"AND-MRU-C Motion reference unit series"},"content":{"rendered":"","protected":false},"excerpt":{"rendered":"<p>AND-MRU est un produit d'unit\u00e9 de r\u00e9f\u00e9rence de mouvement (MRU) qui utilise une IMU MEMS de haute pr\u00e9cision comme capteur central et combine des algorithmes avanc\u00e9s de haute pr\u00e9cision d'attitude et de mont\u00e9e et de chute. Cet appareil peut fournir des informations de mesure en temps r\u00e9el des objets dans les directions du pas, du roulement, de la mont\u00e9e et du r\u00e9glage. Il est largement utilis\u00e9 dans des sc\u00e9narios n\u00e9cessitant une surveillance de mouvement de haute pr\u00e9cision. Dans les applications maritimes, les MRU sont utilis\u00e9s pour surveiller l'attitude dynamique des navires et des structures offshore, assurant leur \u00e9quilibre et leur stabilit\u00e9 dans des environnements complexes tels que les vagues et le vent.<\/p>\n<p>Indicateurs de performance du produit<br \/>\nTemp\u00e9rature de travail: -40\u00b0C ~ 80\u00b0C<br \/>\nTemp\u00e9rature de stockage: -45\u00b0C ~ 85\u00b0C<br \/>\nVoltage: 6V ~ 30V<br \/>\nConsommation d'\u00e9nergie: \u22643.0W<\/p>","protected":false},"featured_media":3332,"comment_status":"closed","ping_status":"closed","template":"","meta":[],"product_brand":[],"product_cat":[26],"product_tag":[],"class_list":{"0":"post-2941","1":"product","2":"type-product","3":"status-publish","4":"has-post-thumbnail","6":"product_cat-imu-mems-ins","8":"first","9":"instock","10":"shipping-taxable","11":"product-type-simple"},"_links":{"self":[{"href":"https:\/\/www.andelutech.com\/fr\/wp-json\/wp\/v2\/product\/2941","targetHints":{"allow":["GET"]}}],"collection":[{"href":"https:\/\/www.andelutech.com\/fr\/wp-json\/wp\/v2\/product"}],"about":[{"href":"https:\/\/www.andelutech.com\/fr\/wp-json\/wp\/v2\/types\/product"}],"replies":[{"embeddable":true,"href":"https:\/\/www.andelutech.com\/fr\/wp-json\/wp\/v2\/comments?post=2941"}],"wp:featuredmedia":[{"embeddable":true,"href":"https:\/\/www.andelutech.com\/fr\/wp-json\/wp\/v2\/media\/3332"}],"wp:attachment":[{"href":"https:\/\/www.andelutech.com\/fr\/wp-json\/wp\/v2\/media?parent=2941"}],"wp:term":[{"taxonomy":"product_brand","embeddable":true,"href":"https:\/\/www.andelutech.com\/fr\/wp-json\/wp\/v2\/product_brand?post=2941"},{"taxonomy":"product_cat","embeddable":true,"href":"https:\/\/www.andelutech.com\/fr\/wp-json\/wp\/v2\/product_cat?post=2941"},{"taxonomy":"product_tag","embeddable":true,"href":"https:\/\/www.andelutech.com\/fr\/wp-json\/wp\/v2\/product_tag?post=2941"}],"curies":[{"name":"wp","href":"https:\/\/api.w.org\/{rel}","templated":true}]}}