{"id":2936,"date":"2025-07-30T10:48:38","date_gmt":"2025-07-30T02:48:38","guid":{"rendered":"https:\/\/www.andelutech.com\/?post_type=product&#038;p=2936"},"modified":"2026-03-26T16:49:11","modified_gmt":"2026-03-26T08:49:11","slug":"anti-interference-antenna-and-receiver-series-and-dr65","status":"publish","type":"product","link":"https:\/\/www.andelutech.com\/fr\/product\/anti-interference-antenna-and-receiver-series-and-dr65\/","title":{"rendered":"AND-DR65 Anti-interference antenna and receiver series"},"content":{"rendered":"<p>Indicateurs de performance du produit<br \/>\nTemp\u00e9rature de fonctionnement: -40\u00b0C ~ 85\u00b0C<br \/>\nTemp\u00e9rature de stockage: -45 \u00b0 C ~ 85 \u00b0 C<br \/>\nVoltage: 9V ~ 36V<br \/>\nConsommation d'\u00e9nergie: \u22648.0W<br \/>\nVolume: \u226465mm \u00d7 65mm \u00d7 30mm<br \/>\nPoids: \u2264 160g<br \/>\nInterface de communication: R5422<\/p>","protected":false},"excerpt":{"rendered":"<p>Le r\u00e9cepteur anti-interf\u00e9rence ultra-compact AND-DR65 int\u00e8gre un r\u00e9cepteur anti-interf\u00e9rence d'antenne \u00e0 4 canaux et \u00e0 haute performance, qui peut recevoir des signaux de point de fr\u00e9quence BDS B11 et GP5 L1, qui peuvent r\u00e9pondre aux exigences techniques de divers porteurs hautement dynamiques et d'applications hautement dynamiques, et r\u00e9alise la conception int\u00e9gr\u00e9e de la source de vibration d'antenne, de la RF, du module anti-interf\u00e9rence, de la bande de base du r\u00e9cepteur satellite et de la solution dans une tr\u00e8s petite taille, et r\u00e9pond aux besoins d'applications \u00e0 haute fiabilit\u00e9 et \u00e0 faible co\u00fbt.<\/p>\n<p>Il a la capacit\u00e9 de r\u00e9sister \u00e0 toutes sortes d'interf\u00e9rences supprim\u00e9es, y compris, mais sans s'y limiter, une seule porteuse, une fr\u00e9quence balay\u00e9e, une impulsion, une modulation \u00e0 large bande, une onde \u00e0 dents de scie, une onde triangulaire et d'autres types d'interf\u00e9rences et toute combinaison d'interf\u00e9rences.<\/p>\n<p>&nbsp;<\/p>","protected":false},"featured_media":2937,"comment_status":"closed","ping_status":"closed","template":"","meta":[],"product_brand":[],"product_cat":[26],"product_tag":[],"class_list":{"0":"post-2936","1":"product","2":"type-product","3":"status-publish","4":"has-post-thumbnail","6":"product_cat-imu-mems-ins","8":"first","9":"instock","10":"shipping-taxable","11":"product-type-simple"},"_links":{"self":[{"href":"https:\/\/www.andelutech.com\/fr\/wp-json\/wp\/v2\/product\/2936","targetHints":{"allow":["GET"]}}],"collection":[{"href":"https:\/\/www.andelutech.com\/fr\/wp-json\/wp\/v2\/product"}],"about":[{"href":"https:\/\/www.andelutech.com\/fr\/wp-json\/wp\/v2\/types\/product"}],"replies":[{"embeddable":true,"href":"https:\/\/www.andelutech.com\/fr\/wp-json\/wp\/v2\/comments?post=2936"}],"wp:featuredmedia":[{"embeddable":true,"href":"https:\/\/www.andelutech.com\/fr\/wp-json\/wp\/v2\/media\/2937"}],"wp:attachment":[{"href":"https:\/\/www.andelutech.com\/fr\/wp-json\/wp\/v2\/media?parent=2936"}],"wp:term":[{"taxonomy":"product_brand","embeddable":true,"href":"https:\/\/www.andelutech.com\/fr\/wp-json\/wp\/v2\/product_brand?post=2936"},{"taxonomy":"product_cat","embeddable":true,"href":"https:\/\/www.andelutech.com\/fr\/wp-json\/wp\/v2\/product_cat?post=2936"},{"taxonomy":"product_tag","embeddable":true,"href":"https:\/\/www.andelutech.com\/fr\/wp-json\/wp\/v2\/product_tag?post=2936"}],"curies":[{"name":"wp","href":"https:\/\/api.w.org\/{rel}","templated":true}]}}