{"id":2934,"date":"2025-07-30T10:21:37","date_gmt":"2025-07-30T02:21:37","guid":{"rendered":"https:\/\/www.andelutech.com\/?post_type=product&#038;p=2934"},"modified":"2026-03-26T16:50:14","modified_gmt":"2026-03-26T08:50:14","slug":"miniaturized-high-precision-fiber-combined-inertial-guidance-and-s70","status":"publish","type":"product","link":"https:\/\/www.andelutech.com\/fr\/product\/miniaturized-high-precision-fiber-combined-inertial-guidance-and-s70\/","title":{"rendered":"AND-S70 Miniaturized high-precision fiber combined inertial guidance"},"content":{"rendered":"","protected":false},"excerpt":{"rendered":"<p>Le syst\u00e8me de navigation combin\u00e9 int\u00e9gr\u00e9 miniaturis\u00e9 adopte un gyroscope \u00e0 fibre optique, un acc\u00e9l\u00e9rom\u00e8tre flexible \u00e0 quartz, un circuit de conversion IF de haute pr\u00e9cision et un circuit d'acquisition de donn\u00e9es et de traitement du signal bas\u00e9 sur DSP\/FPGA, qui peut mesurer simultan\u00e9ment les informations d'acc\u00e9l\u00e9ration et de vitesse angulaire du porteur dans trois directions. En m\u00eame temps, il dispose d'un r\u00e9cepteur satellite haute performance int\u00e9gr\u00e9 (prenant en charge des antennes doubles), d'une carte informatique et d'une carte d'acquisition d'odom\u00e8tre.<\/p>","protected":false},"featured_media":2935,"comment_status":"closed","ping_status":"closed","template":"","meta":[],"product_brand":[],"product_cat":[26],"product_tag":[],"class_list":{"0":"post-2934","1":"product","2":"type-product","3":"status-publish","4":"has-post-thumbnail","6":"product_cat-imu-mems-ins","8":"first","9":"instock","10":"shipping-taxable","11":"product-type-simple"},"_links":{"self":[{"href":"https:\/\/www.andelutech.com\/fr\/wp-json\/wp\/v2\/product\/2934","targetHints":{"allow":["GET"]}}],"collection":[{"href":"https:\/\/www.andelutech.com\/fr\/wp-json\/wp\/v2\/product"}],"about":[{"href":"https:\/\/www.andelutech.com\/fr\/wp-json\/wp\/v2\/types\/product"}],"replies":[{"embeddable":true,"href":"https:\/\/www.andelutech.com\/fr\/wp-json\/wp\/v2\/comments?post=2934"}],"wp:featuredmedia":[{"embeddable":true,"href":"https:\/\/www.andelutech.com\/fr\/wp-json\/wp\/v2\/media\/2935"}],"wp:attachment":[{"href":"https:\/\/www.andelutech.com\/fr\/wp-json\/wp\/v2\/media?parent=2934"}],"wp:term":[{"taxonomy":"product_brand","embeddable":true,"href":"https:\/\/www.andelutech.com\/fr\/wp-json\/wp\/v2\/product_brand?post=2934"},{"taxonomy":"product_cat","embeddable":true,"href":"https:\/\/www.andelutech.com\/fr\/wp-json\/wp\/v2\/product_cat?post=2934"},{"taxonomy":"product_tag","embeddable":true,"href":"https:\/\/www.andelutech.com\/fr\/wp-json\/wp\/v2\/product_tag?post=2934"}],"curies":[{"name":"wp","href":"https:\/\/api.w.org\/{rel}","templated":true}]}}