{"id":2930,"date":"2025-07-30T09:54:28","date_gmt":"2025-07-30T01:54:28","guid":{"rendered":"https:\/\/www.andelutech.com\/?post_type=product&#038;p=2930"},"modified":"2026-03-26T16:51:48","modified_gmt":"2026-03-26T08:51:48","slug":"miniaturized-high-precision-fiber-combined-inertial-guidance-and-s76","status":"publish","type":"product","link":"https:\/\/www.andelutech.com\/fr\/product\/miniaturized-high-precision-fiber-combined-inertial-guidance-and-s76\/","title":{"rendered":"AND-S76 Miniaturized high-precision fiber combined inertial guidance"},"content":{"rendered":"","protected":false},"excerpt":{"rendered":"<p>Le syst\u00e8me de navigation combin\u00e9 int\u00e9gr\u00e9 miniaturis\u00e9 adopte un gyroscope \u00e0 fibre optique, un circuit de conversion IF \u00e0 haute pr\u00e9cision \u00e0 acc\u00e9l\u00e9rom\u00e8tre flexible \u00e0 quartz et un circuit d'acquisition de donn\u00e9es et de traitement du signal bas\u00e9 sur DSP\/FPGA, qui peut mesurer simultan\u00e9ment l'acc\u00e9l\u00e9ration et les informations de vitesse angulaire dans trois directions du porteur; En m\u00eame temps, il dispose d'un r\u00e9cepteur satellite haute performance int\u00e9gr\u00e9 (prenant en charge des antennes doubles), d'une carte informatique et d'une carte d'acquisition d'odom\u00e8tre.<\/p>\n<p>Il prend en charge l'alignement rapide de la base de perturbation, et la navigation combin\u00e9e d'inertie \/ satellite \/ vitesse des roues \/ vitesse du v\u00e9hicule \/ vision prend en charge le r\u00e9seautage ad hoc, le positionnement de la combinaison de formation, le positionnement relatif et la diff\u00e9rence dynamique Qianxun RTK<\/p>","protected":false},"featured_media":3333,"comment_status":"closed","ping_status":"closed","template":"","meta":[],"product_brand":[],"product_cat":[26],"product_tag":[],"class_list":{"0":"post-2930","1":"product","2":"type-product","3":"status-publish","4":"has-post-thumbnail","6":"product_cat-imu-mems-ins","8":"first","9":"instock","10":"shipping-taxable","11":"product-type-simple"},"_links":{"self":[{"href":"https:\/\/www.andelutech.com\/fr\/wp-json\/wp\/v2\/product\/2930","targetHints":{"allow":["GET"]}}],"collection":[{"href":"https:\/\/www.andelutech.com\/fr\/wp-json\/wp\/v2\/product"}],"about":[{"href":"https:\/\/www.andelutech.com\/fr\/wp-json\/wp\/v2\/types\/product"}],"replies":[{"embeddable":true,"href":"https:\/\/www.andelutech.com\/fr\/wp-json\/wp\/v2\/comments?post=2930"}],"wp:featuredmedia":[{"embeddable":true,"href":"https:\/\/www.andelutech.com\/fr\/wp-json\/wp\/v2\/media\/3333"}],"wp:attachment":[{"href":"https:\/\/www.andelutech.com\/fr\/wp-json\/wp\/v2\/media?parent=2930"}],"wp:term":[{"taxonomy":"product_brand","embeddable":true,"href":"https:\/\/www.andelutech.com\/fr\/wp-json\/wp\/v2\/product_brand?post=2930"},{"taxonomy":"product_cat","embeddable":true,"href":"https:\/\/www.andelutech.com\/fr\/wp-json\/wp\/v2\/product_cat?post=2930"},{"taxonomy":"product_tag","embeddable":true,"href":"https:\/\/www.andelutech.com\/fr\/wp-json\/wp\/v2\/product_tag?post=2930"}],"curies":[{"name":"wp","href":"https:\/\/api.w.org\/{rel}","templated":true}]}}