{"id":2900,"date":"2025-07-07T16:43:19","date_gmt":"2025-07-07T08:43:19","guid":{"rendered":"https:\/\/www.andelutech.com\/?post_type=product&#038;p=2900"},"modified":"2026-03-26T16:53:54","modified_gmt":"2026-03-26T08:53:54","slug":"medium-precision-fiber-optic-combined-inertial-navigation-and-f40","status":"publish","type":"product","link":"https:\/\/www.andelutech.com\/fr\/product\/medium-precision-fiber-optic-combined-inertial-navigation-and-f40\/","title":{"rendered":"AND-F40 Medium Precision Fiber Optic Combined Inertial Navigation"},"content":{"rendered":"","protected":false},"excerpt":{"rendered":"<p>Le syst\u00e8me de navigation haute performance tout-en-un est un syst\u00e8me de navigation int\u00e9gr\u00e9 bas\u00e9 sur un gyroscope \u00e0 fibre optique et un acc\u00e9l\u00e9rom\u00e8tre num\u00e9rique de haute pr\u00e9cision, qui int\u00e8gre une unit\u00e9 IMU, un GNSS, un magn\u00e9tom\u00e8tre, un barom\u00e8tre, un tableau de navigation combin\u00e9, etc. Le produit poss\u00e8de les caract\u00e9ristiques suivantes:<br \/>\nCapteur de fusion \u00e0 sources multiples, inertiel\/GNSS\/magn\u00e9tom\u00e8tre\/barom\u00e8tre\/vitessem\u00e8tre;<br \/>\nVolume 106 mm \u00d7 89 mm \u00d7 73 mm, poids 650 g;<br \/>\nSynchronisation d'horloge stricte;<\/p>","protected":false},"featured_media":3334,"comment_status":"open","ping_status":"closed","template":"","meta":[],"product_brand":[],"product_cat":[26],"product_tag":[],"class_list":{"0":"post-2900","1":"product","2":"type-product","3":"status-publish","4":"has-post-thumbnail","6":"product_cat-imu-mems-ins","8":"first","9":"instock","10":"shipping-taxable","11":"product-type-simple"},"_links":{"self":[{"href":"https:\/\/www.andelutech.com\/fr\/wp-json\/wp\/v2\/product\/2900","targetHints":{"allow":["GET"]}}],"collection":[{"href":"https:\/\/www.andelutech.com\/fr\/wp-json\/wp\/v2\/product"}],"about":[{"href":"https:\/\/www.andelutech.com\/fr\/wp-json\/wp\/v2\/types\/product"}],"replies":[{"embeddable":true,"href":"https:\/\/www.andelutech.com\/fr\/wp-json\/wp\/v2\/comments?post=2900"}],"wp:featuredmedia":[{"embeddable":true,"href":"https:\/\/www.andelutech.com\/fr\/wp-json\/wp\/v2\/media\/3334"}],"wp:attachment":[{"href":"https:\/\/www.andelutech.com\/fr\/wp-json\/wp\/v2\/media?parent=2900"}],"wp:term":[{"taxonomy":"product_brand","embeddable":true,"href":"https:\/\/www.andelutech.com\/fr\/wp-json\/wp\/v2\/product_brand?post=2900"},{"taxonomy":"product_cat","embeddable":true,"href":"https:\/\/www.andelutech.com\/fr\/wp-json\/wp\/v2\/product_cat?post=2900"},{"taxonomy":"product_tag","embeddable":true,"href":"https:\/\/www.andelutech.com\/fr\/wp-json\/wp\/v2\/product_tag?post=2900"}],"curies":[{"name":"wp","href":"https:\/\/api.w.org\/{rel}","templated":true}]}}