{"id":2899,"date":"2025-07-07T16:41:50","date_gmt":"2025-07-07T08:41:50","guid":{"rendered":"https:\/\/www.andelutech.com\/?post_type=product&#038;p=2899"},"modified":"2026-03-26T16:55:29","modified_gmt":"2026-03-26T08:55:29","slug":"miniature-high-precision-fiber-optic-combined-inertial-navigation-and-f70","status":"publish","type":"product","link":"https:\/\/www.andelutech.com\/fr\/product\/miniature-high-precision-fiber-optic-combined-inertial-navigation-and-f70\/","title":{"rendered":"AND-F70 Miniature High Precision Fiber Optic Combined Inertial Navigation"},"content":{"rendered":"","protected":false},"excerpt":{"rendered":"<p>Le syst\u00e8me de d\u00e9tection de vitesse angulaire int\u00e9gr\u00e9 en miniature utilise un gyroscope \u00e0 fibre optique, un acc\u00e9l\u00e9rom\u00e8tre flexible \u00e0 quartz, un circuit de conversion IF de haute pr\u00e9cision et un circuit d'acquisition et de traitement du signal bas\u00e9 sur DSP\/FPGA. Il peut mesurer simultan\u00e9ment l'information d'acc\u00e9l\u00e9ration et de vitesse angulaire du porteur dans trois directions. Il dispose \u00e9galement d'un r\u00e9cepteur satellite haute performance int\u00e9gr\u00e9 (prend en charge des antennes double), d'une carte informatique et d'une carte de collecte d'odom\u00e8tre.<\/p>","protected":false},"featured_media":2887,"comment_status":"open","ping_status":"closed","template":"","meta":[],"product_brand":[],"product_cat":[26],"product_tag":[],"class_list":{"0":"post-2899","1":"product","2":"type-product","3":"status-publish","4":"has-post-thumbnail","6":"product_cat-imu-mems-ins","8":"first","9":"instock","10":"shipping-taxable","11":"product-type-simple"},"_links":{"self":[{"href":"https:\/\/www.andelutech.com\/fr\/wp-json\/wp\/v2\/product\/2899","targetHints":{"allow":["GET"]}}],"collection":[{"href":"https:\/\/www.andelutech.com\/fr\/wp-json\/wp\/v2\/product"}],"about":[{"href":"https:\/\/www.andelutech.com\/fr\/wp-json\/wp\/v2\/types\/product"}],"replies":[{"embeddable":true,"href":"https:\/\/www.andelutech.com\/fr\/wp-json\/wp\/v2\/comments?post=2899"}],"wp:featuredmedia":[{"embeddable":true,"href":"https:\/\/www.andelutech.com\/fr\/wp-json\/wp\/v2\/media\/2887"}],"wp:attachment":[{"href":"https:\/\/www.andelutech.com\/fr\/wp-json\/wp\/v2\/media?parent=2899"}],"wp:term":[{"taxonomy":"product_brand","embeddable":true,"href":"https:\/\/www.andelutech.com\/fr\/wp-json\/wp\/v2\/product_brand?post=2899"},{"taxonomy":"product_cat","embeddable":true,"href":"https:\/\/www.andelutech.com\/fr\/wp-json\/wp\/v2\/product_cat?post=2899"},{"taxonomy":"product_tag","embeddable":true,"href":"https:\/\/www.andelutech.com\/fr\/wp-json\/wp\/v2\/product_tag?post=2899"}],"curies":[{"name":"wp","href":"https:\/\/api.w.org\/{rel}","templated":true}]}}