{"id":2894,"date":"2025-07-07T16:32:50","date_gmt":"2025-07-07T08:32:50","guid":{"rendered":"https:\/\/www.andelutech.com\/?post_type=product&#038;p=2894"},"modified":"2026-03-26T16:58:19","modified_gmt":"2026-03-26T08:58:19","slug":"high-precision-fiber-optic-combined-inertial-navigation-and-f500","status":"publish","type":"product","link":"https:\/\/www.andelutech.com\/fr\/product\/high-precision-fiber-optic-combined-inertial-navigation-and-f500\/","title":{"rendered":"AND-F500High Precision Fiber Optic Combined Inertial Navigation"},"content":{"rendered":"","protected":false},"excerpt":{"rendered":"<p>Le syst\u00e8me de navigation int\u00e9gr\u00e9 utilise des gyroscopes \u00e0 fibre optique, des acc\u00e9l\u00e9rom\u00e8tres flexibles \u00e0 quartz, des circuits de conversion IF de haute pr\u00e9cision et des circuits d &apos; acquisition de donn\u00e9es et de traitement de signaux DSP\/FPGA pour mesurer simultan\u00e9ment l &apos; information sur l &apos; acc\u00e9l\u00e9ration et la vitesse angulaire du porteur dans trois directions; Il dispose \u00e9galement de r\u00e9cepteurs satellite haute performance int\u00e9gr\u00e9s (avec support \u00e0 double antenne), de cartes informatiques et de cartes de collecte d'odom\u00e8tre.<br \/>\nPrend en charge les r\u00e9seaux auto-organisants, le positionnement de formation combin\u00e9e, le positionnement relatif, Qianxun RTK et le diff\u00e9rentiel dynamique.<\/p>","protected":false},"featured_media":3337,"comment_status":"open","ping_status":"closed","template":"","meta":[],"product_brand":[],"product_cat":[26],"product_tag":[],"class_list":{"0":"post-2894","1":"product","2":"type-product","3":"status-publish","4":"has-post-thumbnail","6":"product_cat-imu-mems-ins","8":"first","9":"instock","10":"shipping-taxable","11":"product-type-simple"},"_links":{"self":[{"href":"https:\/\/www.andelutech.com\/fr\/wp-json\/wp\/v2\/product\/2894","targetHints":{"allow":["GET"]}}],"collection":[{"href":"https:\/\/www.andelutech.com\/fr\/wp-json\/wp\/v2\/product"}],"about":[{"href":"https:\/\/www.andelutech.com\/fr\/wp-json\/wp\/v2\/types\/product"}],"replies":[{"embeddable":true,"href":"https:\/\/www.andelutech.com\/fr\/wp-json\/wp\/v2\/comments?post=2894"}],"wp:featuredmedia":[{"embeddable":true,"href":"https:\/\/www.andelutech.com\/fr\/wp-json\/wp\/v2\/media\/3337"}],"wp:attachment":[{"href":"https:\/\/www.andelutech.com\/fr\/wp-json\/wp\/v2\/media?parent=2894"}],"wp:term":[{"taxonomy":"product_brand","embeddable":true,"href":"https:\/\/www.andelutech.com\/fr\/wp-json\/wp\/v2\/product_brand?post=2894"},{"taxonomy":"product_cat","embeddable":true,"href":"https:\/\/www.andelutech.com\/fr\/wp-json\/wp\/v2\/product_cat?post=2894"},{"taxonomy":"product_tag","embeddable":true,"href":"https:\/\/www.andelutech.com\/fr\/wp-json\/wp\/v2\/product_tag?post=2894"}],"curies":[{"name":"wp","href":"https:\/\/api.w.org\/{rel}","templated":true}]}}