{"id":2893,"date":"2025-07-07T16:31:12","date_gmt":"2025-07-07T08:31:12","guid":{"rendered":"https:\/\/www.andelutech.com\/?post_type=product&#038;p=2893"},"modified":"2026-03-26T16:59:14","modified_gmt":"2026-03-26T08:59:14","slug":"mems-combined-inertial-navigation-and-m","status":"publish","type":"product","link":"https:\/\/www.andelutech.com\/fr\/product\/mems-combined-inertial-navigation-and-m\/","title":{"rendered":"AND-M MEMS Combined Inertial Navigation"},"content":{"rendered":"","protected":false},"excerpt":{"rendered":"<p>Syst\u00e8me de navigation inertielle bas\u00e9 sur des gyroscopes MEMS de haute pr\u00e9cision et des acc\u00e9l\u00e9rom\u00e8tres MEMS avec r\u00e9cepteurs satellites int\u00e9gr\u00e9s de haute performance (avec support Dvorak), cartes de calcul et cartes de collecte d'odom\u00e8tres. Le post-traitement prend en charge les stations de base auto-construites et est compatible avec les formats de donn\u00e9es diff\u00e9rentielles des principaux fournisseurs de services diff\u00e9rentiels. Il n'est pas limit\u00e9 par les lignes de base, facile \u00e0 assembler et a une efficacit\u00e9 de travail \u00e9lev\u00e9e.<\/p>\n<p>\u25c6  Soutenir la navigation combin\u00e9e en temps r\u00e9el et le post-traitement des donn\u00e9es, le stockage des donn\u00e9es dans l'espace 8G;<\/p>","protected":false},"featured_media":3340,"comment_status":"open","ping_status":"closed","template":"","meta":[],"product_brand":[],"product_cat":[26],"product_tag":[],"class_list":{"0":"post-2893","1":"product","2":"type-product","3":"status-publish","4":"has-post-thumbnail","6":"product_cat-imu-mems-ins","8":"first","9":"instock","10":"shipping-taxable","11":"product-type-simple"},"_links":{"self":[{"href":"https:\/\/www.andelutech.com\/fr\/wp-json\/wp\/v2\/product\/2893","targetHints":{"allow":["GET"]}}],"collection":[{"href":"https:\/\/www.andelutech.com\/fr\/wp-json\/wp\/v2\/product"}],"about":[{"href":"https:\/\/www.andelutech.com\/fr\/wp-json\/wp\/v2\/types\/product"}],"replies":[{"embeddable":true,"href":"https:\/\/www.andelutech.com\/fr\/wp-json\/wp\/v2\/comments?post=2893"}],"wp:featuredmedia":[{"embeddable":true,"href":"https:\/\/www.andelutech.com\/fr\/wp-json\/wp\/v2\/media\/3340"}],"wp:attachment":[{"href":"https:\/\/www.andelutech.com\/fr\/wp-json\/wp\/v2\/media?parent=2893"}],"wp:term":[{"taxonomy":"product_brand","embeddable":true,"href":"https:\/\/www.andelutech.com\/fr\/wp-json\/wp\/v2\/product_brand?post=2893"},{"taxonomy":"product_cat","embeddable":true,"href":"https:\/\/www.andelutech.com\/fr\/wp-json\/wp\/v2\/product_cat?post=2893"},{"taxonomy":"product_tag","embeddable":true,"href":"https:\/\/www.andelutech.com\/fr\/wp-json\/wp\/v2\/product_tag?post=2893"}],"curies":[{"name":"wp","href":"https:\/\/api.w.org\/{rel}","templated":true}]}}