{"id":2891,"date":"2025-07-07T16:22:28","date_gmt":"2025-07-07T08:22:28","guid":{"rendered":"https:\/\/www.andelutech.com\/?post_type=product&#038;p=2891"},"modified":"2026-03-26T17:00:02","modified_gmt":"2026-03-26T09:00:02","slug":"imu-and-f10r","status":"publish","type":"product","link":"https:\/\/www.andelutech.com\/fr\/product\/imu-and-f10r\/","title":{"rendered":"AND-F10R IMU"},"content":{"rendered":"","protected":false},"excerpt":{"rendered":"<p>Le produit F10R dispose d'un gyroscope miniature \u00e0 fibre optique \u00e0 3 axes int\u00e9gr\u00e9, d'un acc\u00e9l\u00e9rom\u00e8tre MEMS de haute pr\u00e9cision, d'une alimentation secondaire et d'un ordinateur de navigation, qui peuvent fournir des informations de positionnement et d'orientation pr\u00e9cises. La conception interne de r\u00e9duction des vibrations en caoutchouc de silicone peut s'adapter \u00e0 l'environnement de vibration et de choc des drones et d'autres a\u00e9ronefs.<\/p>\n<p><strong><b>Indicateurs de performance du produit<\/b><\/strong><\/p>\n<p>Temp\u00e9rature de fonctionnement: -40 \u2103 ~ 65 \u2103<\/p>\n<p>Temp\u00e9rature de stockage: -45 \u2103 ~ 70 \u2103<\/p>\n<p>Voltage: 5 V \u00b1 0. 25 V<\/p>\n<p>Consommation d'\u00e9nergie: \u2264 5. 0W<\/p>\n<p>Volume: \u2264 87 mm \u00d7 81 mm \u00d7 56 mm<\/p>\n<p>Poids: \u2264 400 g<\/p>\n<p>Vibration: Grms = 6,06 G, plage de fr\u00e9quences 10Hz ~ 2000Hz<\/p>\n<p>\u00c9quipement de communication: RS232, RS422<\/p>","protected":false},"featured_media":2883,"comment_status":"open","ping_status":"closed","template":"","meta":[],"product_brand":[],"product_cat":[26],"product_tag":[],"class_list":{"0":"post-2891","1":"product","2":"type-product","3":"status-publish","4":"has-post-thumbnail","6":"product_cat-imu-mems-ins","8":"first","9":"instock","10":"shipping-taxable","11":"product-type-simple"},"_links":{"self":[{"href":"https:\/\/www.andelutech.com\/fr\/wp-json\/wp\/v2\/product\/2891","targetHints":{"allow":["GET"]}}],"collection":[{"href":"https:\/\/www.andelutech.com\/fr\/wp-json\/wp\/v2\/product"}],"about":[{"href":"https:\/\/www.andelutech.com\/fr\/wp-json\/wp\/v2\/types\/product"}],"replies":[{"embeddable":true,"href":"https:\/\/www.andelutech.com\/fr\/wp-json\/wp\/v2\/comments?post=2891"}],"wp:featuredmedia":[{"embeddable":true,"href":"https:\/\/www.andelutech.com\/fr\/wp-json\/wp\/v2\/media\/2883"}],"wp:attachment":[{"href":"https:\/\/www.andelutech.com\/fr\/wp-json\/wp\/v2\/media?parent=2891"}],"wp:term":[{"taxonomy":"product_brand","embeddable":true,"href":"https:\/\/www.andelutech.com\/fr\/wp-json\/wp\/v2\/product_brand?post=2891"},{"taxonomy":"product_cat","embeddable":true,"href":"https:\/\/www.andelutech.com\/fr\/wp-json\/wp\/v2\/product_cat?post=2891"},{"taxonomy":"product_tag","embeddable":true,"href":"https:\/\/www.andelutech.com\/fr\/wp-json\/wp\/v2\/product_tag?post=2891"}],"curies":[{"name":"wp","href":"https:\/\/api.w.org\/{rel}","templated":true}]}}