{"id":2890,"date":"2025-07-07T16:16:46","date_gmt":"2025-07-07T08:16:46","guid":{"rendered":"https:\/\/www.andelutech.com\/?post_type=product&#038;p=2890"},"modified":"2026-03-26T17:01:48","modified_gmt":"2026-03-26T09:01:48","slug":"imu-and-f10a","status":"publish","type":"product","link":"https:\/\/www.andelutech.com\/fr\/product\/imu-and-f10a\/","title":{"rendered":"AND-F10A IMU"},"content":{"rendered":"","protected":false},"excerpt":{"rendered":"<p>Le produit F10 est \u00e9quip\u00e9 d'un gyroscope en fibre optique miniature int\u00e9gr\u00e9 \u00e0 3 axes, d'un acc\u00e9l\u00e9rom\u00e8tre MEMS de haute pr\u00e9cision, d'une alimentation secondaire et d'un ordinateur de navigation pour fournir des informations de positionnement et d'orientation pr\u00e9cises.<\/p>\n<p>Temp\u00e9rature de fonctionnement: -40 \u2103 ~ 65 \u2103, Temp\u00e9rature de stockage: -45 \u2103 ~ 70 \u2103, Voltage: 5 V \u00b1 0. 25 V<\/p>\n<p>Consommation d'\u00e9nergie: \u2264 5. 0W, Volume: \u2264 73 mm \u00d7 67 mm \u00d7 49 mm, Poids: \u2264 280 g, Interface de communication: RS232, RS422<\/p>","protected":false},"featured_media":3339,"comment_status":"open","ping_status":"closed","template":"","meta":[],"product_brand":[],"product_cat":[26],"product_tag":[],"class_list":{"0":"post-2890","1":"product","2":"type-product","3":"status-publish","4":"has-post-thumbnail","6":"product_cat-imu-mems-ins","8":"first","9":"instock","10":"shipping-taxable","11":"product-type-simple"},"_links":{"self":[{"href":"https:\/\/www.andelutech.com\/fr\/wp-json\/wp\/v2\/product\/2890","targetHints":{"allow":["GET"]}}],"collection":[{"href":"https:\/\/www.andelutech.com\/fr\/wp-json\/wp\/v2\/product"}],"about":[{"href":"https:\/\/www.andelutech.com\/fr\/wp-json\/wp\/v2\/types\/product"}],"replies":[{"embeddable":true,"href":"https:\/\/www.andelutech.com\/fr\/wp-json\/wp\/v2\/comments?post=2890"}],"wp:featuredmedia":[{"embeddable":true,"href":"https:\/\/www.andelutech.com\/fr\/wp-json\/wp\/v2\/media\/3339"}],"wp:attachment":[{"href":"https:\/\/www.andelutech.com\/fr\/wp-json\/wp\/v2\/media?parent=2890"}],"wp:term":[{"taxonomy":"product_brand","embeddable":true,"href":"https:\/\/www.andelutech.com\/fr\/wp-json\/wp\/v2\/product_brand?post=2890"},{"taxonomy":"product_cat","embeddable":true,"href":"https:\/\/www.andelutech.com\/fr\/wp-json\/wp\/v2\/product_cat?post=2890"},{"taxonomy":"product_tag","embeddable":true,"href":"https:\/\/www.andelutech.com\/fr\/wp-json\/wp\/v2\/product_tag?post=2890"}],"curies":[{"name":"wp","href":"https:\/\/api.w.org\/{rel}","templated":true}]}}