{"id":2880,"date":"2025-07-07T16:13:59","date_gmt":"2025-07-07T08:13:59","guid":{"rendered":"https:\/\/www.andelutech.com\/?post_type=product&#038;p=2880"},"modified":"2026-01-09T13:12:14","modified_gmt":"2026-01-09T05:12:14","slug":"imu-and-f10","status":"publish","type":"product","link":"https:\/\/www.andelutech.com\/fr\/product\/imu-and-f10\/","title":{"rendered":"AND-F10 IMU"},"content":{"rendered":"","protected":false},"excerpt":{"rendered":"<p>Le syst\u00e8me de navigation int\u00e9gr\u00e9 rentable est un syst\u00e8me de navigation int\u00e9gr\u00e9 bas\u00e9 sur le gyroscope \u00e0 fibre optique et l'acc\u00e9l\u00e9rom\u00e8tre MEMS, qui int\u00e8gre l'IMU haute performance, le GNSS, le magn\u00e9tom\u00e8tre, le barom\u00e8tre, le tableau de navigation, etc. Le produit poss\u00e8de les caract\u00e9ristiques suivantes:<\/p>\n<p>Capteur de fusion multi-source, inertiel\/GNSS\/magn\u00e9tom\u00e8tre\/barom\u00e8tre\/vitessem\u00e8tre;<\/p>\n<p>Petite taille et poids, 460 g;<\/p>\n<p>Indicateurs de performance du produit<\/p>\n<p>Synchronisation d'horloge stricte;<\/p>","protected":false},"featured_media":3341,"comment_status":"open","ping_status":"closed","template":"","meta":[],"product_brand":[],"product_cat":[26],"product_tag":[],"class_list":{"0":"post-2880","1":"product","2":"type-product","3":"status-publish","4":"has-post-thumbnail","6":"product_cat-imu-mems-ins","8":"first","9":"instock","10":"shipping-taxable","11":"product-type-simple"},"_links":{"self":[{"href":"https:\/\/www.andelutech.com\/fr\/wp-json\/wp\/v2\/product\/2880","targetHints":{"allow":["GET"]}}],"collection":[{"href":"https:\/\/www.andelutech.com\/fr\/wp-json\/wp\/v2\/product"}],"about":[{"href":"https:\/\/www.andelutech.com\/fr\/wp-json\/wp\/v2\/types\/product"}],"replies":[{"embeddable":true,"href":"https:\/\/www.andelutech.com\/fr\/wp-json\/wp\/v2\/comments?post=2880"}],"wp:featuredmedia":[{"embeddable":true,"href":"https:\/\/www.andelutech.com\/fr\/wp-json\/wp\/v2\/media\/3341"}],"wp:attachment":[{"href":"https:\/\/www.andelutech.com\/fr\/wp-json\/wp\/v2\/media?parent=2880"}],"wp:term":[{"taxonomy":"product_brand","embeddable":true,"href":"https:\/\/www.andelutech.com\/fr\/wp-json\/wp\/v2\/product_brand?post=2880"},{"taxonomy":"product_cat","embeddable":true,"href":"https:\/\/www.andelutech.com\/fr\/wp-json\/wp\/v2\/product_cat?post=2880"},{"taxonomy":"product_tag","embeddable":true,"href":"https:\/\/www.andelutech.com\/fr\/wp-json\/wp\/v2\/product_tag?post=2880"}],"curies":[{"name":"wp","href":"https:\/\/api.w.org\/{rel}","templated":true}]}}