{"id":2793,"date":"2025-07-01T14:54:37","date_gmt":"2025-07-01T06:54:37","guid":{"rendered":"https:\/\/www.andelutech.com\/?post_type=product&#038;p=2793"},"modified":"2026-03-26T17:15:36","modified_gmt":"2026-03-26T09:15:36","slug":"closed-loop-fiber-optic-gyroscope-and-1280","status":"publish","type":"product","link":"https:\/\/www.andelutech.com\/fr\/product\/closed-loop-fiber-optic-gyroscope-and-1280\/","title":{"rendered":"AND-1280 Closed loop fiber optic gyroscope"},"content":{"rendered":"","protected":false},"excerpt":{"rendered":"<p><strong><b>Indicateurs cl\u00e9s de performance<\/b><\/strong><\/p>\n<p>Stabilit\u00e9 de polarisation z\u00e9ro: \u2264 0,005 \u00b0\/h (100s, 1\u03c3)<\/p>\n<p>R\u00e9p\u00e9tabilit\u00e9 d'\u00e9cart z\u00e9ro: \u2264 0. 004 \u00b0\/h<\/p>\n<p>Stabilit\u00e9 de temp\u00e9rature: \u2264 0,008 \u00b0\/h (100s, 1\u03c3, 0,3 \u2103\/min)<\/p>\n<p>Facteur d'\u00e9chelle non lin\u00e9aire: \u2264 5 ppm<\/p>\n<p>R\u00e9p\u00e9tabilit\u00e9 \u00e0 \u00e9chelle de temp\u00e9rature compl\u00e8te: \u2264 20 ppm (1\u03c3)<\/p>\n<p>Plage dynamique : \u00b1 300 \u00b0\/s<\/p>\n<p>Marche al\u00e9atoire: \u2264 0. 0005 \u00b0\/\u221a h<\/p>\n<p><strong><b>Propri\u00e9t\u00e9s physiques<\/b><\/strong><\/p>\n<p>Dimensions: 120 mm \u00d7 120 mm \u00d7 38 mm<\/p>\n<p>Poids: 820 g \u00b1 20 g<\/p>\n<p><strong><b>Adaptabilit\u00e9 environnementale<\/b><\/strong><\/p>\n<p>Temp\u00e9rature de fonctionnement: -40 \u2103- 65 \u2103<\/p>\n<p>St<span style=\"font-size: 12pt;\">orage temperature:-50 \u00b0C-  75 \u00b0C<\/span><\/p>\n<p><span style=\"font-size: 12pt;\">R\u00e9sistance aux chocs: 20g<\/span><\/p>\n<p><span style=\"font-size: 12pt;\">R\u00e9sistance aux vibrations al\u00e9atoires: 3,2 g<\/span><\/p>\n<p><strong><b>Interface du produit<\/b><\/strong><\/p>\n<p>Exigence d'alimentation: \u00b1 5 V<\/p>\n<p>Formulaire de sortie: sortie RS422<\/p>\n<p><strong><b>Caract\u00e9ristiques du produit<\/b><\/strong><\/p>\n<p>Caract\u00e9ristiques du produit: Opto\u00e9lectronique int\u00e9gr\u00e9e, blindage magn\u00e9tique, conception produite au niveau national<\/p>\n<p>Domaines d'application: navigation et positionnement de haute pr\u00e9cision produits \u00e0 l'\u00e9chelle nationale<\/p>\n<p>&nbsp;<\/p>","protected":false},"featured_media":2775,"comment_status":"open","ping_status":"closed","template":"","meta":[],"product_brand":[],"product_cat":[22],"product_tag":[],"class_list":{"0":"post-2793","1":"product","2":"type-product","3":"status-publish","4":"has-post-thumbnail","6":"product_cat-gyro-sensor","8":"first","9":"instock","10":"shipping-taxable","11":"product-type-simple"},"_links":{"self":[{"href":"https:\/\/www.andelutech.com\/fr\/wp-json\/wp\/v2\/product\/2793","targetHints":{"allow":["GET"]}}],"collection":[{"href":"https:\/\/www.andelutech.com\/fr\/wp-json\/wp\/v2\/product"}],"about":[{"href":"https:\/\/www.andelutech.com\/fr\/wp-json\/wp\/v2\/types\/product"}],"replies":[{"embeddable":true,"href":"https:\/\/www.andelutech.com\/fr\/wp-json\/wp\/v2\/comments?post=2793"}],"wp:featuredmedia":[{"embeddable":true,"href":"https:\/\/www.andelutech.com\/fr\/wp-json\/wp\/v2\/media\/2775"}],"wp:attachment":[{"href":"https:\/\/www.andelutech.com\/fr\/wp-json\/wp\/v2\/media?parent=2793"}],"wp:term":[{"taxonomy":"product_brand","embeddable":true,"href":"https:\/\/www.andelutech.com\/fr\/wp-json\/wp\/v2\/product_brand?post=2793"},{"taxonomy":"product_cat","embeddable":true,"href":"https:\/\/www.andelutech.com\/fr\/wp-json\/wp\/v2\/product_cat?post=2793"},{"taxonomy":"product_tag","embeddable":true,"href":"https:\/\/www.andelutech.com\/fr\/wp-json\/wp\/v2\/product_tag?post=2793"}],"curies":[{"name":"wp","href":"https:\/\/api.w.org\/{rel}","templated":true}]}}