{"id":2791,"date":"2025-07-01T14:43:12","date_gmt":"2025-07-01T06:43:12","guid":{"rendered":"https:\/\/www.andelutech.com\/?post_type=product&#038;p=2791"},"modified":"2026-03-26T17:22:48","modified_gmt":"2026-03-26T09:22:48","slug":"two-axis-closed-loop-fiber-optic-gyroscope-and-320c","status":"publish","type":"product","link":"https:\/\/www.andelutech.com\/fr\/product\/two-axis-closed-loop-fiber-optic-gyroscope-and-320c\/","title":{"rendered":"AND-320C Two-axis closed-loop fiber optic gyroscope"},"content":{"rendered":"","protected":false},"excerpt":{"rendered":"<p><strong><b>Indicateurs cl\u00e9s de performance<\/b><\/strong><\/p>\n<p>Stabilit\u00e9 de polarisation z\u00e9ro: \u2264 0,5 \u00b0\/h (10s, 1\u03c3)<\/p>\n<p>R\u00e9p\u00e9tabilit\u00e9 d'\u00e9cart z\u00e9ro: \u2264 0,5 \u00b0\/h<\/p>\n<p>Stabilit\u00e9 de variation de temp\u00e9rature: \u2264 1,5 \u00b0\/h (10s, 1\u03c3)<\/p>\n<p>Facteur d'\u00e9chelle non lin\u00e9aire: \u2264 50 ppm<\/p>\n<p>R\u00e9p\u00e9tabilit\u00e9 \u00e0 \u00e9chelle de temp\u00e9rature totale: \u2264 300 ppm (1 \u03c3)<\/p>\n<p>Plage dynamique : \u00b1 1000 \u00b0\/s<\/p>\n<p><strong><b>Propri\u00e9t\u00e9s physiques<\/b><\/strong><\/p>\n<p>Dimensions: 79,5 mm x 79,5 mm x 49,8 mm<\/p>\n<p>Poids: 450 g \u00b1 20 g<\/p>\n<p><strong><b>Adaptabilit\u00e9 environnementale<\/b><\/strong><\/p>\n<p>Temp\u00e9rature de fonctionnement: -45 \u2103- 75 \u2103<\/p>\n<p>Temp\u00e9rature de stockage: -55 \u00b0C- 85 \u00b0C<\/p>\n<p>R\u00e9sistance aux chocs: 100g<\/p>\n<p>R\u00e9sistance aux vibrations al\u00e9atoires: 13g<\/p>\n<p>R\u00e9sistance \u00e0 l'acc\u00e9l\u00e9ration: 50g<\/p>\n<p><strong><b>Interface du produit<\/b><\/strong><\/p>\n<p>Exigence d'alimentation: \u00b1 5 V<\/p>\n<p>Formulaire de sortie: sortie RS422<\/p>\n<p><strong><b>Caract\u00e9ristiques du produit<\/b><\/strong><\/p>\n<p>Caract\u00e9ristiques du produit: Ce produit adopte une structure int\u00e9gr\u00e9e opto\u00e9lectronique, tout \u00e0 l'\u00e9tat solide, avec protection de blindage magn\u00e9tique, production int\u00e9rieure \u00e0 100%<\/p>\n<p>Domaines d'application: orientation, attitude<\/p>","protected":false},"featured_media":2779,"comment_status":"open","ping_status":"closed","template":"","meta":[],"product_brand":[],"product_cat":[22],"product_tag":[],"class_list":{"0":"post-2791","1":"product","2":"type-product","3":"status-publish","4":"has-post-thumbnail","6":"product_cat-gyro-sensor","8":"first","9":"instock","10":"shipping-taxable","11":"product-type-simple"},"_links":{"self":[{"href":"https:\/\/www.andelutech.com\/fr\/wp-json\/wp\/v2\/product\/2791","targetHints":{"allow":["GET"]}}],"collection":[{"href":"https:\/\/www.andelutech.com\/fr\/wp-json\/wp\/v2\/product"}],"about":[{"href":"https:\/\/www.andelutech.com\/fr\/wp-json\/wp\/v2\/types\/product"}],"replies":[{"embeddable":true,"href":"https:\/\/www.andelutech.com\/fr\/wp-json\/wp\/v2\/comments?post=2791"}],"wp:featuredmedia":[{"embeddable":true,"href":"https:\/\/www.andelutech.com\/fr\/wp-json\/wp\/v2\/media\/2779"}],"wp:attachment":[{"href":"https:\/\/www.andelutech.com\/fr\/wp-json\/wp\/v2\/media?parent=2791"}],"wp:term":[{"taxonomy":"product_brand","embeddable":true,"href":"https:\/\/www.andelutech.com\/fr\/wp-json\/wp\/v2\/product_brand?post=2791"},{"taxonomy":"product_cat","embeddable":true,"href":"https:\/\/www.andelutech.com\/fr\/wp-json\/wp\/v2\/product_cat?post=2791"},{"taxonomy":"product_tag","embeddable":true,"href":"https:\/\/www.andelutech.com\/fr\/wp-json\/wp\/v2\/product_tag?post=2791"}],"curies":[{"name":"wp","href":"https:\/\/api.w.org\/{rel}","templated":true}]}}