{"id":2790,"date":"2025-07-01T14:41:14","date_gmt":"2025-07-01T06:41:14","guid":{"rendered":"https:\/\/www.andelutech.com\/?post_type=product&#038;p=2790"},"modified":"2026-03-26T17:23:39","modified_gmt":"2026-03-26T09:23:39","slug":"inertial-navigation-system-and-320a","status":"publish","type":"product","link":"https:\/\/www.andelutech.com\/fr\/product\/inertial-navigation-system-and-320a\/","title":{"rendered":"AND-320A Inertial navigation system"},"content":{"rendered":"","protected":false},"excerpt":{"rendered":"<p><strong><b>Indicateurs cl\u00e9s de performance<\/b><\/strong><\/p>\n<p>Pr\u00e9cision de positionnement \u00e0 un seul point: \u2264 1. 5m (1\u03c3, plan), \u2264 1m (1\u03c3, \u00e9l\u00e9vation)<\/p>\n<p>Pr\u00e9cision de mesure de vitesse: \u2264 0. 05 m\/s<\/p>\n<p>Pr\u00e9cision de mesure de l'angle de direction: \u2264 0.  07 \u00b0 (1\u03c3)<\/p>\n<p>Angle d'attitude horizontale: \u2264 0.  03 \u00b0\u00a0(1 \u03c3)<\/p>\n<p><strong>Indicateurs de performance d'alignement de transfert<\/strong><\/p>\n<p>Pr\u00e9cision de positionnement: \u2264 1. 5m (1\u03c3, plan), \u2264 1m (1\u03c3, \u00e9l\u00e9vation)<\/p>\n<p>Pr\u00e9cision de mesure de vitesse: \u2264 0. 05 m\/s<\/p>\n<p>Pr\u00e9cision de mesure de l'angle de direction: \u2264 0.  07 \u00b0 (1\u03c3)<\/p>\n<p>Pr\u00e9cision de mesure de l'angle d'attitude horizontale: \u2264 0.  03\u00a0\u00b0 (1\u03c3)<\/p>\n<p><strong>Temps d'alignement<\/strong><\/p>\n<p>Temps d'alignement statique de navigation int\u00e9gr\u00e9: \u2264 6 min<\/p>\n<p>Temps d'alignement dynamique de navigation int\u00e9gr\u00e9: \u2264 3 min<\/p>\n<p>Temps d'alignement dynamique: \u2264 3 min<\/p>\n<p><strong>Indice de performance de navigation inertielle pure<\/strong><\/p>\n<p>Pr\u00e9cision de positionnement: \u2264 2 nmil (en 15 minutes)<\/p>\n<p>Pr\u00e9cision de mesure de vitesse: \u2264 0. 2 m\/s (dans les 60 s)<\/p>\n<p>Pr\u00e9cision de mesure de l'angle de direction: \u2264 0,1 \u00b0 (1\u03c3) (dans les 60 s)<\/p>\n<p>Pr\u00e9cision de mesure de l'angle d'attitude horizontale: \u2264 0,03 \u00b0 (1\u03c3) (dans les 60 s)<\/p>\n<p><strong>Propri\u00e9t\u00e9s physiques<\/strong><\/p>\n<p>Dimensions: p88mmx77mm<\/p>\n<p>Poids: \u2264 950 g<\/p>\n<p><strong>Interface du produit<\/strong><\/p>\n<p>Forme d'alimentation: 28V<\/p>\n<p>Formulaire de sortie: sortie RS422<\/p>\n<p><strong>Caract\u00e9ristiques du produit<\/strong><\/p>\n<p>La carte informatique de navigation est s\u00e9par\u00e9e de l'IMU, et la carte informatique IMU peut \u00eatre install\u00e9e au point de mesure et ins\u00e9r\u00e9e dans la cabine \u00e9lectronique pour une alimentation unifi\u00e9e et une transmission de donn\u00e9es: l'IMU a les caract\u00e9ristiques d'une haute int\u00e9gration et d'une haute pr\u00e9cision<\/p>\n<p><strong>Adaptabilit\u00e9 environnementale<\/strong><\/p>\n<p>Temp\u00e9rature de fonctionnement: -55 \u2103 \u2103 ~ 70C<\/p>\n<p>Temp\u00e9rature de stockage: -55 \u2103 \u2103 ~ 70PC<\/p>\n<p>R\u00e9sistance aux chocs: 20g<\/p>\n<p>R\u00e9sistance aux vibrations al\u00e9atoires: 6,06 g<\/p>\n<p>Domaines d'application: faire face aux besoins militaires et civils de positionnement et d'orientation de haute performance<\/p>","protected":false},"featured_media":2778,"comment_status":"open","ping_status":"closed","template":"","meta":[],"product_brand":[],"product_cat":[22],"product_tag":[],"class_list":{"0":"post-2790","1":"product","2":"type-product","3":"status-publish","4":"has-post-thumbnail","6":"product_cat-gyro-sensor","8":"first","9":"instock","10":"shipping-taxable","11":"product-type-simple"},"_links":{"self":[{"href":"https:\/\/www.andelutech.com\/fr\/wp-json\/wp\/v2\/product\/2790","targetHints":{"allow":["GET"]}}],"collection":[{"href":"https:\/\/www.andelutech.com\/fr\/wp-json\/wp\/v2\/product"}],"about":[{"href":"https:\/\/www.andelutech.com\/fr\/wp-json\/wp\/v2\/types\/product"}],"replies":[{"embeddable":true,"href":"https:\/\/www.andelutech.com\/fr\/wp-json\/wp\/v2\/comments?post=2790"}],"wp:featuredmedia":[{"embeddable":true,"href":"https:\/\/www.andelutech.com\/fr\/wp-json\/wp\/v2\/media\/2778"}],"wp:attachment":[{"href":"https:\/\/www.andelutech.com\/fr\/wp-json\/wp\/v2\/media?parent=2790"}],"wp:term":[{"taxonomy":"product_brand","embeddable":true,"href":"https:\/\/www.andelutech.com\/fr\/wp-json\/wp\/v2\/product_brand?post=2790"},{"taxonomy":"product_cat","embeddable":true,"href":"https:\/\/www.andelutech.com\/fr\/wp-json\/wp\/v2\/product_cat?post=2790"},{"taxonomy":"product_tag","embeddable":true,"href":"https:\/\/www.andelutech.com\/fr\/wp-json\/wp\/v2\/product_tag?post=2790"}],"curies":[{"name":"wp","href":"https:\/\/api.w.org\/{rel}","templated":true}]}}