{"id":2788,"date":"2025-07-01T14:32:45","date_gmt":"2025-07-01T06:32:45","guid":{"rendered":"https:\/\/www.andelutech.com\/?post_type=product&#038;p=2788"},"modified":"2026-03-26T17:29:52","modified_gmt":"2026-03-26T09:29:52","slug":"closed-loop-fiber-optic-gyro-and-180","status":"publish","type":"product","link":"https:\/\/www.andelutech.com\/fr\/product\/closed-loop-fiber-optic-gyro-and-180\/","title":{"rendered":"AND-180Closed loop fiber optic gyro"},"content":{"rendered":"","protected":false},"excerpt":{"rendered":"<p><strong>Indicateurs cl\u00e9s de performance<\/strong><\/p>\n<p>Stabilit\u00e9 de polarisation z\u00e9ro: \u2264 0,007 \u00b0\/h (100s, 1\u03c3)<\/p>\n<p>R\u00e9p\u00e9tabilit\u00e9 d'\u00e9cart z\u00e9ro: \u2264 0,01 \u00b0\/h<\/p>\n<p>Stabilit\u00e9 \u00e0 la temp\u00e9rature: \u2264 0,02 \u00b0\/h (100s, 1\u03c3, 0,5 \u00b0C\/min)<\/p>\n<p>Facteur d'\u00e9chelle non lin\u00e9aire: \u2264 10 ppm<\/p>\n<p>R\u00e9p\u00e9tabilit\u00e9 \u00e0 \u00e9chelle de temp\u00e9rature totale: \u2264 30 ppm (1\u03c3)<\/p>\n<p>Plage dynamique : \u00b1 400 \u00b0\/s<\/p>\n<p>Marche al\u00e9atoire: \u2264 0. 001 \u00b0\/\u221a h<\/p>\n<p><strong><b>Propri\u00e9t\u00e9s physiques<\/b><\/strong><\/p>\n<p>Dimensions: 80 mm \u00d7 80 mm \u00d7 35 mm<\/p>\n<p>Poids: 375 g \u00b1 20 g<\/p>\n<p><strong><b>Adaptabilit\u00e9 environnementale<\/b><\/strong><\/p>\n<p>Temp\u00e9rature de travail: -40\u2103- 70\u2103<br \/>\nTemp\u00e9rature de stockage: -55\u2103- 75\u2103<br \/>\nR\u00e9sistance aux chocs: 20g<br \/>\nR\u00e9sistance aux vibrations al\u00e9atoires: 7.4g<\/p>\n<p><strong><b>Interface du produit<\/b><\/strong><\/p>\n<p>Exigence d'alimentation: \u00b1 5 V<\/p>\n<p>Formulaire de sortie: sortie RS422<\/p>\n<p><strong><b>Caract\u00e9ristiques du produit<\/b><\/strong><\/p>\n<p>Conception miniaturis\u00e9e de haute pr\u00e9cision, conception opto\u00e9lectronique int\u00e9gr\u00e9e de blindage magn\u00e9tique;<br \/>\nDomaines d'application: navigation inertielle, positionnement au sol et syst\u00e8mes d'orientation<\/p>","protected":false},"featured_media":2776,"comment_status":"open","ping_status":"closed","template":"","meta":[],"product_brand":[],"product_cat":[22],"product_tag":[],"class_list":{"0":"post-2788","1":"product","2":"type-product","3":"status-publish","4":"has-post-thumbnail","6":"product_cat-gyro-sensor","8":"first","9":"instock","10":"shipping-taxable","11":"product-type-simple"},"_links":{"self":[{"href":"https:\/\/www.andelutech.com\/fr\/wp-json\/wp\/v2\/product\/2788","targetHints":{"allow":["GET"]}}],"collection":[{"href":"https:\/\/www.andelutech.com\/fr\/wp-json\/wp\/v2\/product"}],"about":[{"href":"https:\/\/www.andelutech.com\/fr\/wp-json\/wp\/v2\/types\/product"}],"replies":[{"embeddable":true,"href":"https:\/\/www.andelutech.com\/fr\/wp-json\/wp\/v2\/comments?post=2788"}],"wp:featuredmedia":[{"embeddable":true,"href":"https:\/\/www.andelutech.com\/fr\/wp-json\/wp\/v2\/media\/2776"}],"wp:attachment":[{"href":"https:\/\/www.andelutech.com\/fr\/wp-json\/wp\/v2\/media?parent=2788"}],"wp:term":[{"taxonomy":"product_brand","embeddable":true,"href":"https:\/\/www.andelutech.com\/fr\/wp-json\/wp\/v2\/product_brand?post=2788"},{"taxonomy":"product_cat","embeddable":true,"href":"https:\/\/www.andelutech.com\/fr\/wp-json\/wp\/v2\/product_cat?post=2788"},{"taxonomy":"product_tag","embeddable":true,"href":"https:\/\/www.andelutech.com\/fr\/wp-json\/wp\/v2\/product_tag?post=2788"}],"curies":[{"name":"wp","href":"https:\/\/api.w.org\/{rel}","templated":true}]}}