{"id":2786,"date":"2025-07-01T14:24:31","date_gmt":"2025-07-01T06:24:31","guid":{"rendered":"https:\/\/www.andelutech.com\/?post_type=product&#038;p=2786"},"modified":"2026-03-26T17:31:44","modified_gmt":"2026-03-26T09:31:44","slug":"micro-miniature-photonic-integrated-fiber-optic-gyro-and-109","status":"publish","type":"product","link":"https:\/\/www.andelutech.com\/fr\/product\/micro-miniature-photonic-integrated-fiber-optic-gyro-and-109\/","title":{"rendered":"AND-109 Micro-miniature photonic integrated fiber optic gyro"},"content":{"rendered":"","protected":false},"excerpt":{"rendered":"<p>Indicateurs cl\u00e9s de performance<\/p>\n<p>Stabilit\u00e9 de biais z\u00e9ro: &lt; 10\u00b0\/h (10s, 1\u03c3)<\/p>\n<p>R\u00e9p\u00e9tabilit\u00e9 \u00e0 \u00e9cart z\u00e9ro: \u2264 10 \u00b0\/h<\/p>\n<p>Stabilit\u00e9 de temp\u00e9rature: \u2264 50 \u00b0\/h<\/p>\n<p>Facteur d'\u00e9chelle non lin\u00e9aire: \u2264 5000 ppm<\/p>\n<p>R\u00e9p\u00e9tabilit\u00e9 \u00e0 l'\u00e9chelle de temp\u00e9rature compl\u00e8te: \u2264 5% (p-p)<\/p>\n<p>Plage dynamique : \u00b1 600 \u00b0\/s<\/p>\n<p>Marche al\u00e9atoire: \u00b1 600 \u00b0\/s<\/p>\n<p>Caract\u00e9ristiques physiques<\/p>\n<p>Taille: \u03a6 24 mm \u00d7 50 mm<\/p>\n<p>Poids: 35 g \u00b1 5 g<\/p>\n<p>Adaptabilit\u00e9 environnementale<\/p>\n<p>Temp\u00e9rature de fonctionnement: -50 \u00b0C- 75 \u00b0C<\/p>\n<p>Temp\u00e9rature de stockage: 55 \u00b0C- 85 \u00b0C<\/p>\n<p>R\u00e9sistance aux chocs: 500g<\/p>\n<p>R\u00e9sistance aux vibrations al\u00e9atoires: 20g<\/p>\n<p>R\u00e9sistance \u00e0 l'acc\u00e9l\u00e9ration: 70g<\/p>\n<p>Interface du produit<\/p>\n<p>Exigences d'alimentation: 5V<\/p>\n<p>Forme de sortie: tension analogique<\/p>\n<p>Caract\u00e9ristiques du produit :<\/p>\n<p>Caract\u00e9ristiques du produit: petite taille, faible consommation d'\u00e9nergie, faible co\u00fbt, haute fiabilit\u00e9<\/p>\n<p>Applications: chercheur, contr\u00f4le d'attitude<\/p>","protected":false},"featured_media":2772,"comment_status":"closed","ping_status":"closed","template":"","meta":[],"product_brand":[],"product_cat":[22],"product_tag":[],"class_list":{"0":"post-2786","1":"product","2":"type-product","3":"status-publish","4":"has-post-thumbnail","6":"product_cat-gyro-sensor","8":"first","9":"instock","10":"shipping-taxable","11":"product-type-simple"},"_links":{"self":[{"href":"https:\/\/www.andelutech.com\/fr\/wp-json\/wp\/v2\/product\/2786","targetHints":{"allow":["GET"]}}],"collection":[{"href":"https:\/\/www.andelutech.com\/fr\/wp-json\/wp\/v2\/product"}],"about":[{"href":"https:\/\/www.andelutech.com\/fr\/wp-json\/wp\/v2\/types\/product"}],"replies":[{"embeddable":true,"href":"https:\/\/www.andelutech.com\/fr\/wp-json\/wp\/v2\/comments?post=2786"}],"wp:featuredmedia":[{"embeddable":true,"href":"https:\/\/www.andelutech.com\/fr\/wp-json\/wp\/v2\/media\/2772"}],"wp:attachment":[{"href":"https:\/\/www.andelutech.com\/fr\/wp-json\/wp\/v2\/media?parent=2786"}],"wp:term":[{"taxonomy":"product_brand","embeddable":true,"href":"https:\/\/www.andelutech.com\/fr\/wp-json\/wp\/v2\/product_brand?post=2786"},{"taxonomy":"product_cat","embeddable":true,"href":"https:\/\/www.andelutech.com\/fr\/wp-json\/wp\/v2\/product_cat?post=2786"},{"taxonomy":"product_tag","embeddable":true,"href":"https:\/\/www.andelutech.com\/fr\/wp-json\/wp\/v2\/product_tag?post=2786"}],"curies":[{"name":"wp","href":"https:\/\/api.w.org\/{rel}","templated":true}]}}