{"id":2770,"date":"2025-07-01T14:06:41","date_gmt":"2025-07-01T06:06:41","guid":{"rendered":"https:\/\/www.andelutech.com\/?post_type=product&#038;p=2770"},"modified":"2026-03-26T17:33:37","modified_gmt":"2026-03-26T09:33:37","slug":"closed-loop-fiber-optic-gyro-and-70lm","status":"publish","type":"product","link":"https:\/\/www.andelutech.com\/fr\/product\/closed-loop-fiber-optic-gyro-and-70lm\/","title":{"rendered":"AND-70LM Closed-loop fiber optic gyro"},"content":{"rendered":"","protected":false},"excerpt":{"rendered":"<p><b><\/b><strong><b>Indicateur de performance cl\u00e9<\/b><\/strong><strong><b>rs<\/b><\/strong><\/p>\n<p>Stabilit\u00e9 de polarisation z\u00e9ro: \u2264 0,15 \u00b0\/h (10s, 1\u03c3)<\/p>\n<p>R\u00e9p\u00e9tabilit\u00e9 d'\u00e9cart z\u00e9ro: \u2264 0,15 \u00b0\/h<\/p>\n<p>Stabilit\u00e9 de temp\u00e9rature: \u2264 0. 3\u00b0\/h (10s, 1\u03c3)<\/p>\n<p>Facteur d'\u00e9chelle non lin\u00e9aire: \u2264 50 ppm<\/p>\n<p>R\u00e9p\u00e9tabilit\u00e9 \u00e0 \u00e9chelle de temp\u00e9rature compl\u00e8te: \u2264 200 ppm (1\u03c3)<\/p>\n<p>Plage dynamique : \u00b1 300 \u00b0\/s<\/p>\n<p><b><\/b><strong><b>Propri\u00e9t\u00e9s physiques<\/b><\/strong><\/p>\n<p>Dimensions: 70 mm \u00d7 70 mm \u00d7 32 mm<\/p>\n<p>Poids: 270 g \u00b1 10 g<\/p>\n<p><b><\/b><strong><b>Adaptabilit\u00e9 environnementale<\/b><\/strong><\/p>\n<p>Temp\u00e9rature de fonctionnement: -45 \u2103- 75 \u2103<\/p>\n<p>Temp\u00e9rature de stockage: -55 \u00b0C- 85 \u00b0C<\/p>\n<p>R\u00e9sistance aux chocs: 100g<\/p>\n<p>R\u00e9sistance aux vibrations al\u00e9atoires: 13g<\/p>\n<p>R\u00e9sistance \u00e0 l'acc\u00e9l\u00e9ration: 50g<\/p>\n<p><strong><b>P<\/b><\/strong><strong><b>roduct Interface<\/b><\/strong><\/p>\n<p>Exigence d'alimentation: \u00b1 5 V<\/p>\n<p>Formulaire de sortie: sortie RS422<\/p>\n<p><b><\/b><strong><b>Caract\u00e9ristiques du produit<\/b><\/strong><\/p>\n<p>Caract\u00e9ristiques du produit: Ce produit adopte une structure int\u00e9gr\u00e9e opto\u00e9lectronique, tout \u00e0 l'\u00e9tat solide, et a une protection de blindage magn\u00e9tique<\/p>\n<p>Domaines d'application: exploration de mines de charbon<\/p>\n<p>&nbsp;<\/p>","protected":false},"featured_media":2771,"comment_status":"open","ping_status":"closed","template":"","meta":[],"product_brand":[],"product_cat":[22],"product_tag":[],"class_list":{"0":"post-2770","1":"product","2":"type-product","3":"status-publish","4":"has-post-thumbnail","6":"product_cat-gyro-sensor","8":"first","9":"instock","10":"shipping-taxable","11":"product-type-simple"},"_links":{"self":[{"href":"https:\/\/www.andelutech.com\/fr\/wp-json\/wp\/v2\/product\/2770","targetHints":{"allow":["GET"]}}],"collection":[{"href":"https:\/\/www.andelutech.com\/fr\/wp-json\/wp\/v2\/product"}],"about":[{"href":"https:\/\/www.andelutech.com\/fr\/wp-json\/wp\/v2\/types\/product"}],"replies":[{"embeddable":true,"href":"https:\/\/www.andelutech.com\/fr\/wp-json\/wp\/v2\/comments?post=2770"}],"wp:featuredmedia":[{"embeddable":true,"href":"https:\/\/www.andelutech.com\/fr\/wp-json\/wp\/v2\/media\/2771"}],"wp:attachment":[{"href":"https:\/\/www.andelutech.com\/fr\/wp-json\/wp\/v2\/media?parent=2770"}],"wp:term":[{"taxonomy":"product_brand","embeddable":true,"href":"https:\/\/www.andelutech.com\/fr\/wp-json\/wp\/v2\/product_brand?post=2770"},{"taxonomy":"product_cat","embeddable":true,"href":"https:\/\/www.andelutech.com\/fr\/wp-json\/wp\/v2\/product_cat?post=2770"},{"taxonomy":"product_tag","embeddable":true,"href":"https:\/\/www.andelutech.com\/fr\/wp-json\/wp\/v2\/product_tag?post=2770"}],"curies":[{"name":"wp","href":"https:\/\/api.w.org\/{rel}","templated":true}]}}