{"id":2442,"date":"2025-05-23T15:40:57","date_gmt":"2025-05-23T07:40:57","guid":{"rendered":"https:\/\/www.andelutech.com\/?post_type=product&#038;p=2442"},"modified":"2026-03-26T17:35:19","modified_gmt":"2026-03-26T09:35:19","slug":"and-ts-5148cu","status":"publish","type":"product","link":"https:\/\/www.andelutech.com\/fr\/product\/and-ts-5148cu\/","title":{"rendered":"AND-TS-5148CU"},"content":{"rendered":"","protected":false},"excerpt":{"rendered":"<p><strong><b>Introduction <\/b><\/strong><\/p>\n<p><strong><b>Description du produit<\/b><\/strong><\/p>\n<p>AND-TS-5148CU COURANT Axe unique\u00a0<a href=\"https:\/\/www.ericcointernational.com\/inclinomter\/\">Compteur d'inclinaison<\/a>\u00a0est un petit volume D'INCLINAISON de sortie de courant \u00e0 axe mems \u00e0 petit Volume, Le Courant de sortie de 4 ~ 20mA, 0 ~ 20mA, 0 ~ 24mA est facultatif. En raison du dispositif d'inclinaison du processus de production micro-\u00e9lectrom\u00e9canique int\u00e9gr\u00e9, le produit est de petite taille, faible en consommation d'\u00e9nergie, la temp\u00e9rature de travail de qualit\u00e9 industrielle est de -40 ~ + 85 \u2103 et la transmission \u00e0 longue distance peut atteindre plus de 2500 m\u00e8tres. La forte capacit\u00e9 \u00e0 r\u00e9sister aux interf\u00e9rences \u00e9lectromagn\u00e9tiques externes le rend adapt\u00e9 \u00e0 un travail \u00e0 long terme dans des environnements industriels s\u00e9v\u00e8res.<\/p>\n<p>Le produit adopte le principe de la mesure sans contact, qui peut produire l'attitude actuelle et l'angle d'inclinaison en temps r\u00e9el avec une pr\u00e9cision allant jusqu'\u00e0 0,3 \u00b0. Il est simple \u00e0 utiliser, et il n'est pas n\u00e9cessaire de trouver les deux surfaces avec des changements relatifs, c'est donc le choix id\u00e9al de l'\u00e9quipement industriel et de la mesure de l'attitude de la plate-forme.<\/p>\n<p><strong><b>Caract\u00e9ristiques<\/b><\/strong><\/p>\n<p>Surveillance d'inclinaison d'un seul axe<\/p>\n<p>Pr\u00e9cision compl\u00e8te de 0,3 \u00b0, r\u00e9solution 0,05 \u00b0<\/p>\n<p>Sortie 4 ~ 20mA, 0 ~ 20mA, 0 ~ 24mA<\/p>\n<p>Entr\u00e9e de tension large DC 9 ~ 36V<\/p>\n<p>Temp\u00e9rature large fonctionnant -40 ~ + 85 \u2103<\/p>\n<p>Plage de mesure: 0 ~ \u00b1 180 \u00b0 (facultatif)<\/p>\n<p>R\u00e9sistance \u00e9lev\u00e9e aux vibrations&gt; 2500 g<\/p>\n<p>Protection IP67<\/p>\n<p>Dessin industriel<\/p>\n<p>Petit volume (55 * 37 * 24 mm) (personnalisable)<\/p>","protected":false},"featured_media":3342,"comment_status":"open","ping_status":"closed","template":"","meta":[],"product_brand":[],"product_cat":[24],"product_tag":[],"class_list":{"0":"post-2442","1":"product","2":"type-product","3":"status-publish","4":"has-post-thumbnail","6":"product_cat-tilt-sensor","8":"first","9":"instock","10":"shipping-taxable","11":"product-type-simple"},"_links":{"self":[{"href":"https:\/\/www.andelutech.com\/fr\/wp-json\/wp\/v2\/product\/2442","targetHints":{"allow":["GET"]}}],"collection":[{"href":"https:\/\/www.andelutech.com\/fr\/wp-json\/wp\/v2\/product"}],"about":[{"href":"https:\/\/www.andelutech.com\/fr\/wp-json\/wp\/v2\/types\/product"}],"replies":[{"embeddable":true,"href":"https:\/\/www.andelutech.com\/fr\/wp-json\/wp\/v2\/comments?post=2442"}],"wp:featuredmedia":[{"embeddable":true,"href":"https:\/\/www.andelutech.com\/fr\/wp-json\/wp\/v2\/media\/3342"}],"wp:attachment":[{"href":"https:\/\/www.andelutech.com\/fr\/wp-json\/wp\/v2\/media?parent=2442"}],"wp:term":[{"taxonomy":"product_brand","embeddable":true,"href":"https:\/\/www.andelutech.com\/fr\/wp-json\/wp\/v2\/product_brand?post=2442"},{"taxonomy":"product_cat","embeddable":true,"href":"https:\/\/www.andelutech.com\/fr\/wp-json\/wp\/v2\/product_cat?post=2442"},{"taxonomy":"product_tag","embeddable":true,"href":"https:\/\/www.andelutech.com\/fr\/wp-json\/wp\/v2\/product_tag?post=2442"}],"curies":[{"name":"wp","href":"https:\/\/api.w.org\/{rel}","templated":true}]}}