{"id":2439,"date":"2025-05-23T15:39:12","date_gmt":"2025-05-23T07:39:12","guid":{"rendered":"https:\/\/www.andelutech.com\/?post_type=product&#038;p=2439"},"modified":"2026-01-14T09:48:35","modified_gmt":"2026-01-14T01:48:35","slug":"low-cost-single-axis-tilt-sensor-digital-output-5146di","status":"publish","type":"product","link":"https:\/\/www.andelutech.com\/fr\/product\/low-cost-single-axis-tilt-sensor-digital-output-5146di\/","title":{"rendered":"AND-TS-5146DI Low Cost Single Axis Tilt Sensor Digital Output"},"content":{"rendered":"","protected":false},"excerpt":{"rendered":"<p><strong><b>Introduction<\/b><\/strong><\/p>\n<p>Le compteur d'inclinaison num\u00e9rique And-TS-5146DI num\u00e9rique est une nouvelle g\u00e9n\u00e9ration de capteur d'inclinaison num\u00e9rique de petit volume de petit volume avec un unit\u00e9 d'inclinaison de gravit\u00e9 \u00e0 double canal int\u00e9gr\u00e9e convertit le changement d'inclinaison en mesurant l'acc\u00e9l\u00e9ration gravitationnelle statique. Ainsi, la sortie du capteur peut \u00eatre mesur\u00e9e par rapport \u00e0 l'inclinaison et \u00e0 l'angle de tangage du plan horizontal. Le mode de sortie a RS232, RS485 ou TTL, interface de niveau Modbus \u00e0 choisir. En raison du syst\u00e8me de contr\u00f4le MCU int\u00e9gr\u00e9, la lin\u00e9arit\u00e9 de sortie du capteur a \u00e9t\u00e9 corrig\u00e9e deux fois pour compenser la perte de pr\u00e9cision caus\u00e9e par le manque de correction analogique.<\/p>\n<p>Le produit adopte la mesure sans contact de la quantit\u00e9 d'origine, qui peut \u00e9tendre l'attitude actuelle et l'inclinaison en temps r\u00e9el. L'op\u00e9ration est simple et il n'est pas n\u00e9cessaire de r\u00e9cup\u00e9rer les deux c\u00f4t\u00e9s du changement. Il peut r\u00e9sister aux interf\u00e9rences \u00e9lectromagn\u00e9tiques externes et s'adapter \u00e0 un environnement industriel s\u00e9v\u00e8re pour les travaux \u00e0 long terme, c'est donc un choix id\u00e9al pour le contr\u00f4le de l'automatisation industrielle et la mesure de l'attitude de la plate-forme.<\/p>\n<p><strong><b>Caract\u00e9ristiques<\/b><\/strong><\/p>\n<p>Surveillance d'inclinaison d'un seul axe<\/p>\n<p>Pr\u00e9cision compl\u00e8te de 0,3 \u00b0, r\u00e9solution 0,05 \u00b0<\/p>\n<p>Fr\u00e9quence de sortie 5 \u00e0 100 Hz (facultatif)<\/p>\n<p>Tension d'entr\u00e9e DC 5V<\/p>\n<p>Temp\u00e9rature large fonctionnant -40 ~ + 85 \u2103<\/p>\n<p>Plage de mesure: 0 ~ \u00b1 180 \u00b0 (facultatif)<\/p>\n<p>R\u00e9sistance \u00e9lev\u00e9e aux vibrations&gt; 2500 g<\/p>\n<p>BAUD Rate2400 ~ 115200 (r\u00e9glable)<\/p>\n<p>Protection IP67<\/p>\n<p>Sortie: rs232 \/RS485\/TTL\/MODBUS (facultatif)<\/p>\n<p>Petit volume (55 * 37 * 24 mm) (personnalisable)<\/p>\n<p><strong><b>Applications<\/b><\/strong><\/p>\n<p>Surveillance des poteaux de tour de ligne \u00e9lectrique haute tension<\/p>\n<p>Positionnement de l'antenne solaire satellite<\/p>\n<p>V\u00e9hicule de travail a\u00e9rien<\/p>\n<p>Machinerie mini\u00e8re, \u00e9quipement d'exploitation d'huile<\/p>\n<p>\u00c9quipement m\u00e9dical<\/p>\n<p>Nivellement de GIMP<\/p>\n<p>Plate-forme de levage hydraulique<\/p>\n<p>Surveillance bas\u00e9e sur l'inclinaison<\/p>\n<p>Contr\u00f4le d'angle de machines de construction<\/p>\n<p>Inspection des ponts et des barrages<\/p>","protected":false},"featured_media":3343,"comment_status":"open","ping_status":"closed","template":"","meta":[],"product_brand":[],"product_cat":[24],"product_tag":[],"class_list":{"0":"post-2439","1":"product","2":"type-product","3":"status-publish","4":"has-post-thumbnail","6":"product_cat-tilt-sensor","8":"first","9":"instock","10":"shipping-taxable","11":"product-type-simple"},"_links":{"self":[{"href":"https:\/\/www.andelutech.com\/fr\/wp-json\/wp\/v2\/product\/2439","targetHints":{"allow":["GET"]}}],"collection":[{"href":"https:\/\/www.andelutech.com\/fr\/wp-json\/wp\/v2\/product"}],"about":[{"href":"https:\/\/www.andelutech.com\/fr\/wp-json\/wp\/v2\/types\/product"}],"replies":[{"embeddable":true,"href":"https:\/\/www.andelutech.com\/fr\/wp-json\/wp\/v2\/comments?post=2439"}],"wp:featuredmedia":[{"embeddable":true,"href":"https:\/\/www.andelutech.com\/fr\/wp-json\/wp\/v2\/media\/3343"}],"wp:attachment":[{"href":"https:\/\/www.andelutech.com\/fr\/wp-json\/wp\/v2\/media?parent=2439"}],"wp:term":[{"taxonomy":"product_brand","embeddable":true,"href":"https:\/\/www.andelutech.com\/fr\/wp-json\/wp\/v2\/product_brand?post=2439"},{"taxonomy":"product_cat","embeddable":true,"href":"https:\/\/www.andelutech.com\/fr\/wp-json\/wp\/v2\/product_cat?post=2439"},{"taxonomy":"product_tag","embeddable":true,"href":"https:\/\/www.andelutech.com\/fr\/wp-json\/wp\/v2\/product_tag?post=2439"}],"curies":[{"name":"wp","href":"https:\/\/api.w.org\/{rel}","templated":true}]}}