{"id":2436,"date":"2025-05-23T15:37:47","date_gmt":"2025-05-23T07:37:47","guid":{"rendered":"https:\/\/www.andelutech.com\/?post_type=product&#038;p=2436"},"modified":"2026-01-09T13:54:29","modified_gmt":"2026-01-09T05:54:29","slug":"low-cost-single-axis-tilt-sensor-canopen-output-5145ca","status":"publish","type":"product","link":"https:\/\/www.andelutech.com\/fr\/product\/low-cost-single-axis-tilt-sensor-canopen-output-5145ca\/","title":{"rendered":"AND-TM-5145CA Low Cost Single Axis Tilt Sensor CANopen Output"},"content":{"rendered":"","protected":false},"excerpt":{"rendered":"<p><strong><b>Introduction<\/b><\/strong><\/p>\n<p>L'inclinom\u00e8tre \u00e0 double axe canopen est un produit sp\u00e9cialement d\u00e9velopp\u00e9 pour le contr\u00f4le du champ industriel. Le produit poss\u00e8de une unit\u00e9 d'inclinaison du processus de production micro-\u00e9lectro-m\u00e9canique int\u00e9gr\u00e9, qui a les caract\u00e9ristiques de petite taille, de faible consommation d'\u00e9nergie et de coh\u00e9rence \u00e9lev\u00e9e et de stabilit\u00e9 du processus micro-\u00e9lectro-m\u00e9canique. Il s'agit d'un module d'inclinaison de qualit\u00e9 industrielle avec une temp\u00e9rature de travail de -40 ~ + 85 \u00b0 C.<\/p>\n<p>Le produit utilise une mesure sans contact de la quantit\u00e9 d'origine et peut produire l'attitude actuelle et l'inclinaison en temps r\u00e9el. L'op\u00e9ration est simple et il n'est pas n\u00e9cessaire de r\u00e9cup\u00e9rer les deux faces des changements relatifs. Il a une forte r\u00e9sistance aux interf\u00e9rences \u00e9lectromagn\u00e9tiques externes et peut s'adapter au travail \u00e0 long terme dans des environnements industriels durs, ce qui en fait un choix id\u00e9al pour le contr\u00f4le de l'automatisation industrielle et la mesure de l'attitude de la plate-forme.<\/p>\n<p><strong><b>Femers<\/b><\/strong><\/p>\n<p>Surveillance d'inclinaison d'un seul axe<\/p>\n<p>Pr\u00e9cision compl\u00e8te de 0,3 \u00b0, r\u00e9solution 0,05 \u00b0<\/p>\n<p>Fr\u00e9quence de sortie 5 \u00e0 100 Hz (facultatif)<\/p>\n<p>Tension d'entr\u00e9e DC 5V<\/p>\n<p>Temp\u00e9rature large fonctionnant -40 ~ + 85 \u2103<\/p>\n<p>Plage de mesure: 0 ~ \u00b1 180 \u00b0 (facultatif)<\/p>\n<p>R\u00e9sistance \u00e9lev\u00e9e aux vibrations&gt; 2500 g<\/p>\n<p>BAUD Rate 100k-500K BPS<\/p>\n<p>Protection IP67<\/p>\n<p>Sortie: canopen<\/p>\n<p>Petit volume (55 * 37 * 24 mm) (personnalisable)<\/p>\n<p><strong><b>Applications<\/b><\/strong><\/p>\n<p>Surveillance de la tour de fil haute tension<\/p>\n<p>Positionnement de l'antenne solaire satellite<\/p>\n<p>Tracteur \u00e9lev\u00e9, machines agricoles profondes et machines miniers<\/p>\n<p>\u00c9quipement d'\u00e9quipement de journalisation de l'huile<\/p>\n<p>Nivellement inclinable<\/p>\n<p>Plate-forme de levage hydraulique<\/p>\n<p>Surveillance de l'inclinaison<\/p>\n<p>Contr\u00f4le d'angle de diverses machines de construction<\/p>\n<p>Inspection des ponts et des barrages<\/p>","protected":false},"featured_media":3367,"comment_status":"open","ping_status":"closed","template":"","meta":[],"product_brand":[],"product_cat":[24],"product_tag":[],"class_list":{"0":"post-2436","1":"product","2":"type-product","3":"status-publish","4":"has-post-thumbnail","6":"product_cat-tilt-sensor","8":"first","9":"instock","10":"shipping-taxable","11":"product-type-simple"},"_links":{"self":[{"href":"https:\/\/www.andelutech.com\/fr\/wp-json\/wp\/v2\/product\/2436","targetHints":{"allow":["GET"]}}],"collection":[{"href":"https:\/\/www.andelutech.com\/fr\/wp-json\/wp\/v2\/product"}],"about":[{"href":"https:\/\/www.andelutech.com\/fr\/wp-json\/wp\/v2\/types\/product"}],"replies":[{"embeddable":true,"href":"https:\/\/www.andelutech.com\/fr\/wp-json\/wp\/v2\/comments?post=2436"}],"wp:featuredmedia":[{"embeddable":true,"href":"https:\/\/www.andelutech.com\/fr\/wp-json\/wp\/v2\/media\/3367"}],"wp:attachment":[{"href":"https:\/\/www.andelutech.com\/fr\/wp-json\/wp\/v2\/media?parent=2436"}],"wp:term":[{"taxonomy":"product_brand","embeddable":true,"href":"https:\/\/www.andelutech.com\/fr\/wp-json\/wp\/v2\/product_brand?post=2436"},{"taxonomy":"product_cat","embeddable":true,"href":"https:\/\/www.andelutech.com\/fr\/wp-json\/wp\/v2\/product_cat?post=2436"},{"taxonomy":"product_tag","embeddable":true,"href":"https:\/\/www.andelutech.com\/fr\/wp-json\/wp\/v2\/product_tag?post=2436"}],"curies":[{"name":"wp","href":"https:\/\/api.w.org\/{rel}","templated":true}]}}