{"id":2433,"date":"2025-05-23T15:36:02","date_gmt":"2025-05-23T07:36:02","guid":{"rendered":"https:\/\/www.andelutech.com\/?post_type=product&#038;p=2433"},"modified":"2026-01-14T09:59:30","modified_gmt":"2026-01-14T01:59:30","slug":"low-cost-voltage-output-single-axis-tilt-sensor-5140vo","status":"publish","type":"product","link":"https:\/\/www.andelutech.com\/fr\/product\/low-cost-voltage-output-single-axis-tilt-sensor-5140vo\/","title":{"rendered":"AND-TS-5140VO Low Cost Voltage Output Single Axis Tilt Sensor"},"content":{"rendered":"","protected":false},"excerpt":{"rendered":"<p><strong><b>Introduction<\/b><\/strong><\/p>\n<p>S\u00e9rie And-TS-5140vo\u00a0<a href=\"https:\/\/www.ericcointernational.com\/inclinomter\/\">capteur d'inclinaison<\/a>\u00a0est une inclination de sortie \u00e0 faible axe unique \u00e0 co\u00fbt \u00e0 faible co\u00fbt\u00a0<a href=\"https:\/\/www.ericcointernational.com\/inclinomter\/\">capteur<\/a>. La tension de sortie est de 0 ~ 5V et 0 ~ 10V est facultative. Il s'adresse principalement au march\u00e9 des applications o\u00f9 le volume et le co\u00fbt sont tr\u00e8s limit\u00e9s. En raison de l'unit\u00e9 d'inclinaison int\u00e9gr\u00e9e d'une nouvelle g\u00e9n\u00e9ration de processus de production MEMS, le produit fini est de petite taille et faible en consommation d'\u00e9nergie. La coh\u00e9rence et la stabilit\u00e9 du processus MEMS sont tr\u00e8s \u00e9lev\u00e9es, et sa temp\u00e9rature de travail atteint un grade industriel -40 ~ + 85 \u2103, qui est un module d'inclinaison rentable.<\/p>\n<p>Le produit adopte le principe de la mesure sans contact, qui peut produire l'attitude actuelle et l'inclinaison en temps r\u00e9el. L'op\u00e9ration est simple, il n'est pas n\u00e9cessaire de rechercher deux faces avec des changements relatifs. Il a les caract\u00e9ristiques d'une petite taille et d'une forte r\u00e9sistance aux chocs et aux vibrations, particuli\u00e8rement adapt\u00e9 aux environnements industriels durs.<\/p>\n<p><strong><b>Femers<\/b><\/strong><\/p>\n<p>Surveillance d'inclinaison d'un seul axe<\/p>\n<p>Pr\u00e9cision compl\u00e8te de 0,3 \u00b0, r\u00e9solution 0,05 \u00b0<\/p>\n<p>Sortie: 0-5v, 0-10v (facultatif)<\/p>\n<p>Entr\u00e9e de tension large DC 9 ~ 36V<\/p>\n<p>Temp\u00e9rature large fonctionnant -40 ~ + 85 \u2103<\/p>\n<p>Plage de mesure: 0 ~ \u00b1 180 \u00b0 (facultatif)<\/p>\n<p>R\u00e9sistance \u00e9lev\u00e9e aux vibrations&gt; 2500 g<\/p>\n<p>Protection IP67<\/p>\n<p>Dessin industriel<\/p>\n<p>Petit volume (55 * 37 * 24 mm) (personnalisable)<\/p>\n<p><strong><b>Applications<\/b><\/strong><\/p>\n<p>Ligne de transmission de puissance intelligente<\/p>\n<p>Camion de travail a\u00e9rien<\/p>\n<p>Tractor, Machinerie agricole en profondeur<\/p>\n<p>Machinerie mini\u00e8re, \u00e9quipement d'exploitation d'huile<\/p>\n<p>\u00c9quipement m\u00e9dical<\/p>\n<p>Nivellement inclinable<\/p>\n<p>Plate-forme de levage hydraulique<\/p>\n<p>Surveillance de l'inclinaison<\/p>\n<p>Contr\u00f4le d'angle de diverses machines de construction<\/p>\n<p>Inspection des ponts et des barrages<\/p>","protected":false},"featured_media":3344,"comment_status":"open","ping_status":"closed","template":"","meta":[],"product_brand":[],"product_cat":[24],"product_tag":[],"class_list":{"0":"post-2433","1":"product","2":"type-product","3":"status-publish","4":"has-post-thumbnail","6":"product_cat-tilt-sensor","8":"first","9":"instock","10":"shipping-taxable","11":"product-type-simple"},"_links":{"self":[{"href":"https:\/\/www.andelutech.com\/fr\/wp-json\/wp\/v2\/product\/2433","targetHints":{"allow":["GET"]}}],"collection":[{"href":"https:\/\/www.andelutech.com\/fr\/wp-json\/wp\/v2\/product"}],"about":[{"href":"https:\/\/www.andelutech.com\/fr\/wp-json\/wp\/v2\/types\/product"}],"replies":[{"embeddable":true,"href":"https:\/\/www.andelutech.com\/fr\/wp-json\/wp\/v2\/comments?post=2433"}],"wp:featuredmedia":[{"embeddable":true,"href":"https:\/\/www.andelutech.com\/fr\/wp-json\/wp\/v2\/media\/3344"}],"wp:attachment":[{"href":"https:\/\/www.andelutech.com\/fr\/wp-json\/wp\/v2\/media?parent=2433"}],"wp:term":[{"taxonomy":"product_brand","embeddable":true,"href":"https:\/\/www.andelutech.com\/fr\/wp-json\/wp\/v2\/product_brand?post=2433"},{"taxonomy":"product_cat","embeddable":true,"href":"https:\/\/www.andelutech.com\/fr\/wp-json\/wp\/v2\/product_cat?post=2433"},{"taxonomy":"product_tag","embeddable":true,"href":"https:\/\/www.andelutech.com\/fr\/wp-json\/wp\/v2\/product_tag?post=2433"}],"curies":[{"name":"wp","href":"https:\/\/api.w.org\/{rel}","templated":true}]}}