{"id":2429,"date":"2025-05-23T15:33:46","date_gmt":"2025-05-23T07:33:46","guid":{"rendered":"https:\/\/www.andelutech.com\/?post_type=product&#038;p=2429"},"modified":"2026-01-09T13:59:38","modified_gmt":"2026-01-09T05:59:38","slug":"low-cost-digital-output-type-two-axis-tilt-sensor-3269di","status":"publish","type":"product","link":"https:\/\/www.andelutech.com\/fr\/product\/low-cost-digital-output-type-two-axis-tilt-sensor-3269di\/","title":{"rendered":"AND-TS-3269DI Low Cost Digital Output Type Two Axis Tilt Sensor"},"content":{"rendered":"","protected":false},"excerpt":{"rendered":"<p><strong><b>Introduction<\/b><\/strong><\/p>\n<p>And-TS-3269DI est un capteur d'inclinaison \u00e0 double axe num\u00e9rique utilis\u00e9 dans le domaine du contr\u00f4le industriel. INT\u00c9RIEUR INT\u00c9RIEUR DE HAUTE PR\u00c9CISION 16BIL A \/D Le convertisseur et l'algorithme de filtrage d'ordre N sont utilis\u00e9s pour mesurer l'angle d'inclinaison et de tangage de la sortie du capteur par rapport au plan horizontal. L'interface de sortie a RS232, RS485, RS422, TTL, PWM, CAN, Modbus \u00e0 choisir.<\/p>\n<p>Le produit est \u00e9quip\u00e9 d'un capteur num\u00e9rique de haute pr\u00e9cision de la soci\u00e9t\u00e9 ADI, qui peut corriger la d\u00e9rive de temp\u00e9rature du\u00a0<a href=\"https:\/\/www.ericcointernational.com\/inclinomter\/\">capteur<\/a>\u00a0selon le changement de temp\u00e9rature de surveillance du capteur de temp\u00e9rature int\u00e9gr\u00e9 pour assurer la r\u00e9p\u00e9tabilit\u00e9 du produit dans des environnements \u00e0 basse et haute temp\u00e9rature. La fr\u00e9quence correspondante de sortie est de 100 Hz, ce qui est un v\u00e9ritable produit industriel, avec des performances fiables et stables, une bonne \u00e9volutivit\u00e9 et une vari\u00e9t\u00e9 d'options de sortie, ce qui le rend adapt\u00e9 \u00e0 divers environnements de contr\u00f4le industriel.<\/p>\n<p><strong><b>Caract\u00e9ristiques<\/b><\/strong><\/p>\n<p>Surveillance de l'inclinaison \u00e0 double axe<\/p>\n<p>Pr\u00e9cision compl\u00e8te de la plage 0,01 \u00b0, r\u00e9solution 0,001 \u00b0<\/p>\n<p>Fr\u00e9quence de sortie 5 \u00e0 100 Hz (facultatif)<\/p>\n<p>Entr\u00e9e de tension large DC 9 ~ 36V<\/p>\n<p>Temp\u00e9rature large fonctionnant -40 ~ + 85 \u2103<\/p>\n<p>Plage de mesure: 0 ~ \u00b1 90 \u00b0 (facultatif)<\/p>\n<p>R\u00e9sistance \u00e9lev\u00e9e aux vibrations&gt; 20000g<\/p>\n<p>Taux en bauds 2400 ~ 115200 (r\u00e9glable)<\/p>\n<p>Protection IP67<\/p>\n<p>Peut sortir rs232 \/RS485\/TTL\/MODBUS (facultatif)<\/p>\n<p>Petit volume (46 * 35 * 8 mm) (personnalisable)<\/p>\n<p><strong><b>Applications<\/b><\/strong><\/p>\n<p>Surveillance des poteaux de tour de ligne \u00e9lectrique haute tension<\/p>\n<p>Positionnement de l'antenne solaire satellite<\/p>\n<p>Chariot AGV<\/p>\n<p>Machinerie mini\u00e8re, \u00e9quipement d'exploitation d'huile<\/p>\n<p>\u00c9quipement m\u00e9dical<\/p>\n<p>Nivellement inclinable<\/p>\n<p>Plate-forme de levage hydraulique<\/p>\n<p>Surveillance de l'inclinaison<\/p>\n<p>Contr\u00f4le d'angle de diverses machines de construction<\/p>\n<p>Inspection des ponts et des barrages<\/p>","protected":false},"featured_media":2431,"comment_status":"open","ping_status":"closed","template":"","meta":[],"product_brand":[],"product_cat":[24],"product_tag":[],"class_list":{"0":"post-2429","1":"product","2":"type-product","3":"status-publish","4":"has-post-thumbnail","6":"product_cat-tilt-sensor","8":"first","9":"instock","10":"shipping-taxable","11":"product-type-simple"},"_links":{"self":[{"href":"https:\/\/www.andelutech.com\/fr\/wp-json\/wp\/v2\/product\/2429","targetHints":{"allow":["GET"]}}],"collection":[{"href":"https:\/\/www.andelutech.com\/fr\/wp-json\/wp\/v2\/product"}],"about":[{"href":"https:\/\/www.andelutech.com\/fr\/wp-json\/wp\/v2\/types\/product"}],"replies":[{"embeddable":true,"href":"https:\/\/www.andelutech.com\/fr\/wp-json\/wp\/v2\/comments?post=2429"}],"wp:featuredmedia":[{"embeddable":true,"href":"https:\/\/www.andelutech.com\/fr\/wp-json\/wp\/v2\/media\/2431"}],"wp:attachment":[{"href":"https:\/\/www.andelutech.com\/fr\/wp-json\/wp\/v2\/media?parent=2429"}],"wp:term":[{"taxonomy":"product_brand","embeddable":true,"href":"https:\/\/www.andelutech.com\/fr\/wp-json\/wp\/v2\/product_brand?post=2429"},{"taxonomy":"product_cat","embeddable":true,"href":"https:\/\/www.andelutech.com\/fr\/wp-json\/wp\/v2\/product_cat?post=2429"},{"taxonomy":"product_tag","embeddable":true,"href":"https:\/\/www.andelutech.com\/fr\/wp-json\/wp\/v2\/product_tag?post=2429"}],"curies":[{"name":"wp","href":"https:\/\/api.w.org\/{rel}","templated":true}]}}