{"id":2426,"date":"2025-05-23T15:29:46","date_gmt":"2025-05-23T07:29:46","guid":{"rendered":"https:\/\/www.andelutech.com\/?post_type=product&#038;p=2426"},"modified":"2026-01-09T14:01:40","modified_gmt":"2026-01-09T06:01:40","slug":"current-output-type-2-axis-tilt-sensor-3268cu","status":"publish","type":"product","link":"https:\/\/www.andelutech.com\/fr\/product\/current-output-type-2-axis-tilt-sensor-3268cu\/","title":{"rendered":"AND-TS-3268CU Current Output Type 2 Axis Tilt Sensor"},"content":{"rendered":"","protected":false},"excerpt":{"rendered":"<p><strong><b>Introduction<\/b><\/strong><\/p>\n<p>And-TS-3268CU est un capteur d'inclinaison de sortie de courant \u00e0 double axe industriel standard. Il y a des courants standard de 4-20 mA, 0-20 mA, 0-24 mA pour choisir, et il peut transmettre 2000 m\u00e8tres de longue distance.<\/p>\n<p>Le produit adopte la technologie de production du capteur MEMS, qui peut compenser avec pr\u00e9cision et corriger les erreurs de temp\u00e9rature et les erreurs lin\u00e9aires. Il a les caract\u00e9ristiques de haute pr\u00e9cision, de petite taille, de technologie d'emballage \u00e9lev\u00e9e, de forte r\u00e9sistance aux vibrations, de fr\u00e9quence anti-radio int\u00e9gr\u00e9e et de circuits d'interf\u00e9rence anti-\u00e9lectromagn\u00e9tiques, qui convient particuli\u00e8rement aux applications souterraines dans des environnements industriels rigoureux tels que les machines d'excavation.<\/p>\n<p><strong><b>Caract\u00e9ristiques<\/b><\/strong><\/p>\n<p>Surveillance de l'inclinaison \u00e0 double axe<\/p>\n<p>Pr\u00e9cision compl\u00e8te de la plage 0,01 \u00b0, r\u00e9solution 0,001 \u00b0<\/p>\n<p>Sortie 4 ~ 20mA, 0 ~ 20mA, 0 ~ 24mA (facultatif)<\/p>\n<p>Entr\u00e9e de tension large DC 9 ~ 36V<\/p>\n<p>Temp\u00e9rature large fonctionnant -40 ~ + 85 \u2103<\/p>\n<p>Plage de mesure: 0 ~ \u00b1 90 \u00b0 (facultatif)<\/p>\n<p>R\u00e9sistance \u00e9lev\u00e9e aux vibrations&gt; 20000g<\/p>\n<p>Protection IP67<\/p>\n<p>Peut sortir RS232 en m\u00eame temps<\/p>\n<p>Petit volume (90 * 40 * 27 mm) (personnalisable)<\/p>\n<p><strong><b>Applications<\/b><\/strong><\/p>\n<p>Surveillance des poteaux de tour de ligne \u00e9lectrique haute tension<\/p>\n<p>Positionnement de l'antenne solaire satellite<\/p>\n<p>Camion de travail a\u00e9rien<\/p>\n<p>Machinerie mini\u00e8re, \u00e9quipement d'exploitation d'huile<\/p>\n<p>\u00c9quipement m\u00e9dical<\/p>\n<p>Nivellement inclinable<\/p>\n<p>Plate-forme de levage hydraulique<\/p>\n<p>Surveillance de l'inclinaison<\/p>\n<p>Contr\u00f4le d'angle de diverses machines de construction<\/p>\n<p>Inspection des ponts et des barrages<\/p>","protected":false},"featured_media":3345,"comment_status":"open","ping_status":"closed","template":"","meta":[],"product_brand":[],"product_cat":[24],"product_tag":[],"class_list":{"0":"post-2426","1":"product","2":"type-product","3":"status-publish","4":"has-post-thumbnail","6":"product_cat-tilt-sensor","8":"first","9":"instock","10":"shipping-taxable","11":"product-type-simple"},"_links":{"self":[{"href":"https:\/\/www.andelutech.com\/fr\/wp-json\/wp\/v2\/product\/2426","targetHints":{"allow":["GET"]}}],"collection":[{"href":"https:\/\/www.andelutech.com\/fr\/wp-json\/wp\/v2\/product"}],"about":[{"href":"https:\/\/www.andelutech.com\/fr\/wp-json\/wp\/v2\/types\/product"}],"replies":[{"embeddable":true,"href":"https:\/\/www.andelutech.com\/fr\/wp-json\/wp\/v2\/comments?post=2426"}],"wp:featuredmedia":[{"embeddable":true,"href":"https:\/\/www.andelutech.com\/fr\/wp-json\/wp\/v2\/media\/3345"}],"wp:attachment":[{"href":"https:\/\/www.andelutech.com\/fr\/wp-json\/wp\/v2\/media?parent=2426"}],"wp:term":[{"taxonomy":"product_brand","embeddable":true,"href":"https:\/\/www.andelutech.com\/fr\/wp-json\/wp\/v2\/product_brand?post=2426"},{"taxonomy":"product_cat","embeddable":true,"href":"https:\/\/www.andelutech.com\/fr\/wp-json\/wp\/v2\/product_cat?post=2426"},{"taxonomy":"product_tag","embeddable":true,"href":"https:\/\/www.andelutech.com\/fr\/wp-json\/wp\/v2\/product_tag?post=2426"}],"curies":[{"name":"wp","href":"https:\/\/api.w.org\/{rel}","templated":true}]}}