{"id":2420,"date":"2025-05-23T15:13:35","date_gmt":"2025-05-23T07:13:35","guid":{"rendered":"https:\/\/www.andelutech.com\/?post_type=product&#038;p=2420"},"modified":"2026-01-09T14:05:48","modified_gmt":"2026-01-09T06:05:48","slug":"digital-type-two-axis-tilt-sensor-3266di","status":"publish","type":"product","link":"https:\/\/www.andelutech.com\/fr\/product\/digital-type-two-axis-tilt-sensor-3266di\/","title":{"rendered":"AND-TS-3266DI Digital Type Two Axis Tilt Sensor"},"content":{"rendered":"","protected":false},"excerpt":{"rendered":"<p><strong><b>Introduction<\/b><\/strong><\/p>\n<p>And-TS-3266DI est un inclinom\u00e8tre en s\u00e9rie \u00e0 double axe con\u00e7u sp\u00e9cifiquement pour le contr\u00f4le industriel \u00e0 l'aide de la technologie MEMS et de la sortie num\u00e9rique. INT\u00c9RIEUR INT\u00c9RIEUR HAUTE PR\u00c9CISION16BIT A \/Ddifferential Convertisseur, via l'algorithme de filtrage n, qui peut mesurer l'angle de sortie du capteur par rapport \u00e0 l'horizon Taltilt et l'inclinaison de pas. Les interfaces de sortie RS485, RS232, RS422, TTL, CAN, Modbus sont facultatives.<\/p>\n<p>Le produit est \u00e9quip\u00e9 d'un capteur num\u00e9rique de haute pr\u00e9cision d'ADI, qui peut corriger la d\u00e9rive de temp\u00e9rature du capteur en fonction du changement de temp\u00e9rature de surveillance du capteur de temp\u00e9rature int\u00e9gr\u00e9 pour assurer la r\u00e9p\u00e9tabilit\u00e9 du produit dans des environnements \u00e0 basse et haute temp\u00e9rature. La fr\u00e9quence de sortie correspondante est de 100 Hz. Le produit fini a des performances fiables et stables, une bonne \u00e9volutivit\u00e9 et une vari\u00e9t\u00e9 d'options de sortie, qui conviennent \u00e0 divers environnements de contr\u00f4le industriel.<\/p>\n<p><strong><b>Caract\u00e9ristiques<\/b><\/strong><\/p>\n<p>Surveillance de l'inclinaison \u00e0 double axe<\/p>\n<p>Pr\u00e9cision compl\u00e8te de la plage 0,01 \u00b0, r\u00e9solution 0,001 \u00b0<\/p>\n<p>Fr\u00e9quence de sortie 5 \u00e0 100 Hz (facultatif)<\/p>\n<p>Entr\u00e9e de tension large DC 9 ~ 36V<\/p>\n<p>Temp\u00e9rature large fonctionnant -40 ~ + 85 \u2103<\/p>\n<p>Plage de mesure: 0 ~ \u00b1 90 \u00b0 (facultatif)<\/p>\n<p>R\u00e9sistance \u00e9lev\u00e9e aux vibrations&gt; 20000g<\/p>\n<p>Taux en bauds 2400 ~ 115200 (r\u00e9glable)<\/p>\n<p>Protection IP67<\/p>\n<p>Peut sortir rs232 \/RS485\/TTL\/MODBUS (facultatif)<\/p>\n<p>Petit volume (90 * 40 * 27 mm) (personnalisable)<\/p>","protected":false},"featured_media":3346,"comment_status":"open","ping_status":"closed","template":"","meta":[],"product_brand":[],"product_cat":[24],"product_tag":[],"class_list":{"0":"post-2420","1":"product","2":"type-product","3":"status-publish","4":"has-post-thumbnail","6":"product_cat-tilt-sensor","8":"first","9":"instock","10":"shipping-taxable","11":"product-type-simple"},"_links":{"self":[{"href":"https:\/\/www.andelutech.com\/fr\/wp-json\/wp\/v2\/product\/2420","targetHints":{"allow":["GET"]}}],"collection":[{"href":"https:\/\/www.andelutech.com\/fr\/wp-json\/wp\/v2\/product"}],"about":[{"href":"https:\/\/www.andelutech.com\/fr\/wp-json\/wp\/v2\/types\/product"}],"replies":[{"embeddable":true,"href":"https:\/\/www.andelutech.com\/fr\/wp-json\/wp\/v2\/comments?post=2420"}],"wp:featuredmedia":[{"embeddable":true,"href":"https:\/\/www.andelutech.com\/fr\/wp-json\/wp\/v2\/media\/3346"}],"wp:attachment":[{"href":"https:\/\/www.andelutech.com\/fr\/wp-json\/wp\/v2\/media?parent=2420"}],"wp:term":[{"taxonomy":"product_brand","embeddable":true,"href":"https:\/\/www.andelutech.com\/fr\/wp-json\/wp\/v2\/product_brand?post=2420"},{"taxonomy":"product_cat","embeddable":true,"href":"https:\/\/www.andelutech.com\/fr\/wp-json\/wp\/v2\/product_cat?post=2420"},{"taxonomy":"product_tag","embeddable":true,"href":"https:\/\/www.andelutech.com\/fr\/wp-json\/wp\/v2\/product_tag?post=2420"}],"curies":[{"name":"wp","href":"https:\/\/api.w.org\/{rel}","templated":true}]}}