{"id":2417,"date":"2025-05-23T15:12:00","date_gmt":"2025-05-23T07:12:00","guid":{"rendered":"https:\/\/www.andelutech.com\/?post_type=product&#038;p=2417"},"modified":"2026-01-09T14:07:44","modified_gmt":"2026-01-09T06:07:44","slug":"canopen-type-dual-axis-tilt-sensor-3265ca","status":"publish","type":"product","link":"https:\/\/www.andelutech.com\/fr\/product\/canopen-type-dual-axis-tilt-sensor-3265ca\/","title":{"rendered":"AND-TS-3265CA CANopen Type Dual Axis Tilt Sensor"},"content":{"rendered":"","protected":false},"excerpt":{"rendered":"<p><strong><b>Introduction<\/b><\/strong><\/p>\n<p>AND-TS-3265CA CANopen output dual axis tilt sensor is specially designed for industrial control field, using industrial standard isolator CAN transceiver, built-in high-precision 16bit A\/D differential converter, through N-order filtering algorithm, so as to measure the\u00a0<a href=\"https:\/\/www.ericcointernational.com\/inclinomter\/\">capteur<\/a>\u00a0sortie par rapport \u00e0 l'inclinaison et \u00e0 l'angle de tangage du plan horizontal.<\/p>\n<p>Le produit poss\u00e8de un capteur de temp\u00e9rature de haute pr\u00e9cision int\u00e9gr\u00e9, qui peut corriger la d\u00e9rive de temp\u00e9rature du capteur en fonction du changement du capteur de temp\u00e9rature int\u00e9gr\u00e9 pour assurer la r\u00e9p\u00e9tabilit\u00e9 \u00e9lev\u00e9e du produit dans un environnement \u00e0 basse temp\u00e9rature ou \u00e0 haute temp\u00e9rature. La norme de fr\u00e9quence de r\u00e9ponse de sortie est jusqu'\u00e0 100 Hz, ce qui convient \u00e0 divers environnements de contr\u00f4le industriel rigoureux.<\/p>\n<p><strong><b>Caract\u00e9ristiques<\/b><\/strong><\/p>\n<p>Surveillance de l'inclinaison \u00e0 double axe<\/p>\n<p>Pr\u00e9cision compl\u00e8te de la plage 0,01 \u00b0, r\u00e9solution 0,001 \u00b0<\/p>\n<p>Fr\u00e9quence de sortie 5 \u00e0 100 Hz (facultatif)<\/p>\n<p>Entr\u00e9e de tension large DC 9 ~ 36V<\/p>\n<p>Temp\u00e9rature large fonctionnant -40 ~ + 85 \u2103<\/p>\n<p>Plage de mesure: 0 ~ \u00b1 90 \u00b0 (facultatif)<\/p>\n<p>R\u00e9sistance \u00e9lev\u00e9e aux vibrations&gt; 20000g<\/p>\n<p>Taux de bauds 100k ~ 500k bps<\/p>\n<p>Protection IP67<\/p>\n<p>Canopen de sortie<\/p>\n<p>Petit volume (90 * 40 * 27 mm) (personnalisable)<\/p>","protected":false},"featured_media":3365,"comment_status":"open","ping_status":"closed","template":"","meta":[],"product_brand":[],"product_cat":[24],"product_tag":[],"class_list":{"0":"post-2417","1":"product","2":"type-product","3":"status-publish","4":"has-post-thumbnail","6":"product_cat-tilt-sensor","8":"first","9":"instock","10":"shipping-taxable","11":"product-type-simple"},"_links":{"self":[{"href":"https:\/\/www.andelutech.com\/fr\/wp-json\/wp\/v2\/product\/2417","targetHints":{"allow":["GET"]}}],"collection":[{"href":"https:\/\/www.andelutech.com\/fr\/wp-json\/wp\/v2\/product"}],"about":[{"href":"https:\/\/www.andelutech.com\/fr\/wp-json\/wp\/v2\/types\/product"}],"replies":[{"embeddable":true,"href":"https:\/\/www.andelutech.com\/fr\/wp-json\/wp\/v2\/comments?post=2417"}],"wp:featuredmedia":[{"embeddable":true,"href":"https:\/\/www.andelutech.com\/fr\/wp-json\/wp\/v2\/media\/3365"}],"wp:attachment":[{"href":"https:\/\/www.andelutech.com\/fr\/wp-json\/wp\/v2\/media?parent=2417"}],"wp:term":[{"taxonomy":"product_brand","embeddable":true,"href":"https:\/\/www.andelutech.com\/fr\/wp-json\/wp\/v2\/product_brand?post=2417"},{"taxonomy":"product_cat","embeddable":true,"href":"https:\/\/www.andelutech.com\/fr\/wp-json\/wp\/v2\/product_cat?post=2417"},{"taxonomy":"product_tag","embeddable":true,"href":"https:\/\/www.andelutech.com\/fr\/wp-json\/wp\/v2\/product_tag?post=2417"}],"curies":[{"name":"wp","href":"https:\/\/api.w.org\/{rel}","templated":true}]}}