{"id":2414,"date":"2025-05-23T15:10:38","date_gmt":"2025-05-23T07:10:38","guid":{"rendered":"https:\/\/www.andelutech.com\/?post_type=product&#038;p=2414"},"modified":"2026-03-26T17:51:15","modified_gmt":"2026-03-26T09:51:15","slug":"digital-output-type-2-axis-tilt-sensor3262di","status":"publish","type":"product","link":"https:\/\/www.andelutech.com\/fr\/product\/digital-output-type-2-axis-tilt-sensor3262di\/","title":{"rendered":"AND-TS-3262DI Digital Output Type 2 Axis Tilt Sensor"},"content":{"rendered":"<table width=\"730\">\n<tbody>\n<tr>\n<td width=\"204\">Param\u00e8tres<\/td>\n<td width=\"86\">Condition<\/td>\n<td width=\"99\">AND-TM-3262DL10<\/td>\n<td width=\"100\">AND-TM-3262DL30<\/td>\n<td width=\"97\">AND-TM-3262D-60<\/td>\n<td width=\"98\">AND-TM-3262DI90<\/td>\n<td width=\"43\">Unit\u00e9<\/td>\n<\/tr>\n<tr>\n<td width=\"204\">Plage de mesures<\/td>\n<td width=\"86\">\/<\/td>\n<td width=\"99\">\u00b1 10<\/td>\n<td width=\"100\">\u00b1 30<\/td>\n<td width=\"97\">\u00b160<\/td>\n<td width=\"98\">\u00b190<\/td>\n<td width=\"43\">\u3002<\/td>\n<\/tr>\n<tr>\n<td width=\"204\">Measurement axis<\/td>\n<td width=\"86\">1<\/td>\n<td width=\"99\">X,Yaxis<\/td>\n<td width=\"100\">X,Yaxis<\/td>\n<td width=\"97\">X,Yaxis<\/td>\n<td width=\"98\">X,Yaxs<\/td>\n<td width=\"43\">\/<\/td>\n<\/tr>\n<tr>\n<td width=\"204\">D\u00e9rive de temp\u00e9rature z\u00e9ro<\/td>\n<td width=\"86\">-40 \uff5e 85 \u00b0<\/td>\n<td width=\"99\">\u00b10.008<\/td>\n<td width=\"100\">\u00b10.008<\/td>\n<td width=\"97\">\u00b10.008<\/td>\n<td width=\"98\">\u00b10.008<\/td>\n<td width=\"43\">rC<\/td>\n<\/tr>\n<tr>\n<td width=\"204\">Coefficient de temp\u00e9rature de sensibilit\u00e9<\/td>\n<td width=\"86\">40\uff5e85\u00b0<\/td>\n<td width=\"99\">\u2264100<\/td>\n<td width=\"100\">\u2264100<\/td>\n<td width=\"97\">\u2264100<\/td>\n<td width=\"98\">\u2264100<\/td>\n<td width=\"43\">ppm \/ C<\/td>\n<\/tr>\n<tr>\n<td width=\"204\">R\u00e9ponse en fr\u00e9quence<\/td>\n<td width=\"86\">R\u00e9ponse DC<\/td>\n<td width=\"99\">100<\/td>\n<td width=\"100\">100<\/td>\n<td width=\"97\">100<\/td>\n<td width=\"98\">100<\/td>\n<td width=\"43\">HZ<\/td>\n<\/tr>\n<tr>\n<td width=\"204\">R\u00e9solution<\/td>\n<td width=\"86\">\/<\/td>\n<td width=\"99\">0.005<\/td>\n<td width=\"100\">0.005<\/td>\n<td width=\"97\">0.005<\/td>\n<td width=\"98\">0.005<\/td>\n<td width=\"43\">\u3002<\/td>\n<\/tr>\n<tr>\n<td width=\"204\">Pr\u00e9cision<\/td>\n<td width=\"86\">40\uff5e85\u2103<\/td>\n<td width=\"99\">0.02<\/td>\n<td width=\"100\">0.03<\/td>\n<td width=\"97\">0.04<\/td>\n<td width=\"98\">0.05<\/td>\n<td width=\"43\">\u3002<\/td>\n<\/tr>\n<tr>\n<td width=\"204\">Stabilit\u00e9 \u00e0 long terme<\/td>\n<td width=\"86\">40\uff5e85\u2103<\/td>\n<td width=\"99\">&lt;0.023<\/td>\n<td width=\"100\">&lt;0.035<\/td>\n<td width=\"97\">&lt;0.045<\/td>\n<td width=\"98\">&lt;0.054<\/td>\n<td width=\"43\">\u3002<\/td>\n<\/tr>\n<tr>\n<td width=\"204\">Power onstart time<\/td>\n<td width=\"86\">\/<\/td>\n<td width=\"99\">0.2<\/td>\n<td width=\"100\">0.2<\/td>\n<td width=\"97\">0.2<\/td>\n<td width=\"98\">0.2<\/td>\n<td width=\"43\">s<\/td>\n<\/tr>\n<tr>\n<td width=\"204\">Temps de r\u00e9ponse<\/td>\n<td width=\"86\">\/<\/td>\n<td width=\"99\">0.01<\/td>\n<td width=\"100\">0.01<\/td>\n<td width=\"97\">0.01<\/td>\n<td width=\"98\">0.01<\/td>\n<td width=\"43\">S<\/td>\n<\/tr>\n<tr>\n<td width=\"204\">Rate<\/td>\n<td colspan=\"6\" width=\"525\">5Hzoutput\u300115Hz\u300135Hz\u300150Hz canbe set(RS485 without this function)<\/td>\n<\/tr>\n<tr>\n<td width=\"204\">Signal de sortie<\/td>\n<td colspan=\"6\" width=\"525\">RS232\/RS485\/RS422\/TTL\/PWM\/CAN\/MODBUS<\/td>\n<\/tr>\n<tr>\n<td width=\"204\">Temps de travail moyen<\/td>\n<td colspan=\"6\" width=\"525\">\u226545000 hours\/time<\/td>\n<\/tr>\n<tr>\n<td width=\"204\">mpact resistant<\/td>\n<td colspan=\"6\" width=\"525\">20000g,0.5ms,3 times\/axis<\/td>\n<\/tr>\n<tr>\n<td width=\"204\">R\u00e9sistant aux chocs<\/td>\n<td colspan=\"6\" width=\"525\">10grms,10~1000Hz<\/td>\n<\/tr>\n<tr>\n<td width=\"204\">nsulation resistance<\/td>\n<td colspan=\"6\" width=\"525\">\u2265100MQ<\/td>\n<\/tr>\n<tr>\n<td width=\"204\">Niveau \u00e9tanche<\/td>\n<td colspan=\"6\" width=\"525\">IP67<\/td>\n<\/tr>\n<tr>\n<td width=\"204\">C\u00e2ble<\/td>\n<td colspan=\"6\" width=\"525\">Standard 1.5m length,wear resistance,oil proof,wide temperature,shielding cable 4*0.3mm2<\/td>\n<\/tr>\n<tr>\n<td width=\"204\">Poids<\/td>\n<td colspan=\"6\" width=\"525\">10g(excluding boxes)<\/td>\n<\/tr>\n<\/tbody>\n<\/table>","protected":false},"excerpt":{"rendered":"<p><strong><b>Introduction<\/b><\/strong><\/p>\n<p>And-TS-3262DI est un inclinom\u00e8tre en s\u00e9rie \u00e0 double axe avec technologie MEMS et sortie num\u00e9rique con\u00e7ue pour le domaine du contr\u00f4le industriel, 16 bits de haute pr\u00e9cision int\u00e9gr\u00e9s A \/D Convertisseur diff\u00e9rentiel, \u00e0 travers un algorithme de filtrage n, qui peut mesurer l'angle de sortie de sensant relative \u00e0 l'horizon par correspondance et \u00e0 la tendance pitch. L'interface de sortie a RS485, RS232, RS422, TTL, CAN, Modbus \u00e0 choisir.<\/p>\n<p>Le produit est \u00e9quip\u00e9 d'un capteur num\u00e9rique de haute pr\u00e9cision d'ADI, qui peut corriger la d\u00e9rive de temp\u00e9rature du capteur en fonction du changement de temp\u00e9rature de surveillance du capteur de temp\u00e9rature int\u00e9gr\u00e9 pour assurer la r\u00e9p\u00e9tabilit\u00e9 du produit dans des environnements \u00e0 basse et haute temp\u00e9rature. La fr\u00e9quence correspondante de sortie est de 100 Hz, ce qui est un v\u00e9ritable produit industriel, avec des performances fiables et stables, une bonne \u00e9volutivit\u00e9 et une vari\u00e9t\u00e9 d'options de sortie, ce qui le rend adapt\u00e9 \u00e0 divers environnements de contr\u00f4le industriel.<\/p>\n<p><strong><b>Caract\u00e9ristiques<\/b><\/strong><\/p>\n<p>Surveillance de l'inclinaison \u00e0 double axe<\/p>\n<p>Pr\u00e9cision compl\u00e8te de la plage 0,02 \u00b0, r\u00e9solution 0,005 \u00b0<\/p>\n<p>Fr\u00e9quence de sortie 5 \u00e0 100 Hz (facultatif)<\/p>\n<p>Entr\u00e9e de tension large DC 9 \uff5e 36V<\/p>\n<p>Temp\u00e9rature large fonctionnant -40 ~ + 85 \u2103<\/p>\n<p>Plage de mesure: 0 ~ \u00b1 90 \u00b0 (facultatif)<\/p>\n<p>R\u00e9sistance \u00e9lev\u00e9e aux vibrations&gt; 20000g<\/p>\n<p>Taux en bauds 2400 ~ 115200 (r\u00e9glable)<\/p>\n<p>Protection IP67<\/p>\n<p>Peut sortir rs232 \/RS485\/TTL\/MODBUS (facultatif)<\/p>\n<p>Petit volume (46 * 35 * 8 mm) personnalisable<\/p>\n<p><strong><b>Applications<\/b><\/strong><\/p>\n<p>Surveillance des poteaux de tour \u00e0 haute tension<\/p>\n<p>positionnement de l'antenne solaire satellite<\/p>\n<p>Chariot AGV<\/p>\n<p>Machinerie mini\u00e8re, \u00e9quipement d'exploitation d'huile<\/p>\n<p>\u00c9quipement m\u00e9dical<\/p>\n<p>Nivellement inclinable<\/p>\n<p>Plate-forme de levage hydraulique<\/p>\n<p>Surveillance de l'inclinaison<\/p>\n<p>Contr\u00f4le d'angle de diverses machines de construction<\/p>\n<p>Inspection des ponts et des barrages<\/p>","protected":false},"featured_media":2415,"comment_status":"open","ping_status":"closed","template":"","meta":[],"product_brand":[],"product_cat":[24],"product_tag":[],"class_list":{"0":"post-2414","1":"product","2":"type-product","3":"status-publish","4":"has-post-thumbnail","6":"product_cat-tilt-sensor","8":"first","9":"instock","10":"shipping-taxable","11":"product-type-simple"},"_links":{"self":[{"href":"https:\/\/www.andelutech.com\/fr\/wp-json\/wp\/v2\/product\/2414","targetHints":{"allow":["GET"]}}],"collection":[{"href":"https:\/\/www.andelutech.com\/fr\/wp-json\/wp\/v2\/product"}],"about":[{"href":"https:\/\/www.andelutech.com\/fr\/wp-json\/wp\/v2\/types\/product"}],"replies":[{"embeddable":true,"href":"https:\/\/www.andelutech.com\/fr\/wp-json\/wp\/v2\/comments?post=2414"}],"wp:featuredmedia":[{"embeddable":true,"href":"https:\/\/www.andelutech.com\/fr\/wp-json\/wp\/v2\/media\/2415"}],"wp:attachment":[{"href":"https:\/\/www.andelutech.com\/fr\/wp-json\/wp\/v2\/media?parent=2414"}],"wp:term":[{"taxonomy":"product_brand","embeddable":true,"href":"https:\/\/www.andelutech.com\/fr\/wp-json\/wp\/v2\/product_brand?post=2414"},{"taxonomy":"product_cat","embeddable":true,"href":"https:\/\/www.andelutech.com\/fr\/wp-json\/wp\/v2\/product_cat?post=2414"},{"taxonomy":"product_tag","embeddable":true,"href":"https:\/\/www.andelutech.com\/fr\/wp-json\/wp\/v2\/product_tag?post=2414"}],"curies":[{"name":"wp","href":"https:\/\/api.w.org\/{rel}","templated":true}]}}