{"id":2411,"date":"2025-05-23T15:08:59","date_gmt":"2025-05-23T07:08:59","guid":{"rendered":"https:\/\/www.andelutech.com\/?post_type=product&#038;p=2411"},"modified":"2026-03-26T17:49:11","modified_gmt":"2026-03-26T09:49:11","slug":"digital-type-single-axis-tilt-sensor-3166di","status":"publish","type":"product","link":"https:\/\/www.andelutech.com\/fr\/product\/digital-type-single-axis-tilt-sensor-3166di\/","title":{"rendered":"AND-TS-3166DI Digital Type Single Axis Tilt Sensor"},"content":{"rendered":"","protected":false},"excerpt":{"rendered":"<p><strong><b>Introduction<\/b><\/strong><\/p>\n<p>Le compteur d'inclinaison num\u00e9rique AND-TS-3166DI num\u00e9rique est con\u00e7u pour le champ de contr\u00f4le du champ industriel. Il dispose d'un convertisseur {\/D {\/D et d'un algorithme de filtrage d'ordre N pour mesurer l'inclinaison et l'angle de tangage de la sortie du capteur par rapport au plan horizontal. La sortie interface RS232, RS485, RS422, TTL, PWM, CAN, Modbus Bus est disponible pour la s\u00e9lection.<\/p>\n<p>Le produit est \u00e9quip\u00e9 d'un capteur num\u00e9rique de haute pr\u00e9cision de la soci\u00e9t\u00e9 ADI, qui peut corriger la d\u00e9rive de temp\u00e9rature du capteur en fonction du changement de temp\u00e9rature de surveillance du capteur de temp\u00e9rature int\u00e9gr\u00e9 pour assurer la r\u00e9p\u00e9tabilit\u00e9 du produit dans des environnements \u00e0 basse et haute temp\u00e9rature. La fr\u00e9quence de sortie correspondante est de 100 Hz. Le produit fini a des performances fiables et stables, une bonne \u00e9volutivit\u00e9 et une vari\u00e9t\u00e9 d'options de sortie, qui conviennent \u00e0 divers environnements de contr\u00f4le industriel.<\/p>\n<p><strong><b>Caract\u00e9ristiques<\/b><\/strong><\/p>\n<p>Surveillance d'inclinaison d'un seul axe<\/p>\n<p>Pr\u00e9cision compl\u00e8te de la plage 0,01 \u00b0, r\u00e9solution 0,001 \u00b0<\/p>\n<p>Fr\u00e9quence de sortie 5 \u00e0 100 Hz (facultatif)<\/p>\n<p>Entr\u00e9e de tension large DC 9 ~ 36V<\/p>\n<p>Temp\u00e9rature large fonctionnant -40 ~ + 85 \u2103<\/p>\n<p>Plage de mesure: 0 ~ \u00b1 90 \u00b0 (facultatif)<\/p>\n<p>R\u00e9sistance \u00e9lev\u00e9e aux vibrations&gt; 20000g<\/p>\n<p>Taux en bauds 2400 ~ 115200 (r\u00e9glable)<\/p>\n<p>Protection IP67<\/p>\n<p>Sortie rs232 \/RS485\/TTL\/MODBUS (facultatif)<\/p>\n<p>Petit volume (90 * 40 * 27 mm) (personnalisable)<\/p>\n<p><strong><b>Applications<\/b><\/strong><\/p>\n<p>Surveillance des poteaux de tour \u00e0 haute tension<\/p>\n<p>Positionnement de l'antenne solaire satellite<\/p>\n<p>Chariot AGV<\/p>\n<p>Machinerie mini\u00e8re, \u00e9quipement d'exploitation d'huile<\/p>\n<p>\u00c9quipement m\u00e9dical<\/p>\n<p>Nivellement inclinable<\/p>\n<p>Plate-forme de levage hydraulique<\/p>\n<p>Surveillance de l'inclinaison<\/p>\n<p>Contr\u00f4le d'angle de diverses machines de construction<\/p>\n<p>Inspection des ponts et des barrages<\/p>","protected":false},"featured_media":3366,"comment_status":"open","ping_status":"closed","template":"","meta":[],"product_brand":[],"product_cat":[24],"product_tag":[],"class_list":{"0":"post-2411","1":"product","2":"type-product","3":"status-publish","4":"has-post-thumbnail","6":"product_cat-tilt-sensor","8":"first","9":"instock","10":"shipping-taxable","11":"product-type-simple"},"_links":{"self":[{"href":"https:\/\/www.andelutech.com\/fr\/wp-json\/wp\/v2\/product\/2411","targetHints":{"allow":["GET"]}}],"collection":[{"href":"https:\/\/www.andelutech.com\/fr\/wp-json\/wp\/v2\/product"}],"about":[{"href":"https:\/\/www.andelutech.com\/fr\/wp-json\/wp\/v2\/types\/product"}],"replies":[{"embeddable":true,"href":"https:\/\/www.andelutech.com\/fr\/wp-json\/wp\/v2\/comments?post=2411"}],"wp:featuredmedia":[{"embeddable":true,"href":"https:\/\/www.andelutech.com\/fr\/wp-json\/wp\/v2\/media\/3366"}],"wp:attachment":[{"href":"https:\/\/www.andelutech.com\/fr\/wp-json\/wp\/v2\/media?parent=2411"}],"wp:term":[{"taxonomy":"product_brand","embeddable":true,"href":"https:\/\/www.andelutech.com\/fr\/wp-json\/wp\/v2\/product_brand?post=2411"},{"taxonomy":"product_cat","embeddable":true,"href":"https:\/\/www.andelutech.com\/fr\/wp-json\/wp\/v2\/product_cat?post=2411"},{"taxonomy":"product_tag","embeddable":true,"href":"https:\/\/www.andelutech.com\/fr\/wp-json\/wp\/v2\/product_tag?post=2411"}],"curies":[{"name":"wp","href":"https:\/\/api.w.org\/{rel}","templated":true}]}}