{"id":2405,"date":"2025-05-23T15:06:02","date_gmt":"2025-05-23T07:06:02","guid":{"rendered":"https:\/\/www.andelutech.com\/?post_type=product&#038;p=2405"},"modified":"2026-01-09T14:18:39","modified_gmt":"2026-01-09T06:18:39","slug":"high-precision-current-output-type-single-axis-tilt-sensor-3168cu","status":"publish","type":"product","link":"https:\/\/www.andelutech.com\/fr\/product\/high-precision-current-output-type-single-axis-tilt-sensor-3168cu\/","title":{"rendered":"AND-TS-3168CU High Precision Current Output Type Single Axis Tilt Sensor"},"content":{"rendered":"<h3><span style=\"color: #000000;\">Caract\u00e9ristiques<\/span><\/h3>\n<p>Surveillance d'inclinaison d'un seul axe<\/p>\n<p>Pr\u00e9cision compl\u00e8te de la plage 0,01 \u00b0, r\u00e9solution 0,001 \u00b0<\/p>\n<p>Sortie 4 ~ 20mA, 0 ~ 20mA, 0 ~ 24mA (facultatif)<\/p>\n<p>Entr\u00e9e de tension large DC 9 ~ 36V<\/p>\n<p>Temp\u00e9rature large fonctionnant -40 ~ + 85 \u2103<\/p>\n<p>Plage de mesure: 0 ~ \u00b1 90 \u00b0 (facultatif)<\/p>\n<p>R\u00e9sistance \u00e9lev\u00e9e aux vibrations&gt; 20000g<\/p>\n<p>Protection IP67<\/p>\n<p>Peut sortir RS232 en m\u00eame temps<\/p>\n<p>Petit volume (90 * 40 * 27 mm) (personnalisable)<\/p>\n<p>&nbsp;<\/p>\n<h3><span style=\"color: #000000;\">Applications<\/span><\/h3>\n<p>R\u00e8gle de jauge de chemin de fer, instrument de jauge<\/p>\n<p>Positionnement de l'antenne solaire satellite<\/p>\n<p>V\u00e9hicule de travail \u00e0 haute altitude<\/p>\n<p>Nivellement inclinable<\/p>\n<p>Plate-forme de levage hydraulique<\/p>\n<p>Surveillance de l'inclinaison<\/p>\n<p>Contr\u00f4le d'angle de diverses machines de construction<\/p>\n<p>Inspection des ponts et des barrages<\/p>\n<p>Mesure d'inclinaison<\/p>","protected":false},"excerpt":{"rendered":"<p>L'inclinom\u00e8tre \u00e0 axe unique actuel et-AT-3168CU est un capteur d'inclinaison unique de courant \u00e0 double axe industriel standard. Le courant standard est de 4 \u00e0 20 mA, 0-20 mA, 0-24 mA (facultatif) et peut \u00eatre transmis \u00e0 2000 m\u00e8tres.<\/p>\n<p>Le capteur d'inclinaison adopte le processus de production de d\u00e9tection des MEMS, qui peut compenser avec pr\u00e9cision et corriger l'erreur de temp\u00e9rature et l'erreur lin\u00e9aire. Il a les caract\u00e9ristiques d'une haute pr\u00e9cision, d'une petite taille, d'un processus d'emballage \u00e9lev\u00e9, d'une forte r\u00e9sistance aux chocs et aux vibrations, \u00e0 la fr\u00e9quence anti-radio int\u00e9gr\u00e9e, \u00e0 un circuit d'interf\u00e9rence anti-\u00e9lectromagn\u00e9tique, et convient particuli\u00e8rement aux applications dans des environnements industriels rigoureux tels que des machines sans tranch\u00e9es souterraines.<\/p>","protected":false},"featured_media":3350,"comment_status":"open","ping_status":"closed","template":"","meta":[],"product_brand":[],"product_cat":[24],"product_tag":[],"class_list":{"0":"post-2405","1":"product","2":"type-product","3":"status-publish","4":"has-post-thumbnail","6":"product_cat-tilt-sensor","8":"first","9":"instock","10":"shipping-taxable","11":"product-type-simple"},"_links":{"self":[{"href":"https:\/\/www.andelutech.com\/fr\/wp-json\/wp\/v2\/product\/2405","targetHints":{"allow":["GET"]}}],"collection":[{"href":"https:\/\/www.andelutech.com\/fr\/wp-json\/wp\/v2\/product"}],"about":[{"href":"https:\/\/www.andelutech.com\/fr\/wp-json\/wp\/v2\/types\/product"}],"replies":[{"embeddable":true,"href":"https:\/\/www.andelutech.com\/fr\/wp-json\/wp\/v2\/comments?post=2405"}],"wp:featuredmedia":[{"embeddable":true,"href":"https:\/\/www.andelutech.com\/fr\/wp-json\/wp\/v2\/media\/3350"}],"wp:attachment":[{"href":"https:\/\/www.andelutech.com\/fr\/wp-json\/wp\/v2\/media?parent=2405"}],"wp:term":[{"taxonomy":"product_brand","embeddable":true,"href":"https:\/\/www.andelutech.com\/fr\/wp-json\/wp\/v2\/product_brand?post=2405"},{"taxonomy":"product_cat","embeddable":true,"href":"https:\/\/www.andelutech.com\/fr\/wp-json\/wp\/v2\/product_cat?post=2405"},{"taxonomy":"product_tag","embeddable":true,"href":"https:\/\/www.andelutech.com\/fr\/wp-json\/wp\/v2\/product_tag?post=2405"}],"curies":[{"name":"wp","href":"https:\/\/api.w.org\/{rel}","templated":true}]}}