{"id":2402,"date":"2025-05-23T15:04:38","date_gmt":"2025-05-23T07:04:38","guid":{"rendered":"https:\/\/www.andelutech.com\/?post_type=product&#038;p=2402"},"modified":"2026-01-09T14:20:19","modified_gmt":"2026-01-09T06:20:19","slug":"small-size-single-axis-tilt-sensor-canopen-output-3165ca","status":"publish","type":"product","link":"https:\/\/www.andelutech.com\/fr\/product\/small-size-single-axis-tilt-sensor-canopen-output-3165ca\/","title":{"rendered":"AND-TS-3165CA Small Size Single Axis Tilt Sensor CANopen Output"},"content":{"rendered":"","protected":false},"excerpt":{"rendered":"<p><strong><b>Introduction<\/b><\/strong><\/p>\n<p>Et le compteur d'inclinaison et le compteur d'inclinaison de l'inclinaison industrielle peut \u00eatre un champ de contr\u00f4le industriel pour l'introduction du capteur d'inclinaison uniaxial peut ouvrir la sortie, en utilisant l'isolateur standard industriel peut transmettre, un algorithme de filtrage de l'ordre N int\u00e9gr\u00e9, de sorte que la sortie du capteur de la sortie du capteur \u00e0 l'inclinaison plane horizontale et \u00e0 l'angle de tangage peut \u00eatre mesur\u00e9e. Le capteur de temp\u00e9rature de haute pr\u00e9cision int\u00e9gr\u00e9 du produit de l'ADI peut corriger la d\u00e9rive de temp\u00e9rature du capteur en fonction des modifications du capteur de temp\u00e9rature int\u00e9gr\u00e9 pour assurer une r\u00e9p\u00e9tabilit\u00e9 \u00e9lev\u00e9e du produit dans des environnements \u00e0 basse et haute temp\u00e9rature. La norme de fr\u00e9quence de r\u00e9ponse de sortie est aussi \u00e9lev\u00e9e que 100 Hz, ce qui le rend adapt\u00e9 \u00e0 divers environnements de contr\u00f4le industriel rigoureux.<\/p>\n<p><strong><b>Caract\u00e9ristiques<\/b><\/strong><\/p>\n<p>Surveillance d'inclinaison d'un seul axe<\/p>\n<p>Pr\u00e9cision compl\u00e8te de la plage 0,01 \u00b0, r\u00e9solution 0,001 \u00b0<\/p>\n<p>Fr\u00e9quence de sortie 5 \u00e0 100 Hz (facultatif)<\/p>\n<p>Entr\u00e9e de tension large DC 9 ~ 36V<\/p>\n<p>Temp\u00e9rature large fonctionnant -40 ~ + 85 \u2103<\/p>\n<p>Plage de mesure: 0 ~ \u00b1 90 \u00b0 (facultatif)<\/p>\n<p>R\u00e9sistance \u00e9lev\u00e9e aux vibrations&gt; 20000g<\/p>\n<p>Taux de bauds 100k ~ 500k bps<\/p>\n<p>Protection IP67<\/p>\n<p>La sortie peut s'ouvrir<\/p>\n<p>Petit volume (90 * 40 * 27 mm) (personnalisable)<\/p>","protected":false},"featured_media":3351,"comment_status":"open","ping_status":"closed","template":"","meta":[],"product_brand":[],"product_cat":[24],"product_tag":[],"class_list":{"0":"post-2402","1":"product","2":"type-product","3":"status-publish","4":"has-post-thumbnail","6":"product_cat-tilt-sensor","8":"first","9":"instock","10":"shipping-taxable","11":"product-type-simple"},"_links":{"self":[{"href":"https:\/\/www.andelutech.com\/fr\/wp-json\/wp\/v2\/product\/2402","targetHints":{"allow":["GET"]}}],"collection":[{"href":"https:\/\/www.andelutech.com\/fr\/wp-json\/wp\/v2\/product"}],"about":[{"href":"https:\/\/www.andelutech.com\/fr\/wp-json\/wp\/v2\/types\/product"}],"replies":[{"embeddable":true,"href":"https:\/\/www.andelutech.com\/fr\/wp-json\/wp\/v2\/comments?post=2402"}],"wp:featuredmedia":[{"embeddable":true,"href":"https:\/\/www.andelutech.com\/fr\/wp-json\/wp\/v2\/media\/3351"}],"wp:attachment":[{"href":"https:\/\/www.andelutech.com\/fr\/wp-json\/wp\/v2\/media?parent=2402"}],"wp:term":[{"taxonomy":"product_brand","embeddable":true,"href":"https:\/\/www.andelutech.com\/fr\/wp-json\/wp\/v2\/product_brand?post=2402"},{"taxonomy":"product_cat","embeddable":true,"href":"https:\/\/www.andelutech.com\/fr\/wp-json\/wp\/v2\/product_cat?post=2402"},{"taxonomy":"product_tag","embeddable":true,"href":"https:\/\/www.andelutech.com\/fr\/wp-json\/wp\/v2\/product_tag?post=2402"}],"curies":[{"name":"wp","href":"https:\/\/api.w.org\/{rel}","templated":true}]}}