{"id":2395,"date":"2025-05-23T15:00:00","date_gmt":"2025-05-23T07:00:00","guid":{"rendered":"https:\/\/www.andelutech.com\/?post_type=product&#038;p=2395"},"modified":"2026-01-09T14:26:10","modified_gmt":"2026-01-09T06:26:10","slug":"high-precision-two-axis-tilt-sensor-current-output-2288cu","status":"publish","type":"product","link":"https:\/\/www.andelutech.com\/fr\/product\/high-precision-two-axis-tilt-sensor-current-output-2288cu\/","title":{"rendered":"AND-TM-2288CU High Precision Two Axis Tilt Sensor Current Output"},"content":{"rendered":"","protected":false},"excerpt":{"rendered":"<p><strong><b>Introduction<\/b><\/strong><\/p>\n<p>Il s'agit d'un capteur d'inclinaison \u00e0 double axe de sortie \u00e0 haute pr\u00e9cision industriel standard. Le courant standard peut \u00eatre s\u00e9lectionn\u00e9 \u00e0 partir de 4 \u00e0 20 mA, 0-20 mA et 0-24mA. Il peut \u00eatre sorti via RS232 et peut \u00eatre transmis sur une distance de 2000 m\u00e8tres. L'op\u00e9rateur doit seulement collecter la valeur de tension du capteur pour calculer l'angle d'inclinaison de courant de l'objet. Le pendule solide int\u00e9gr\u00e9 (MEMS) peut \u00eatre converti en changement de l'angle d'inclinaison en mesurant le changement du champ de gravit\u00e9 statique.<\/p>\n<p>Le produit adopte la technologie de production du capteur MEMS, qui peut compenser avec pr\u00e9cision et corriger les erreurs de temp\u00e9rature et les erreurs lin\u00e9aires. Il a une pr\u00e9cision \u00e9lev\u00e9e, une petite taille, une technologie d'emballage \u00e9lev\u00e9e, une forte r\u00e9sistance aux vibrations, une fr\u00e9quence anti-radio int\u00e9gr\u00e9e et des caract\u00e9ristiques des circuits d'interf\u00e9rence anti-\u00e9lectromagn\u00e9tiques, en particulier adapt\u00e9s aux applications souterraines dans des environnements industriels rigoureux tels que des machines sans tranch\u00e9s.<\/p>\n<p><strong><b>Caract\u00e9ristiques<\/b><\/strong><\/p>\n<p>Surveillance de l'inclinaison \u00e0 deux axes<\/p>\n<p>Pr\u00e9cision compl\u00e8te 0,005 \u00b0, r\u00e9solution 0,0007 \u00b0<\/p>\n<p>Sortie 4 ~ 20mA, 0 ~ 20mA, 0 ~ 24mA (facultatif)<\/p>\n<p>Entr\u00e9e de grande tension DC 11 ~ 36V<\/p>\n<p>Temp\u00e9rature large fonctionnant -40 ~ + 85 \u2103<\/p>\n<p>Plage 0 ~ \u00b1 5 \/\u00b110\/\u00b115\/\u00b130\u00b0 (facultatif)<\/p>\n<p>R\u00e9sistance \u00e9lev\u00e9e aux vibrations&gt; 20000g<\/p>\n<p>Protection IP67<\/p>\n<p>Peut sortir RS232 en m\u00eame temps<\/p>\n<p>Volume (107 * 55 * 27 mm) (personnalisable)<\/p>\n<p><strong><b>Applications<\/b><\/strong><\/p>\n<p>R\u00e8gle de jauge de chemin de fer, instrument de jauge<\/p>\n<p>Positionnement de l'antenne solaire satellite<\/p>\n<p>V\u00e9hicule de travail \u00e0 haute altitude<\/p>\n<p>Machinerie mini\u00e8re, \u00e9quipement d'exploitation d'huile<\/p>\n<p>\u00c9quipement m\u00e9dical<\/p>\n<p>Plate-forme de levage hydraulique<\/p>\n<p>Surveillance de l'inclinaison<\/p>\n<p>Contr\u00f4le d'angle de diverses machines de construction<\/p>\n<p>Inspection des ponts et des barrages<\/p>","protected":false},"featured_media":3354,"comment_status":"open","ping_status":"closed","template":"","meta":[],"product_brand":[],"product_cat":[24],"product_tag":[],"class_list":{"0":"post-2395","1":"product","2":"type-product","3":"status-publish","4":"has-post-thumbnail","6":"product_cat-tilt-sensor","8":"first","9":"instock","10":"shipping-taxable","11":"product-type-simple"},"_links":{"self":[{"href":"https:\/\/www.andelutech.com\/fr\/wp-json\/wp\/v2\/product\/2395","targetHints":{"allow":["GET"]}}],"collection":[{"href":"https:\/\/www.andelutech.com\/fr\/wp-json\/wp\/v2\/product"}],"about":[{"href":"https:\/\/www.andelutech.com\/fr\/wp-json\/wp\/v2\/types\/product"}],"replies":[{"embeddable":true,"href":"https:\/\/www.andelutech.com\/fr\/wp-json\/wp\/v2\/comments?post=2395"}],"wp:featuredmedia":[{"embeddable":true,"href":"https:\/\/www.andelutech.com\/fr\/wp-json\/wp\/v2\/media\/3354"}],"wp:attachment":[{"href":"https:\/\/www.andelutech.com\/fr\/wp-json\/wp\/v2\/media?parent=2395"}],"wp:term":[{"taxonomy":"product_brand","embeddable":true,"href":"https:\/\/www.andelutech.com\/fr\/wp-json\/wp\/v2\/product_brand?post=2395"},{"taxonomy":"product_cat","embeddable":true,"href":"https:\/\/www.andelutech.com\/fr\/wp-json\/wp\/v2\/product_cat?post=2395"},{"taxonomy":"product_tag","embeddable":true,"href":"https:\/\/www.andelutech.com\/fr\/wp-json\/wp\/v2\/product_tag?post=2395"}],"curies":[{"name":"wp","href":"https:\/\/api.w.org\/{rel}","templated":true}]}}