{"id":2392,"date":"2025-05-23T14:58:30","date_gmt":"2025-05-23T06:58:30","guid":{"rendered":"https:\/\/www.andelutech.com\/?post_type=product&#038;p=2392"},"modified":"2026-01-09T14:28:00","modified_gmt":"2026-01-09T06:28:00","slug":"output-type-dual-axis-tilt-sensor-2286di","status":"publish","type":"product","link":"https:\/\/www.andelutech.com\/fr\/product\/output-type-dual-axis-tilt-sensor-2286di\/","title":{"rendered":"AND-TM-2286D Output Type Dual Axis Tilt Sensor"},"content":{"rendered":"","protected":false},"excerpt":{"rendered":"<p><strong><b>Introduction<\/b><\/strong><\/p>\n<p>C'est une inclination biaxiale de haute pr\u00e9cision\u00a0<a href=\"https:\/\/www.ericcointernational.com\/inclinomter\/\">capteur<\/a>\u00a0avec une r\u00e9solution de 0,0007 \u00b0, une pr\u00e9cision de 0,005 \u00b0 et une d\u00e9rive de temp\u00e9rature de 0,0007 \u00b0 \/ \u2103. L'interface de sortie est RS232, RS485, RS422, TTL, CAN, Modbus Bus (facultatif).<\/p>\n<p>Le produit est \u00e9quip\u00e9 d'un capteur num\u00e9rique de haute pr\u00e9cision d'ADI, qui peut corriger la d\u00e9rive de temp\u00e9rature du capteur en fonction du changement de temp\u00e9rature du capteur de temp\u00e9rature int\u00e9gr\u00e9 pour assurer la r\u00e9p\u00e9tabilit\u00e9 du produit dans un environnement \u00e0 basse temp\u00e9rature ou \u00e0 haute temp\u00e9rature. La fr\u00e9quence correspondante de production est de 100 Hz, qui est un produit industriel de qualit\u00e9 industrielle, avec des performances fiables et stables, une bonne \u00e9volutivit\u00e9 et adapt\u00e9 \u00e0 divers environnements de contr\u00f4le industriel.<\/p>\n<p><strong><b>Caract\u00e9ristiques<\/b><\/strong><\/p>\n<p>Surveillance de l'inclinaison \u00e0 deux axes<\/p>\n<p>Pr\u00e9cision compl\u00e8te 0,005 \u00b0, r\u00e9solution 0,0007 \u00b0<\/p>\n<p>Fr\u00e9quence de sortie 5 \u00e0 100 Hz (facultatif)<\/p>\n<p>Entr\u00e9e de tension large DC 11 ~ 36V<\/p>\n<p>Temp\u00e9rature large fonctionnant -40 ~ + 85 \u2103<\/p>\n<p>Plage de mesure 0 ~ \u00b1 5 \/\u00b110\/\u00b115\/\u00b130\u00b0(optional)<\/p>\n<p>R\u00e9sistance \u00e9lev\u00e9e aux vibrations&gt; 20000g<\/p>\n<p>Taux en bauds 2400 ~ 115200 (r\u00e9glable)<\/p>\n<p>Protection IP67<\/p>\n<p>Peut sortir rs232 \/RS485\/TTL\/MODBUS (facultatif)<\/p>\n<p>Petit volume (107 * 55 * 27 mm) (personnalisable)<\/p>\n<p><strong><b>Applications<\/b><\/strong><\/p>\n<p>Surveillance des poteaux de tour \u00e0 haute tension<\/p>\n<p>Positionnement de l'antenne solaire satellite<\/p>\n<p>Contr\u00f4le horizontal de la machine \u00e0 outil de pr\u00e9cision<\/p>\n<p>\u00c9quipement de plate-forme laser de pr\u00e9cision<\/p>\n<p>\u00c9quipement m\u00e9dical<\/p>\n<p>Nivellement du r\u00e9servoir<\/p>\n<p>Locomotive ferroviaire<\/p>\n<p>En fonction de la surveillance de l'inclinaison<\/p>\n<p>Contr\u00f4le d'angle de diverses machines de construction<\/p>\n<p>Bridge, barrage, surveillance des b\u00e2timents<\/p>","protected":false},"featured_media":3356,"comment_status":"open","ping_status":"closed","template":"","meta":[],"product_brand":[],"product_cat":[24],"product_tag":[],"class_list":{"0":"post-2392","1":"product","2":"type-product","3":"status-publish","4":"has-post-thumbnail","6":"product_cat-tilt-sensor","8":"first","9":"instock","10":"shipping-taxable","11":"product-type-simple"},"_links":{"self":[{"href":"https:\/\/www.andelutech.com\/fr\/wp-json\/wp\/v2\/product\/2392","targetHints":{"allow":["GET"]}}],"collection":[{"href":"https:\/\/www.andelutech.com\/fr\/wp-json\/wp\/v2\/product"}],"about":[{"href":"https:\/\/www.andelutech.com\/fr\/wp-json\/wp\/v2\/types\/product"}],"replies":[{"embeddable":true,"href":"https:\/\/www.andelutech.com\/fr\/wp-json\/wp\/v2\/comments?post=2392"}],"wp:featuredmedia":[{"embeddable":true,"href":"https:\/\/www.andelutech.com\/fr\/wp-json\/wp\/v2\/media\/3356"}],"wp:attachment":[{"href":"https:\/\/www.andelutech.com\/fr\/wp-json\/wp\/v2\/media?parent=2392"}],"wp:term":[{"taxonomy":"product_brand","embeddable":true,"href":"https:\/\/www.andelutech.com\/fr\/wp-json\/wp\/v2\/product_brand?post=2392"},{"taxonomy":"product_cat","embeddable":true,"href":"https:\/\/www.andelutech.com\/fr\/wp-json\/wp\/v2\/product_cat?post=2392"},{"taxonomy":"product_tag","embeddable":true,"href":"https:\/\/www.andelutech.com\/fr\/wp-json\/wp\/v2\/product_tag?post=2392"}],"curies":[{"name":"wp","href":"https:\/\/api.w.org\/{rel}","templated":true}]}}