{"id":2389,"date":"2025-05-23T14:57:00","date_gmt":"2025-05-23T06:57:00","guid":{"rendered":"https:\/\/www.andelutech.com\/?post_type=product&#038;p=2389"},"modified":"2026-01-09T14:29:45","modified_gmt":"2026-01-09T06:29:45","slug":"canopen-output-type-dual-axis-tilt-sensor-2285ca","status":"publish","type":"product","link":"https:\/\/www.andelutech.com\/fr\/product\/canopen-output-type-dual-axis-tilt-sensor-2285ca\/","title":{"rendered":"AND-TM-2285CA CANopen Output Type Dual Axis Tilt Sensor"},"content":{"rendered":"","protected":false},"excerpt":{"rendered":"<p><strong><b>Introduction<\/b><\/strong><\/p>\n<p>Un capteur d'inclinaison \u00e0 double axe \u00e0 ultra-haute pr\u00e9cision utilis\u00e9 dans le domaine du contr\u00f4le du champ industriel. Il adopte l'isolateur standard industriel peut transmettre avec une r\u00e9solution de 0,0005 \u00b0, une pr\u00e9cision de 0,001 \u00b0 et une d\u00e9rive de temp\u00e9rature de 0,0005 \u00b0 \/ \u00b0 C. Il s'agit d'un produit de qualit\u00e9 industrielle.<\/p>\n<p>L'ADI poss\u00e8de un capteur de temp\u00e9rature de haute pr\u00e9cision int\u00e9gr\u00e9, qui peut corriger la d\u00e9rive de temp\u00e9rature du capteur en fonction du changement du capteur de temp\u00e9rature int\u00e9gr\u00e9 pour assurer la r\u00e9p\u00e9tabilit\u00e9 \u00e9lev\u00e9e du produit, ind\u00e9pendamment d'un environnement \u00e0 basse temp\u00e9rature ou \u00e0 haute temp\u00e9rature. La norme de fr\u00e9quence de r\u00e9ponse de sortie est jusqu'\u00e0 100 Hz, ce qui convient \u00e0 divers environnements de travail rigoureux.<\/p>\n<p><strong><b>Caract\u00e9ristiques<\/b><\/strong><\/p>\n<p>Surveillance de l'inclinaison \u00e0 deux axes<\/p>\n<p>Pr\u00e9cision compl\u00e8te 0,005 \u00b0, r\u00e9solution 0,0007 \u00b0<\/p>\n<p>Fr\u00e9quence de sortie 5 \u00e0 100 Hz (facultatif)<\/p>\n<p>Entr\u00e9e de grande tension DC 11 ~ 36V<\/p>\n<p>Temp\u00e9rature large fonctionnant -40 ~ + 85 \u2103<\/p>\n<p>Plage 0 ~ \u00b1 5 \/\u00b110\/\u00b115\/\u00b130\u00b0 (facultatif)<\/p>\n<p>R\u00e9sistance \u00e9lev\u00e9e aux vibrations&gt; 20000g<\/p>\n<p>Taux en bauds: 100k ~ 500k bps<\/p>\n<p>Protection IP67<\/p>\n<p>Canopen de sortie<\/p>\n<p>Volume (107 * 55 * 27 mm) (personnalisable)<\/p>\n<p><strong><b>Applications<\/b><\/strong><\/p>\n<p>Surveillance de la tour de fil haute tension<\/p>\n<p>Positionnement de l'antenne solaire satellite<\/p>\n<p>V\u00e9hicule de travail \u00e0 haute altitude<\/p>\n<p>Machinerie mini\u00e8re, \u00e9quipement d'exploitation d'huile<\/p>\n<p>\u00c9quipement m\u00e9dical<\/p>\n<p>Nivellement inclinable<\/p>\n<p>Plate-forme de levage hydraulique<\/p>\n<p>Surveillance de l'inclinaison<\/p>\n<p>Contr\u00f4le d'angle de diverses machines de construction<\/p>\n<p>Inspection des ponts et des barrages<\/p>","protected":false},"featured_media":3357,"comment_status":"open","ping_status":"closed","template":"","meta":[],"product_brand":[],"product_cat":[24],"product_tag":[],"class_list":{"0":"post-2389","1":"product","2":"type-product","3":"status-publish","4":"has-post-thumbnail","6":"product_cat-tilt-sensor","8":"first","9":"instock","10":"shipping-taxable","11":"product-type-simple"},"_links":{"self":[{"href":"https:\/\/www.andelutech.com\/fr\/wp-json\/wp\/v2\/product\/2389","targetHints":{"allow":["GET"]}}],"collection":[{"href":"https:\/\/www.andelutech.com\/fr\/wp-json\/wp\/v2\/product"}],"about":[{"href":"https:\/\/www.andelutech.com\/fr\/wp-json\/wp\/v2\/types\/product"}],"replies":[{"embeddable":true,"href":"https:\/\/www.andelutech.com\/fr\/wp-json\/wp\/v2\/comments?post=2389"}],"wp:featuredmedia":[{"embeddable":true,"href":"https:\/\/www.andelutech.com\/fr\/wp-json\/wp\/v2\/media\/3357"}],"wp:attachment":[{"href":"https:\/\/www.andelutech.com\/fr\/wp-json\/wp\/v2\/media?parent=2389"}],"wp:term":[{"taxonomy":"product_brand","embeddable":true,"href":"https:\/\/www.andelutech.com\/fr\/wp-json\/wp\/v2\/product_brand?post=2389"},{"taxonomy":"product_cat","embeddable":true,"href":"https:\/\/www.andelutech.com\/fr\/wp-json\/wp\/v2\/product_cat?post=2389"},{"taxonomy":"product_tag","embeddable":true,"href":"https:\/\/www.andelutech.com\/fr\/wp-json\/wp\/v2\/product_tag?post=2389"}],"curies":[{"name":"wp","href":"https:\/\/api.w.org\/{rel}","templated":true}]}}