{"id":2379,"date":"2025-05-23T14:49:44","date_gmt":"2025-05-23T06:49:44","guid":{"rendered":"https:\/\/www.andelutech.com\/?post_type=product&#038;p=2379"},"modified":"2026-01-09T14:34:52","modified_gmt":"2026-01-09T06:34:52","slug":"digital-output-type-single-axis-tilt-sensor-2186di","status":"publish","type":"product","link":"https:\/\/www.andelutech.com\/fr\/product\/digital-output-type-single-axis-tilt-sensor-2186di\/","title":{"rendered":"AND-TS-2186DI Digital Output Type Single Axis Tilt Sensor"},"content":{"rendered":"","protected":false},"excerpt":{"rendered":"<p><strong><b>Introduction<\/b><\/strong><\/p>\n<p>And-TS-2186DI est un capteur d'inclinaison de l'axe unique de haute pr\u00e9cision avec une r\u00e9solution de 0,0007 \u00b0, une pr\u00e9cision de 0,005 \u00b0 et une d\u00e9rive de temp\u00e9rature de 0,0007 \u00b0 \/ \u2103. L'interface de sortie a RS232, RS485, RS422, TTL, CAN, Modbus Bus pour choisir.<\/p>\n<p>Le produit est \u00e9quip\u00e9 du capteur num\u00e9rique de haute pr\u00e9cision d'ADI, qui peut corriger la d\u00e9rive de temp\u00e9rature du capteur en fonction du changement de temp\u00e9rature de surveillance du capteur de temp\u00e9rature int\u00e9gr\u00e9 pour assurer la r\u00e9p\u00e9tabilit\u00e9 du produit dans des environnements \u00e0 basse temp\u00e9rature et \u00e0 haute temp\u00e9rature. Sa fr\u00e9quence correspondante est de 100 Hz, les performances sont fiables et stables, et l'\u00e9volutivit\u00e9 est bonne, c'est-\u00e0-dire qu'elle convient \u00e0 divers environnements de contr\u00f4le industriels.<\/p>\n<p><strong><b>Caract\u00e9ristiques<\/b><\/strong><\/p>\n<p>Surveillance d'inclinaison d'un seul axe<\/p>\n<p>Pr\u00e9cision compl\u00e8te 0,005 \u00b0, r\u00e9solution 0,0007 \u00b0<\/p>\n<p>Fr\u00e9quence de sortie 5 \u00e0 100 Hz (facultatif)<\/p>\n<p>Entr\u00e9e de tension large DC 11 ~ 36V<\/p>\n<p>Temp\u00e9rature large fonctionnant -40 ~ + 85 \u2103<\/p>\n<p>Plage de mesure 0 ~ \u00b1 5 \/\u00b110\/\u00b115\/\u00b130\u00b0 (facultatif)<\/p>\n<p>R\u00e9sistance \u00e9lev\u00e9e aux vibrations&gt; 20000g<\/p>\n<p>Taux en bauds 2400 ~ 115200 (r\u00e9glable)<\/p>\n<p>Protection IP67<\/p>\n<p>Peut sortir rs232 \/RS485\/TTL\/MODBUS (facultatif)<\/p>\n<p>Petit volume (107 * 55 * 27 mm) (personnalisable)<\/p>\n<p><strong><b>Applications<\/b><\/strong><\/p>\n<p>Surveillance des poteaux de tour \u00e0 haute tension<\/p>\n<p>Positionnement de l'antenne solaire satellite<\/p>\n<p>Contr\u00f4le horizontal de la machine \u00e0 outil de pr\u00e9cision<\/p>\n<p>\u00c9quipement de plate-forme laser de pr\u00e9cision<\/p>\n<p>\u00c9quipement m\u00e9dical<\/p>\n<p>Nivellement du r\u00e9servoir<\/p>\n<p>Locomotive ferroviaire<\/p>\n<p>En fonction de la surveillance de l'inclinaison<\/p>\n<p>Contr\u00f4le d'angle de diverses machines de construction<\/p>\n<p>Inspection des ponts et des barrages<\/p>","protected":false},"featured_media":3360,"comment_status":"open","ping_status":"closed","template":"","meta":[],"product_brand":[],"product_cat":[24],"product_tag":[],"class_list":{"0":"post-2379","1":"product","2":"type-product","3":"status-publish","4":"has-post-thumbnail","6":"product_cat-tilt-sensor","8":"first","9":"instock","10":"shipping-taxable","11":"product-type-simple"},"_links":{"self":[{"href":"https:\/\/www.andelutech.com\/fr\/wp-json\/wp\/v2\/product\/2379","targetHints":{"allow":["GET"]}}],"collection":[{"href":"https:\/\/www.andelutech.com\/fr\/wp-json\/wp\/v2\/product"}],"about":[{"href":"https:\/\/www.andelutech.com\/fr\/wp-json\/wp\/v2\/types\/product"}],"replies":[{"embeddable":true,"href":"https:\/\/www.andelutech.com\/fr\/wp-json\/wp\/v2\/comments?post=2379"}],"wp:featuredmedia":[{"embeddable":true,"href":"https:\/\/www.andelutech.com\/fr\/wp-json\/wp\/v2\/media\/3360"}],"wp:attachment":[{"href":"https:\/\/www.andelutech.com\/fr\/wp-json\/wp\/v2\/media?parent=2379"}],"wp:term":[{"taxonomy":"product_brand","embeddable":true,"href":"https:\/\/www.andelutech.com\/fr\/wp-json\/wp\/v2\/product_brand?post=2379"},{"taxonomy":"product_cat","embeddable":true,"href":"https:\/\/www.andelutech.com\/fr\/wp-json\/wp\/v2\/product_cat?post=2379"},{"taxonomy":"product_tag","embeddable":true,"href":"https:\/\/www.andelutech.com\/fr\/wp-json\/wp\/v2\/product_tag?post=2379"}],"curies":[{"name":"wp","href":"https:\/\/api.w.org\/{rel}","templated":true}]}}