{"id":2371,"date":"2025-05-23T14:25:30","date_gmt":"2025-05-23T06:25:30","guid":{"rendered":"https:\/\/www.andelutech.com\/?post_type=product&#038;p=2371"},"modified":"2026-01-09T14:40:29","modified_gmt":"2026-01-09T06:40:29","slug":"high-precision-dual-axis-digital-tilt-sensor-1240di","status":"publish","type":"product","link":"https:\/\/www.andelutech.com\/fr\/product\/high-precision-dual-axis-digital-tilt-sensor-1240di\/","title":{"rendered":"AND-TM-1240DI High-Precision Dual-Axis Digital Tilt Sensor"},"content":{"rendered":"","protected":false},"excerpt":{"rendered":"<p><strong><b>Introduction<\/b><\/strong><\/p>\n<p>Il s'agit d'un capteur d'inclinaison biaxial de haute pr\u00e9cision enti\u00e8rement compensant avec une r\u00e9solution de 0,0005 \u00b0, une pr\u00e9cision de 0,001 \u00b0 et une d\u00e9rive de temp\u00e9rature de 0,0005 \u00b0 \/ \u2103. Les interfaces de sortie RS232, RS485, RS422, TTL, le bus Modbus sont disponibles pour la s\u00e9lection.<\/p>\n<p>Inclinom\u00e8tre de transmission du signal num\u00e9rique, support des logiciels informatiques professionnels, mesure et enregistrement des donn\u00e9es. Il a les caract\u00e9ristiques de l'installation sans contact, de l'int\u00e9gration du syst\u00e8me pratique et de l'installation pratique. L'angle horizontal de l'objet peut \u00eatre calcul\u00e9 en fixant le capteur sur la surface de l'objet \u00e0 mesurer avec une vis, et l'op\u00e9ration est tr\u00e8s simple. Et il a une forte r\u00e9sistance \u00e0 l'interf\u00e9rence \u00e9lectromagn\u00e9tique externe et \u00e0 une forte r\u00e9sistance aux tremblements de terre.<\/p>\n<p><strong><b>Caract\u00e9ristiques<\/b><\/strong><\/p>\n<p>Surveillance de l'inclinaison \u00e0 deux axes<\/p>\n<p>Pr\u00e9cision compl\u00e8te 0,001 \u00b0, r\u00e9solution 0,0005 \u00b0<\/p>\n<p>Fr\u00e9quence de sortie 5 \u00e0 100 Hz (facultatif)<\/p>\n<p>Entr\u00e9e de tension large DC 11 ~ 36V<\/p>\n<p>Temp\u00e9rature large fonctionnant -40 ~ + 85 \u2103<\/p>\n<p>Plage de mesure 0 ~ \u00b1 5 \/\u00b110\/\u00b115\/\u00b130\u00b0 (facultatif)<\/p>\n<p>R\u00e9sistance \u00e9lev\u00e9e aux vibrations&gt; 20000g<\/p>\n<p>Taux en bauds 2400 ~ 115200 (r\u00e9glable)<\/p>\n<p>Protection IP67<\/p>\n<p>Sortie rs232 \/RS485\/TTL\/MODBUS (facultatif)<\/p>\n<p>Petit volume (176 * 27 * 27 mm) (personnalisable)<\/p>\n<p><strong><b>Applications<\/b><\/strong><\/p>\n<p>Surveillance de la tour de fil haute tension<\/p>\n<p>Positionnement de l'antenne solaire satellite<\/p>\n<p>Camion de travail a\u00e9rien<\/p>\n<p>Machinerie mini\u00e8re, \u00e9quipement d'exploitation d'huile<\/p>\n<p>\u00c9quipement m\u00e9dical<\/p>\n<p>Nivellement inclinable<\/p>\n<p>Plate-forme de levage hydraulique<\/p>\n<p>Surveillance de l'inclinaison<\/p>\n<p>Contr\u00f4le d'angle de diverses machines de construction<\/p>\n<p>Inspection des ponts et des barrages<\/p>","protected":false},"featured_media":3362,"comment_status":"open","ping_status":"closed","template":"","meta":[],"product_brand":[],"product_cat":[24],"product_tag":[],"class_list":{"0":"post-2371","1":"product","2":"type-product","3":"status-publish","4":"has-post-thumbnail","6":"product_cat-tilt-sensor","8":"first","9":"instock","10":"shipping-taxable","11":"product-type-simple"},"_links":{"self":[{"href":"https:\/\/www.andelutech.com\/fr\/wp-json\/wp\/v2\/product\/2371","targetHints":{"allow":["GET"]}}],"collection":[{"href":"https:\/\/www.andelutech.com\/fr\/wp-json\/wp\/v2\/product"}],"about":[{"href":"https:\/\/www.andelutech.com\/fr\/wp-json\/wp\/v2\/types\/product"}],"replies":[{"embeddable":true,"href":"https:\/\/www.andelutech.com\/fr\/wp-json\/wp\/v2\/comments?post=2371"}],"wp:featuredmedia":[{"embeddable":true,"href":"https:\/\/www.andelutech.com\/fr\/wp-json\/wp\/v2\/media\/3362"}],"wp:attachment":[{"href":"https:\/\/www.andelutech.com\/fr\/wp-json\/wp\/v2\/media?parent=2371"}],"wp:term":[{"taxonomy":"product_brand","embeddable":true,"href":"https:\/\/www.andelutech.com\/fr\/wp-json\/wp\/v2\/product_brand?post=2371"},{"taxonomy":"product_cat","embeddable":true,"href":"https:\/\/www.andelutech.com\/fr\/wp-json\/wp\/v2\/product_cat?post=2371"},{"taxonomy":"product_tag","embeddable":true,"href":"https:\/\/www.andelutech.com\/fr\/wp-json\/wp\/v2\/product_tag?post=2371"}],"curies":[{"name":"wp","href":"https:\/\/api.w.org\/{rel}","templated":true}]}}