{"id":2368,"date":"2025-05-23T14:23:22","date_gmt":"2025-05-23T06:23:22","guid":{"rendered":"https:\/\/www.andelutech.com\/?post_type=product&#038;p=2368"},"modified":"2026-01-09T14:43:02","modified_gmt":"2026-01-09T06:43:02","slug":"digital-output-type-dual-axis-tilt-sensor-1230di","status":"publish","type":"product","link":"https:\/\/www.andelutech.com\/fr\/product\/digital-output-type-dual-axis-tilt-sensor-1230di\/","title":{"rendered":"AND-TM-1230DI Digital Output Type Dual- Axis Tilt Sensor"},"content":{"rendered":"","protected":false},"excerpt":{"rendered":"<p><strong><b>Introduction<\/b><\/strong><\/p>\n<p>Il s'agit d'un capteur d'inclinaison \u00e0 deux axes de haute pr\u00e9cision \u00e0 temp\u00e9rature compl\u00e8te avec une r\u00e9solution de 0,0005 \u00b0, une pr\u00e9cision de 0,001 \u00b0 et une d\u00e9rive de temp\u00e9rature de 0,0005 \u00b0 \/ \u2103. L'interface de sortie a RS232, RS485, RS422, TTL, Modbus \u00e0 choisir. Ce produit est un inclinom\u00e8tre personnalis\u00e9 utilis\u00e9 pour mesurer l'inclinaison des fosses de fondation rocheuse et du sol. Il int\u00e8gre un syst\u00e8me haut de gamme haut de gamme 24 bits avec une r\u00e9solution de 4 secondes et une fr\u00e9quence de r\u00e9ponse allant jusqu'\u00e0 100 Hz. L'op\u00e9rateur n'a besoin que de connecter l'inclinom\u00e8tre \u00e0 l'ordinateur de transmission de donn\u00e9es pour fabriquer un inclinom\u00e8tre de haute pr\u00e9cision.<\/p>\n<p><strong><b>Caract\u00e9ristiques<\/b><\/strong><\/p>\n<p>Surveillance de l'inclinaison \u00e0 deux axes<\/p>\n<p>Pr\u00e9cision compl\u00e8te 0,001 \u00b0, r\u00e9solution 0,0005 \u00b0<\/p>\n<p>Fr\u00e9quence de sortie 5 \u00e0 100 Hz (facultatif)<\/p>\n<p>Entr\u00e9e de tension large DC 11 ~ 36V<\/p>\n<p>Temp\u00e9rature large fonctionnant -40 ~ + 85 \u2103<\/p>\n<p>Plage de mesure 0 ~ \u00b1 5 \/\u00b110\/\u00b115\/\u00b130\u00b0(optional)<\/p>\n<p>R\u00e9sistance \u00e9lev\u00e9e aux vibrations&gt; 20000g<\/p>\n<p>Taux en bauds 2400 ~ 115200 (r\u00e9glable)<\/p>\n<p>Protection IP67<\/p>\n<p>Sortie rs232 \/RS485\/TTL\/MODBUS (facultatif)<\/p>\n<p>Petit volume (160 * 20 * 20 mm) (personnalisable)<\/p>\n<p><strong><b>Applications<\/b><\/strong><\/p>\n<p>Surveillance des poteaux de tour \u00e0 haute tension<\/p>\n<p>Positionnement de l'antenne solaire satellite<\/p>\n<p>Contr\u00f4le horizontal de la machine \u00e0 outil de pr\u00e9cision<\/p>\n<p>\u00c9quipement de plate-forme laser de pr\u00e9cision<\/p>\n<p>\u00c9quipement m\u00e9dical<\/p>\n<p>Nivellement du r\u00e9servoir<\/p>\n<p>Locomotive ferroviaire<\/p>\n<p>En fonction de la surveillance de l'inclinaison<\/p>\n<p>Contr\u00f4le d'angle de diverses machines de construction<\/p>\n<p>Surveillance des ponts, des barrages et des b\u00e2timents<\/p>","protected":false},"featured_media":3363,"comment_status":"open","ping_status":"closed","template":"","meta":[],"product_brand":[],"product_cat":[24],"product_tag":[],"class_list":{"0":"post-2368","1":"product","2":"type-product","3":"status-publish","4":"has-post-thumbnail","6":"product_cat-tilt-sensor","8":"first","9":"instock","10":"shipping-taxable","11":"product-type-simple"},"_links":{"self":[{"href":"https:\/\/www.andelutech.com\/fr\/wp-json\/wp\/v2\/product\/2368","targetHints":{"allow":["GET"]}}],"collection":[{"href":"https:\/\/www.andelutech.com\/fr\/wp-json\/wp\/v2\/product"}],"about":[{"href":"https:\/\/www.andelutech.com\/fr\/wp-json\/wp\/v2\/types\/product"}],"replies":[{"embeddable":true,"href":"https:\/\/www.andelutech.com\/fr\/wp-json\/wp\/v2\/comments?post=2368"}],"wp:featuredmedia":[{"embeddable":true,"href":"https:\/\/www.andelutech.com\/fr\/wp-json\/wp\/v2\/media\/3363"}],"wp:attachment":[{"href":"https:\/\/www.andelutech.com\/fr\/wp-json\/wp\/v2\/media?parent=2368"}],"wp:term":[{"taxonomy":"product_brand","embeddable":true,"href":"https:\/\/www.andelutech.com\/fr\/wp-json\/wp\/v2\/product_brand?post=2368"},{"taxonomy":"product_cat","embeddable":true,"href":"https:\/\/www.andelutech.com\/fr\/wp-json\/wp\/v2\/product_cat?post=2368"},{"taxonomy":"product_tag","embeddable":true,"href":"https:\/\/www.andelutech.com\/fr\/wp-json\/wp\/v2\/product_tag?post=2368"}],"curies":[{"name":"wp","href":"https:\/\/api.w.org\/{rel}","templated":true}]}}