{"id":2365,"date":"2025-05-23T14:21:09","date_gmt":"2025-05-23T06:21:09","guid":{"rendered":"https:\/\/www.andelutech.com\/?post_type=product&#038;p=2365"},"modified":"2026-01-09T14:44:34","modified_gmt":"2026-01-09T06:44:34","slug":"analog-type-two-axis-tilt-sensor-1228an","status":"publish","type":"product","link":"https:\/\/www.andelutech.com\/fr\/product\/analog-type-two-axis-tilt-sensor-1228an\/","title":{"rendered":"AND-TM-1228AN- Analog Type Two Axis Tilt Sensor"},"content":{"rendered":"","protected":false},"excerpt":{"rendered":"<p><strong><b>Introduction<\/b><\/strong><\/p>\n<p>Il s'agit d'une compensation industrielle de temp\u00e9rature industrielle standard de sortie de haute pr\u00e9cision du capteur d'inclinaison \u00e0 double axe, en utilisant une tension standard 0 ~ 5V, 0 ~ 10V, courant 4 ~ 20mA, 0 ~ 20mA, 0 ~ 24mA (facultatif). En m\u00eame temps, via la sortie RS232 \/CAN, il peut atteindre une transmission longue distance de 2000 m\u00e8tres. L'op\u00e9rateur doit seulement collecter la valeur de tension du capteur pour calculer l'angle d'inclinaison de courant de l'objet. Le pendule solide int\u00e9gr\u00e9 (MEMS) peut \u00eatre converti en changement de l'angle d'inclinaison en mesurant le changement du champ de gravit\u00e9 statique.<\/p>\n<p>En utilisant la technologie de production du capteur MEMS, il peut compenser avec pr\u00e9cision et corriger les erreurs de temp\u00e9rature et les erreurs lin\u00e9aires. Il a les caract\u00e9ristiques d'une haute pr\u00e9cision, d'une petite taille, d'une technologie d'emballage \u00e9lev\u00e9e et d'une forte r\u00e9sistance aux vibrations. En raison de la fr\u00e9quence anti-radio int\u00e9gr\u00e9e et du circuit d'interf\u00e9rence anti-\u00e9lectromagn\u00e9tique, il est particuli\u00e8rement adapt\u00e9 aux applications dans des environnements industriels durs tels que les machines non-excavation souterraines.<\/p>\n<p><strong><b>Caract\u00e9ristiques<\/b><\/strong><\/p>\n<p>Surveillance de l'inclinaison \u00e0 deux axes<\/p>\n<p>Pr\u00e9cision compl\u00e8te 0,001 \u00b0, r\u00e9solution 0,0005 \u00b0<\/p>\n<p>Sortie 0 ~ 5V \u3001 4 ~ 20mA (facultatif)<\/p>\n<p>Entr\u00e9e de grande tension DC 11 ~ 36V<\/p>\n<p>Temp\u00e9rature large fonctionnant -40 ~ + 85 \u2103<\/p>\n<p>Plage 0 ~ \u00b1 5 \/\u00b110\/\u00b115\/\u00b130\u00b0 (facultatif)<\/p>\n<p>R\u00e9sistance \u00e9lev\u00e9e aux vibrations&gt; 20000g<\/p>\n<p>Protection IP67<\/p>\n<p>Sortie RS232 en m\u00eame temps<\/p>\n<p>Volume (107 * 55 * 27 mm) (personnalisable)<\/p>\n<p><strong><b>Applications<\/b><\/strong><\/p>\n<p>Surveillance de la tour de fil haute tension<\/p>\n<p>Positionnement de l'antenne solaire satellite<\/p>\n<p>Camion de travail a\u00e9rien<\/p>\n<p>Machinerie mini\u00e8re, \u00e9quipement d'exploitation d'huile<\/p>\n<p>\u00c9quipement m\u00e9dical<\/p>\n<p>Nivellement inclinable<\/p>\n<p>Plate-forme de levage hydraulique<\/p>\n<p>Surveillance de l'inclinaison<\/p>\n<p>Contr\u00f4le d'angle de diverses machines de construction<\/p>\n<p>Inspection des ponts et des barrages<\/p>","protected":false},"featured_media":3364,"comment_status":"open","ping_status":"closed","template":"","meta":[],"product_brand":[],"product_cat":[24],"product_tag":[],"class_list":{"0":"post-2365","1":"product","2":"type-product","3":"status-publish","4":"has-post-thumbnail","6":"product_cat-tilt-sensor","8":"first","9":"instock","10":"shipping-taxable","11":"product-type-simple"},"_links":{"self":[{"href":"https:\/\/www.andelutech.com\/fr\/wp-json\/wp\/v2\/product\/2365","targetHints":{"allow":["GET"]}}],"collection":[{"href":"https:\/\/www.andelutech.com\/fr\/wp-json\/wp\/v2\/product"}],"about":[{"href":"https:\/\/www.andelutech.com\/fr\/wp-json\/wp\/v2\/types\/product"}],"replies":[{"embeddable":true,"href":"https:\/\/www.andelutech.com\/fr\/wp-json\/wp\/v2\/comments?post=2365"}],"wp:featuredmedia":[{"embeddable":true,"href":"https:\/\/www.andelutech.com\/fr\/wp-json\/wp\/v2\/media\/3364"}],"wp:attachment":[{"href":"https:\/\/www.andelutech.com\/fr\/wp-json\/wp\/v2\/media?parent=2365"}],"wp:term":[{"taxonomy":"product_brand","embeddable":true,"href":"https:\/\/www.andelutech.com\/fr\/wp-json\/wp\/v2\/product_brand?post=2365"},{"taxonomy":"product_cat","embeddable":true,"href":"https:\/\/www.andelutech.com\/fr\/wp-json\/wp\/v2\/product_cat?post=2365"},{"taxonomy":"product_tag","embeddable":true,"href":"https:\/\/www.andelutech.com\/fr\/wp-json\/wp\/v2\/product_tag?post=2365"}],"curies":[{"name":"wp","href":"https:\/\/api.w.org\/{rel}","templated":true}]}}