{"id":2354,"date":"2025-05-23T14:13:05","date_gmt":"2025-05-23T06:13:05","guid":{"rendered":"https:\/\/www.andelutech.com\/?post_type=product&#038;p=2354"},"modified":"2026-01-09T14:49:48","modified_gmt":"2026-01-09T06:49:48","slug":"tilt-sensor-precision-0-001","status":"publish","type":"product","link":"https:\/\/www.andelutech.com\/fr\/product\/tilt-sensor-precision-0-001\/","title":{"rendered":"AND-TS-12200 Tilt Sensor Precision 0.001\u00b0"},"content":{"rendered":"","protected":false},"excerpt":{"rendered":"<p><strong><b>Introduction<\/b><\/strong><\/p>\n<p>AND-TS-12200-Modbus Haute pr\u00e9cision Transmission sans fil<a href=\"https:\/\/www.ericcointernational.com\/tilt-sensor\">Capteur d'inclinaison<\/a>\u00a0est un capteur d'inclinaison sans fil avec une consommation d'\u00e9nergie ultra-bas, une petite taille et des performances \u00e9lev\u00e9es, qui s'adresse \u00e0 l'application industrielle des utilisateurs sans alimentation ou mesure dynamique en temps r\u00e9el de l'angle d'attitude des objets. Propuls\u00e9 par le lithium Battery, bas\u00e9 sur la technologie de transmission sans fil Internet des objets et Zigbee (facultatif), tous les circuits internes ont \u00e9t\u00e9 optimis\u00e9s et con\u00e7us, et diverses mesures telles que le MCU industriel, la carte PCB \u00e0 trois preuves, le c\u00e2ble import\u00e9, la coquille de m\u00e9tal \u00e0 temp\u00e9rature large sont adopt\u00e9es pour am\u00e9liorer le niveau industriel du produit. Avec une bonne stabilit\u00e9 \u00e0 long terme et une petite d\u00e9rive z\u00e9ro, il peut automatiquement entrer en mode de sommeil \u00e0 faible puissance, afin de se d\u00e9barrasser de la d\u00e9pendance \u00e0 l'environnement d'utilisation.<\/p>\n<p>Le produit a une structure compacte, une conception pr\u00e9cise, une compensation RE pour la temp\u00e9rature et la lin\u00e9arit\u00e9, et des fonctions de protection compl\u00e8tes int\u00e9gr\u00e9es telles que le court-circuit, la haute tension instantan\u00e9e, la polarit\u00e9, la surtension, etc. Il est simple et pratique \u00e0 utiliser. La m\u00e9thode de transmission du signal num\u00e9rique sans fil \u00e9limine le c\u00e2blage lourd et les interf\u00e9rences de bruit caus\u00e9es par une longue transmission de c\u00e2bles;  Les n\u0153uds de capteur sans fil peuvent former un \u00e9norme r\u00e9seau sans fil, prendre en charge des milliers de points de mesure pour surveiller l'inclinaison en m\u00eame temps et prendre en charge les logiciels informatiques professionnels. Sans sondage sur le terrain, il peut mesurer et enregistrer l'\u00e9tat de l'objet mesur\u00e9 en temps r\u00e9el;<\/p>\n<p><strong><b>Caract\u00e9ristiques<\/b><\/strong><\/p>\n<p>Surveillance \u00e0 double axe (en option en un seul axe)<\/p>\n<p>Plage: \u00b1 30 \u00b0<\/p>\n<p>Pr\u00e9cision: 0,001 \u00b0, r\u00e9solution: 0,0005 \u00b0<\/p>\n<p>Volume (94 * 74 * 64 mm) (personnalisable)<\/p>\n<p>Consommation d'\u00e9nergie ultra faible<\/p>\n<p>Propuls\u00e9 par une batterie de lithium rechargeable int\u00e9gr\u00e9e<\/p>\n<p>Fonctionnement de temp\u00e9rature large -40 ~ + 85 \u2103<\/p>\n<p>Grade de protection IP67<\/p>\n<p><strong><b>Applications<\/b><\/strong><\/p>\n<p>Construction de ponts<\/p>\n<p>Nivellement de l'inclinaison du panoramique<\/p>\n<p>Mesure de l'attitude de navigation par navire<\/p>\n<p>Surveillance du tunnel de fondation \u00e9lev\u00e9e<\/p>\n<p>Positionnement de l'antenne solaire satellite<\/p>\n<p>\u00c9quipement m\u00e9dical<\/p>\n<p>Contr\u00f4le d'angle de diverses machines de construction<\/p>","protected":false},"featured_media":2355,"comment_status":"open","ping_status":"closed","template":"","meta":[],"product_brand":[],"product_cat":[24],"product_tag":[],"class_list":{"0":"post-2354","1":"product","2":"type-product","3":"status-publish","4":"has-post-thumbnail","6":"product_cat-tilt-sensor","8":"first","9":"instock","10":"shipping-taxable","11":"product-type-simple"},"_links":{"self":[{"href":"https:\/\/www.andelutech.com\/fr\/wp-json\/wp\/v2\/product\/2354","targetHints":{"allow":["GET"]}}],"collection":[{"href":"https:\/\/www.andelutech.com\/fr\/wp-json\/wp\/v2\/product"}],"about":[{"href":"https:\/\/www.andelutech.com\/fr\/wp-json\/wp\/v2\/types\/product"}],"replies":[{"embeddable":true,"href":"https:\/\/www.andelutech.com\/fr\/wp-json\/wp\/v2\/comments?post=2354"}],"wp:featuredmedia":[{"embeddable":true,"href":"https:\/\/www.andelutech.com\/fr\/wp-json\/wp\/v2\/media\/2355"}],"wp:attachment":[{"href":"https:\/\/www.andelutech.com\/fr\/wp-json\/wp\/v2\/media?parent=2354"}],"wp:term":[{"taxonomy":"product_brand","embeddable":true,"href":"https:\/\/www.andelutech.com\/fr\/wp-json\/wp\/v2\/product_brand?post=2354"},{"taxonomy":"product_cat","embeddable":true,"href":"https:\/\/www.andelutech.com\/fr\/wp-json\/wp\/v2\/product_cat?post=2354"},{"taxonomy":"product_tag","embeddable":true,"href":"https:\/\/www.andelutech.com\/fr\/wp-json\/wp\/v2\/product_tag?post=2354"}],"curies":[{"name":"wp","href":"https:\/\/api.w.org\/{rel}","templated":true}]}}