{"id":2352,"date":"2025-05-23T14:07:48","date_gmt":"2025-05-23T06:07:48","guid":{"rendered":"https:\/\/www.andelutech.com\/?post_type=product&#038;p=2352"},"modified":"2025-06-30T17:44:26","modified_gmt":"2025-06-30T09:44:26","slug":"and-fimu-5500-high-bandwidth-and-large-range-fog-imu","status":"publish","type":"product","link":"https:\/\/www.andelutech.com\/fr\/product\/and-fimu-5500-high-bandwidth-and-large-range-fog-imu\/","title":{"rendered":"Et la bande passante \u00e9lev\u00e9e et le brouillard \u00e0 grande gamme IMU\u00a0"},"content":{"rendered":"","protected":false},"excerpt":{"rendered":"<p><strong><b>Introduction<\/b><\/strong><\/p>\n<p>Et la bande passante \u00e9lev\u00e9e et la largeur haute et grande gamme\u00a0<a href=\"https:\/\/www.ericcointernational.com\/inertial-measurement-units\/fog-imu\/\">BROUILLARD IMU<\/a>\u00a0est compos\u00e9 de gyroscope \u00e0 fibre optique et d'acc\u00e9l\u00e9rom\u00e8tre flexible en quartz. Le produit adopte le gyroscope \u00e0 fibre optique en boucle ferm\u00e9e \u00e0 trois axes, qui a une bonne pr\u00e9cision et une bonne apparence l\u00e9g\u00e8re. Le produit de l'unit\u00e9 de mesure inertielle de la fibre optique est un dispositif de mesure inertielle rentable, qui a les caract\u00e9ristiques du haut d\u00e9bit, de la haute r\u00e9solution, de la faible d\u00e9rive z\u00e9ro, de la lin\u00e9arit\u00e9 \u00e9lev\u00e9e, du temps de d\u00e9marrage court, de forte r\u00e9sistance aux chocs et des vibrations, de petite taille et de faible co\u00fbt.<\/p>\n<p><strong><b>Caract\u00e9ristiques<\/b><\/strong><\/p>\n<p>Bande passante \u00e9lev\u00e9e, grande gamme, faible consommation d'\u00e9nergie et petit volume;<\/p>\n<p>Le temps de r\u00e9ponse est court et le taux de mise \u00e0 jour des donn\u00e9es peut atteindre 4 kHz;<\/p>\n<p>Avec le processeur ARM, l'algorithme de navigation peut \u00eatre con\u00e7u en fonction des besoins de l'utilisateur;<\/p>\n<p>Les donn\u00e9es du capteur sont calibr\u00e9es et compens\u00e9es par la temp\u00e9rature, et l'ensemble des performances de temp\u00e9rature est stable.<\/p>\n<p><strong><b>Applications<\/b><\/strong><\/p>\n<p>Munitions intelligentes (JDAM);<\/p>\n<p>Arpentage a\u00e9ronautique et cartographie;<\/p>\n<p>Navigation et positionnement des v\u00e9hicules;<\/p>\n<p>Contr\u00f4le d'attitude;<\/p>\n<p>Mesure de soul\u00e8vement;<\/p>\n<p>Syst\u00e8me de navigation int\u00e9gr\u00e9;<\/p>\n<p><strong><b>Indicateurs techniques principaux<\/b><\/strong><\/p>\n<p>Indicateurs globaux:<\/p>\n<p>Poids: \u2264900g;<\/p>\n<p>Dimension: 81 mm * 81 mm * 98 mm;<\/p>\n<p>Alimentation: 9 ~ 36V DC;<\/p>\n<p>La consommation d'\u00e9nergie constante: \u226410W;<\/p>\n<p>Temp\u00e9rature de travail: -40 ~ + 60 C;<\/p>\n<p>Fr\u00e9quence de mise \u00e0 jour des donn\u00e9es: 1000Hz (personnalisable MAX 4000Hz);<\/p>\n<p>Interface: RS422.<\/p>\n<p><strong><b>Gyroscope \u00e0 fibre optique\u00a0<\/b><\/strong><\/p>\n<p>Plage: \u00b1 1000 \u00b0 \/ s;<\/p>\n<p>Stabilit\u00e9 du biais: \u22640,5 \u00b0 \/ h<\/p>\n<p>Biais r\u00e9p\u00e9tabilit\u00e9: \u22640,5 \u00b0 \/ h<\/p>\n<p>Coefficient de marche al\u00e9atoire: \u22640,05 \u00b0 \/ h0.5<\/p>\n<p>Facteur d'\u00e9chelle de la r\u00e9p\u00e9tabilit\u00e9: \u2264100 ppm<\/p>\n<p>\u00c9chelle de non-lin\u00e9arit\u00e9: \u2264100 ppm<\/p>\n<p>Bande passante: \u2265500Hz<\/p>\n<p><strong><b>Acc\u00e9l\u00e9rom\u00e8tre de quartz<\/b><\/strong><\/p>\n<p>Plage: \u00b1 10g<\/p>\n<p>Stabilit\u00e9 du biais: \u2264300UG (moyenne 1)<\/p>\n<p>Stabilit\u00e9 du facteur d'\u00e9chelle: \u2264300 ppm (-40 ~ + 60 \u2103)<\/p>\n<p><strong><b>Indicateurs de mode gyroscope vertical<\/b><\/strong><\/p>\n<p>Plage de mesure d'attitude horizontale: \u00b1 60 \u00b0;<\/p>\n<p>Pr\u00e9cision d'attitude horizontale: \u22640,03 \u00b0;<\/p>\n<p>Plage de mesure du soul\u00e8vement: \u00b1 5 m;<\/p>\n<p>Pr\u00e9cision de mesure du soul\u00e8vement: \u2264 5% (la pr\u00e9cision est meilleure que 5 cm lorsque l'amplitude est inf\u00e9rieure \u00e0 1 m).<\/p>","protected":false},"featured_media":2714,"comment_status":"open","ping_status":"closed","template":"","meta":[],"product_brand":[],"product_cat":[26],"product_tag":[],"class_list":{"0":"post-2352","1":"product","2":"type-product","3":"status-publish","4":"has-post-thumbnail","6":"product_cat-imu-mems-ins","8":"first","9":"instock","10":"shipping-taxable","11":"product-type-simple"},"_links":{"self":[{"href":"https:\/\/www.andelutech.com\/fr\/wp-json\/wp\/v2\/product\/2352","targetHints":{"allow":["GET"]}}],"collection":[{"href":"https:\/\/www.andelutech.com\/fr\/wp-json\/wp\/v2\/product"}],"about":[{"href":"https:\/\/www.andelutech.com\/fr\/wp-json\/wp\/v2\/types\/product"}],"replies":[{"embeddable":true,"href":"https:\/\/www.andelutech.com\/fr\/wp-json\/wp\/v2\/comments?post=2352"}],"wp:featuredmedia":[{"embeddable":true,"href":"https:\/\/www.andelutech.com\/fr\/wp-json\/wp\/v2\/media\/2714"}],"wp:attachment":[{"href":"https:\/\/www.andelutech.com\/fr\/wp-json\/wp\/v2\/media?parent=2352"}],"wp:term":[{"taxonomy":"product_brand","embeddable":true,"href":"https:\/\/www.andelutech.com\/fr\/wp-json\/wp\/v2\/product_brand?post=2352"},{"taxonomy":"product_cat","embeddable":true,"href":"https:\/\/www.andelutech.com\/fr\/wp-json\/wp\/v2\/product_cat?post=2352"},{"taxonomy":"product_tag","embeddable":true,"href":"https:\/\/www.andelutech.com\/fr\/wp-json\/wp\/v2\/product_tag?post=2352"}],"curies":[{"name":"wp","href":"https:\/\/api.w.org\/{rel}","templated":true}]}}