{"id":2350,"date":"2025-05-23T14:06:55","date_gmt":"2025-05-23T06:06:55","guid":{"rendered":"https:\/\/www.andelutech.com\/?post_type=product&#038;p=2350"},"modified":"2025-06-30T17:53:06","modified_gmt":"2025-06-30T09:53:06","slug":"and-fimu-70-fog-imu","status":"publish","type":"product","link":"https:\/\/www.andelutech.com\/fr\/product\/and-fimu-70-fog-imu\/","title":{"rendered":"ET FIMU-70 FOG IMU"},"content":{"rendered":"","protected":false},"excerpt":{"rendered":"<p><strong><b>Introduction:<\/b><\/strong><\/p>\n<p>Et l'unit\u00e9 de mesure inertielle du brouillard FIMU-70 est sp\u00e9cialement d\u00e9velopp\u00e9e pour les applications du syst\u00e8me tactique. Le produit se compose de toutes les fibres optiques \u00e0 trois axes \u00e0 l'\u00e9tat solide\u00a0<a href=\"https:\/\/www.ericcointernational.com\/gyroscope\"><u>gyroscope<\/u><\/a>, acc\u00e9l\u00e9rom\u00e8tres flexibles en quartz \u00e0 trois axes, structure corporelle, carte d'interface de donn\u00e9es et autres composants.<\/p>\n<p><strong><b>Applications<\/b><\/strong><\/p>\n<p>Navigation inertielle des missiles de surface \u00e0 air<\/p>\n<p>Missiles air-air et missiles de navigation<\/p>\n<p>Syst\u00e8mes de stabilisation de l'espace, syst\u00e8mes de cartographie, syst\u00e8mes de r\u00e9f\u00e9rence d'attitude, syst\u00e8mes de compensation de mouvement, syst\u00e8mes de stabilisation d'imagerie, syst\u00e8mes de contr\u00f4le de vol<\/p>\n<p>Instruments de man\u0153uvre de combat a\u00e9rien<\/p>\n<p>\u00c9quipement de test de navigation<\/p>\n<p><strong><b>Caract\u00e9ristiques<\/b><\/strong><\/p>\n<p><strong><b>Gyroscope:<\/b><\/strong><\/p>\n<p>Plage de mesure: \u2264 500 \u00b0 \/ s<\/p>\n<p>\u00c9chelle de facteur non lin\u00e9aire \u2264300 ppm (1\u03c3)<\/p>\n<p>R\u00e9p\u00e9nabilit\u00e9 du biais \u22640,1-0,5\u00ba \/ h (1\u03c3)<\/p>\n<p>Stabilit\u00e9 du biais \u22640,1\u00ba-0,5\u00ba \/ h (1\u03c3)<\/p>\n<p><strong><b>Acc\u00e9l\u00e9rom\u00e8tre:<\/b><\/strong><\/p>\n<p>Plage de mesure \u00b1 50 g<\/p>\n<p>\u00c9chelle de facteur non lin\u00e9aire \u2264300 ppm (1\u03c3)<\/p>\n<p>R\u00e9p\u00e9nabilit\u00e9 \u00e0 l'\u00e9chelle du facteur \u22645 \u00d7 10-4g (1\u03c3)<\/p>\n<p>Dimensions: 200 * 100 * 90 mm (personnalisable)<\/p>\n<p>Poids: 1200g \u00b1 60g<\/p>\n<p>Alimentation: 28V DC (personnalisable)<\/p>\n<p>Interface de communication: RS-232 (personnalisable)<\/p>","protected":false},"featured_media":2728,"comment_status":"open","ping_status":"closed","template":"","meta":[],"product_brand":[],"product_cat":[26],"product_tag":[],"class_list":{"0":"post-2350","1":"product","2":"type-product","3":"status-publish","4":"has-post-thumbnail","6":"product_cat-imu-mems-ins","8":"first","9":"instock","10":"shipping-taxable","11":"product-type-simple"},"_links":{"self":[{"href":"https:\/\/www.andelutech.com\/fr\/wp-json\/wp\/v2\/product\/2350","targetHints":{"allow":["GET"]}}],"collection":[{"href":"https:\/\/www.andelutech.com\/fr\/wp-json\/wp\/v2\/product"}],"about":[{"href":"https:\/\/www.andelutech.com\/fr\/wp-json\/wp\/v2\/types\/product"}],"replies":[{"embeddable":true,"href":"https:\/\/www.andelutech.com\/fr\/wp-json\/wp\/v2\/comments?post=2350"}],"wp:featuredmedia":[{"embeddable":true,"href":"https:\/\/www.andelutech.com\/fr\/wp-json\/wp\/v2\/media\/2728"}],"wp:attachment":[{"href":"https:\/\/www.andelutech.com\/fr\/wp-json\/wp\/v2\/media?parent=2350"}],"wp:term":[{"taxonomy":"product_brand","embeddable":true,"href":"https:\/\/www.andelutech.com\/fr\/wp-json\/wp\/v2\/product_brand?post=2350"},{"taxonomy":"product_cat","embeddable":true,"href":"https:\/\/www.andelutech.com\/fr\/wp-json\/wp\/v2\/product_cat?post=2350"},{"taxonomy":"product_tag","embeddable":true,"href":"https:\/\/www.andelutech.com\/fr\/wp-json\/wp\/v2\/product_tag?post=2350"}],"curies":[{"name":"wp","href":"https:\/\/api.w.org\/{rel}","templated":true}]}}