{"id":2348,"date":"2025-05-23T14:05:59","date_gmt":"2025-05-23T06:05:59","guid":{"rendered":"https:\/\/www.andelutech.com\/?post_type=product&#038;p=2348"},"modified":"2025-06-30T17:48:49","modified_gmt":"2025-06-30T09:48:49","slug":"and-fimu-60-low-cost-high-precision-fog-imu-replace-ln200","status":"publish","type":"product","link":"https:\/\/www.andelutech.com\/fr\/product\/and-fimu-60-low-cost-high-precision-fog-imu-replace-ln200\/","title":{"rendered":"AND-FIMU-60 Low Cost &#038; Haute pr\u00e9cision FOG IMU (remplacer LN200)"},"content":{"rendered":"","protected":false},"excerpt":{"rendered":"<p><strong><b>Introduction:<\/b><\/strong><\/p>\n<p>AND-FIMU-60 Low Cost &amp; High Precision FOG IMU (remplacer le LN200) d\u00e9velopp\u00e9 pour les syst\u00e8mes militaires tactiques afin de remplacer le LN200 de Northrop Grumman (ancien Litton). Il se compose d'un gyroscope \u00e0 fibre optique triaxial enti\u00e8rement solide et d'un acc\u00e9l\u00e9rom\u00e8tre de flexibilit\u00e9 \u00e0 quartz triaxial, de la structure du corps, de la carte d'interface de donn\u00e9es et d'autres composants. Il pr\u00e9sente les avantages suivants: d\u00e9marrage rapide et r\u00e9ponse rapide; mesure compl\u00e8te de l'attitude; faible consommation d'\u00e9nergie et miniaturisation; enti\u00e8rement scell\u00e9, pi\u00e8ce non active et compartiment de protection contre le gaz, et structure de cadre fiable, pr\u00e9sentant ainsi une fiabilit\u00e9 \u00e9lev\u00e9e et une longue dur\u00e9e de vie. Le capteur a un faible bruit et un faible d\u00e9calage, et peut \u00eatre directement int\u00e9gr\u00e9 avec l'ordinateur de navigation, le r\u00e9cepteur par satellite et les logiciels connexes pour former la navigation int\u00e9gr\u00e9e GNSS \/ INS. Il peut \u00eatre directement appliqu\u00e9 \u00e0 la navigation inertielle des missiles sol-air, air-air et missiles de navigation. Il peut \u00eatre largement utilis\u00e9 dans les syst\u00e8mes de stabilisation spatiale, les syst\u00e8mes de cartographie, les syst\u00e8mes de r\u00e9f\u00e9rence d'attitude, les syst\u00e8mes de compensation de mouvement, les syst\u00e8mes de stabilisation d'imagerie, les syst\u00e8mes de contr\u00f4le de vol et les instruments de man\u0153uvre de combat a\u00e9rien \/ \u00e9quipement d'essai de navigation.<\/p>","protected":false},"featured_media":2722,"comment_status":"open","ping_status":"closed","template":"","meta":[],"product_brand":[],"product_cat":[26],"product_tag":[],"class_list":{"0":"post-2348","1":"product","2":"type-product","3":"status-publish","4":"has-post-thumbnail","6":"product_cat-imu-mems-ins","8":"first","9":"instock","10":"shipping-taxable","11":"product-type-simple"},"_links":{"self":[{"href":"https:\/\/www.andelutech.com\/fr\/wp-json\/wp\/v2\/product\/2348","targetHints":{"allow":["GET"]}}],"collection":[{"href":"https:\/\/www.andelutech.com\/fr\/wp-json\/wp\/v2\/product"}],"about":[{"href":"https:\/\/www.andelutech.com\/fr\/wp-json\/wp\/v2\/types\/product"}],"replies":[{"embeddable":true,"href":"https:\/\/www.andelutech.com\/fr\/wp-json\/wp\/v2\/comments?post=2348"}],"wp:featuredmedia":[{"embeddable":true,"href":"https:\/\/www.andelutech.com\/fr\/wp-json\/wp\/v2\/media\/2722"}],"wp:attachment":[{"href":"https:\/\/www.andelutech.com\/fr\/wp-json\/wp\/v2\/media?parent=2348"}],"wp:term":[{"taxonomy":"product_brand","embeddable":true,"href":"https:\/\/www.andelutech.com\/fr\/wp-json\/wp\/v2\/product_brand?post=2348"},{"taxonomy":"product_cat","embeddable":true,"href":"https:\/\/www.andelutech.com\/fr\/wp-json\/wp\/v2\/product_cat?post=2348"},{"taxonomy":"product_tag","embeddable":true,"href":"https:\/\/www.andelutech.com\/fr\/wp-json\/wp\/v2\/product_tag?post=2348"}],"curies":[{"name":"wp","href":"https:\/\/api.w.org\/{rel}","templated":true}]}}