{"id":2344,"date":"2025-05-23T14:04:36","date_gmt":"2025-05-23T06:04:36","guid":{"rendered":"https:\/\/www.andelutech.com\/?post_type=product&#038;p=2344"},"modified":"2025-06-30T17:12:23","modified_gmt":"2025-06-30T09:12:23","slug":"and-fimu-50-minimum-fog-imu-50","status":"publish","type":"product","link":"https:\/\/www.andelutech.com\/fr\/product\/and-fimu-50-minimum-fog-imu-50\/","title":{"rendered":"Et FIMU-50 FOG minimum IMU 50"},"content":{"rendered":"","protected":false},"excerpt":{"rendered":"<p><strong><b>Introduction<\/b><\/strong><\/p>\n<p>ET-FIMU-50\u00a0<a href=\"https:\/\/www.ericcointernational.com\/inertial-measurement-units\/fog-imu\/\">FOG IMU<\/a>est un dispositif de mesure inertielle minimum rentable pour la navigation, le contr\u00f4le et la mesure dynamique. Le syst\u00e8me adopte un gyroscope et un acc\u00e9l\u00e9rom\u00e8tre \u00e0 fibre optique en boucle ferm\u00e9e de haute fiabilit\u00e9 et assure la pr\u00e9cision de la mesure gr\u00e2ce \u00e0 de multiples techniques de compensation. Une technologie rigoureuse est adopt\u00e9e dans le processus de fabrication pour garantir que les param\u00e8tres de mouvement angulaire et lin\u00e9aire du support peuvent \u00eatre mesur\u00e9s avec pr\u00e9cision dans des conditions difficiles.<\/p>\n<p>Le produit offre une excellente exp\u00e9rience utilisateur. En plus de l'alimentation \u00e0 grande tension, les utilisateurs peuvent \u00e9galement configurer la bande passante de sortie, le taux de mise \u00e0 jour des donn\u00e9es, le taux de baud du port de communication et le protocole de communication en fonction de leurs besoins.<strong><b>\u00a0<\/b><\/strong><\/p>\n<p><strong><b>Caract\u00e9ristiques<\/b><\/strong><\/p>\n<p>Fibre optique minimale\u00a0<a href=\"https:\/\/www.ericcointernational.com\/inertial-measurement-units\/\">IMU<\/a><\/p>\n<p>Compensation compl\u00e8te de temp\u00e9rature<\/p>\n<p>Forte r\u00e9sistance aux chocs et aux vibrations<\/p>\n<p>Bande passante&gt; 100 Hz<\/p>\n<p>Taux de mise \u00e0 jour des donn\u00e9es: 100Hz ~ 4000Hz<\/p>\n<p>Taux de baud configurable, jusqu'\u00e0 921,6 Kbps<\/p>\n<p>Poids&lt; 600 g<\/p>\n<p>Alimentation de tension large 9V ~ 31V<\/p>\n<p>Consommation d'\u00e9nergie 4,8 W<\/p>\n<p><strong><b>Applications<\/b><\/strong><\/p>\n<p><a href=\"https:\/\/www.ericcointernational.com\/attitude-heading-reference-system\/\">AHRS<\/a><\/p>\n<p>Syst\u00e8me de contr\u00f4le de guidage<\/p>\n<p>Mesure de l'attitude des v\u00e9hicules et des navires<\/p>\n<p>Syst\u00e8me de navigation int\u00e9gr\u00e9 inertiel\/satellite<\/p>\n<p>Syst\u00e8me de forage<\/p>\n<p>Syst\u00e8me de cartographie mobile<\/p>\n<p>Communication par satellite en mouvement<\/p>","protected":false},"featured_media":2706,"comment_status":"open","ping_status":"closed","template":"","meta":[],"product_brand":[],"product_cat":[26],"product_tag":[],"class_list":{"0":"post-2344","1":"product","2":"type-product","3":"status-publish","4":"has-post-thumbnail","6":"product_cat-imu-mems-ins","8":"first","9":"instock","10":"shipping-taxable","11":"product-type-simple"},"_links":{"self":[{"href":"https:\/\/www.andelutech.com\/fr\/wp-json\/wp\/v2\/product\/2344","targetHints":{"allow":["GET"]}}],"collection":[{"href":"https:\/\/www.andelutech.com\/fr\/wp-json\/wp\/v2\/product"}],"about":[{"href":"https:\/\/www.andelutech.com\/fr\/wp-json\/wp\/v2\/types\/product"}],"replies":[{"embeddable":true,"href":"https:\/\/www.andelutech.com\/fr\/wp-json\/wp\/v2\/comments?post=2344"}],"wp:featuredmedia":[{"embeddable":true,"href":"https:\/\/www.andelutech.com\/fr\/wp-json\/wp\/v2\/media\/2706"}],"wp:attachment":[{"href":"https:\/\/www.andelutech.com\/fr\/wp-json\/wp\/v2\/media?parent=2344"}],"wp:term":[{"taxonomy":"product_brand","embeddable":true,"href":"https:\/\/www.andelutech.com\/fr\/wp-json\/wp\/v2\/product_brand?post=2344"},{"taxonomy":"product_cat","embeddable":true,"href":"https:\/\/www.andelutech.com\/fr\/wp-json\/wp\/v2\/product_cat?post=2344"},{"taxonomy":"product_tag","embeddable":true,"href":"https:\/\/www.andelutech.com\/fr\/wp-json\/wp\/v2\/product_tag?post=2344"}],"curies":[{"name":"wp","href":"https:\/\/api.w.org\/{rel}","templated":true}]}}