{"id":2335,"date":"2025-05-23T13:59:41","date_gmt":"2025-05-23T05:59:41","guid":{"rendered":"https:\/\/www.andelutech.com\/?post_type=product&#038;p=2335"},"modified":"2026-01-12T15:21:50","modified_gmt":"2026-01-12T07:21:50","slug":"high-accuracy-mems-imu-m01-a","status":"publish","type":"product","link":"https:\/\/www.andelutech.com\/fr\/product\/high-accuracy-mems-imu-m01-a\/","title":{"rendered":"AND-M01-A High Accuracy MEMS IMU"},"content":{"rendered":"","protected":false},"excerpt":{"rendered":"<p><strong><b>Introduction<\/b><\/strong><\/p>\n<p>Les MEMS peuvent mesurer les informations de d\u00e9bit angulaire de la hauteur, du rouleau et de la rubrique en temps r\u00e9el et les publier aux utilisateurs.<\/p>\n<p>A\u00a0<a href=\"https:\/\/www.ericcointernational.com\/inertial-measurement-units\/mems-inertial-measurement-unit\/\">MEMS IMU<\/a>\u00a0Le capteur, le gyroscope et l'acc\u00e9l\u00e9rom\u00e8tre COMPOS\u00c9S de GYROSCOPE MEMS, de l'acc\u00e9l\u00e9rom\u00e8tre MEMS et du magn\u00e9tom\u00e8tre constituent les composants centraux du syst\u00e8me de navigation inertielle. Gr\u00e2ce \u00e0 l'acc\u00e9l\u00e9rom\u00e8tre et au gyroscope int\u00e9gr\u00e9s, l'IMU peut mesurer l'acc\u00e9l\u00e9ration lin\u00e9aire et la vitesse angulaire de rotation dans trois directions, et obtenir l'attitude, la vitesse et les informations de d\u00e9placement des porteurs.<\/p>\n<p>L'IMU est principalement utilis\u00e9e dans des \u00e9quipements de contr\u00f4le de mouvement, tels que les v\u00e9hicules et les robots, et peut \u00e9galement \u00eatre utilis\u00e9 \u00e0 des occasions qui n\u00e9cessitent l'utilisation du calcul d'attitude pour un d\u00e9placement pr\u00e9cis, tels que l'\u00e9quipement de navigation inertielle pour les sous-marins, les avions, les missiles et les vaisseaux spatiaux. Par rapport \u00e0 d'autres \u00e9quipements de navigation, le syst\u00e8me de navigation inertielle a \u00e9galement les caract\u00e9ristiques importantes des informations compl\u00e8tes, l'autonomie compl\u00e8te, la forte dissimulation, les informations continues en temps r\u00e9el, sans le temps, les restrictions g\u00e9ographiques et les facteurs humains, ce qui le rend adapt\u00e9 \u00e0 l'air, \u00e0 l'eau et au travail souterrain normalement dans l'environnement.<\/p>","protected":false},"featured_media":2318,"comment_status":"open","ping_status":"closed","template":"","meta":[],"product_brand":[],"product_cat":[26],"product_tag":[],"class_list":{"0":"post-2335","1":"product","2":"type-product","3":"status-publish","4":"has-post-thumbnail","6":"product_cat-imu-mems-ins","8":"first","9":"instock","10":"shipping-taxable","11":"product-type-simple"},"_links":{"self":[{"href":"https:\/\/www.andelutech.com\/fr\/wp-json\/wp\/v2\/product\/2335","targetHints":{"allow":["GET"]}}],"collection":[{"href":"https:\/\/www.andelutech.com\/fr\/wp-json\/wp\/v2\/product"}],"about":[{"href":"https:\/\/www.andelutech.com\/fr\/wp-json\/wp\/v2\/types\/product"}],"replies":[{"embeddable":true,"href":"https:\/\/www.andelutech.com\/fr\/wp-json\/wp\/v2\/comments?post=2335"}],"wp:featuredmedia":[{"embeddable":true,"href":"https:\/\/www.andelutech.com\/fr\/wp-json\/wp\/v2\/media\/2318"}],"wp:attachment":[{"href":"https:\/\/www.andelutech.com\/fr\/wp-json\/wp\/v2\/media?parent=2335"}],"wp:term":[{"taxonomy":"product_brand","embeddable":true,"href":"https:\/\/www.andelutech.com\/fr\/wp-json\/wp\/v2\/product_brand?post=2335"},{"taxonomy":"product_cat","embeddable":true,"href":"https:\/\/www.andelutech.com\/fr\/wp-json\/wp\/v2\/product_cat?post=2335"},{"taxonomy":"product_tag","embeddable":true,"href":"https:\/\/www.andelutech.com\/fr\/wp-json\/wp\/v2\/product_tag?post=2335"}],"curies":[{"name":"wp","href":"https:\/\/api.w.org\/{rel}","templated":true}]}}