{"id":2329,"date":"2025-05-23T13:56:45","date_gmt":"2025-05-23T05:56:45","guid":{"rendered":"https:\/\/www.andelutech.com\/?post_type=product&#038;p=2329"},"modified":"2026-01-12T15:40:05","modified_gmt":"2026-01-12T07:40:05","slug":"high-performance-mems-imu-m01","status":"publish","type":"product","link":"https:\/\/www.andelutech.com\/fr\/product\/high-performance-mems-imu-m01\/","title":{"rendered":"AND-M01 High Performance MEMS IMU"},"content":{"rendered":"","protected":false},"excerpt":{"rendered":"<p><strong><b>Introduction<\/b><\/strong><\/p>\n<p>Un capteur mems IMU combin\u00e9 par\u00a0<a href=\"https:\/\/www.ericcointernational.com\/gyroscope\/mems-gyroscope\/\">Gyroscope mems<\/a>,\u00a0<a href=\"https:\/\/www.ericcointernational.com\/accelerometer\/mems-accelerometer\/\">Acc\u00e9l\u00e9rom\u00e8tre MEMS<\/a>\u00a0et magn\u00e9tom\u00e8tre, gyroscope et\u00a0<a href=\"https:\/\/www.ericcointernational.com\/accelerometer\/\">acc\u00e9l\u00e9rom\u00e8tre<\/a>\u00a0constituent les composants principaux du syst\u00e8me de navigation inertielle. Gr\u00e2ce \u00e0 l'acc\u00e9l\u00e9rom\u00e8tre et au gyroscope int\u00e9gr\u00e9s, l'IMU peut mesurer l'acc\u00e9l\u00e9ration lin\u00e9aire et la vitesse angulaire de rotation dans trois directions, et obtenir l'attitude, la vitesse et les informations de d\u00e9placement des porteurs.<\/p>\n<p>Le produit est principalement utilis\u00e9 dans des \u00e9quipements de contr\u00f4le de mouvement, tels que les v\u00e9hicules et les robots, et peut \u00e9galement \u00eatre utilis\u00e9 \u00e0 des occasions qui n\u00e9cessitent l'utilisation du calcul d'attitude pour un d\u00e9placement pr\u00e9cis, tels que l'\u00e9quipement de navigation inertielle pour les sous-marins, les avions, les missiles et les vaisseaux spatiaux. Par rapport \u00e0 d'autres \u00e9quipements de navigation, le syst\u00e8me de navigation inertiel a \u00e9galement les caract\u00e9ristiques importantes des informations compl\u00e8tes, l'autonomie compl\u00e8te, la forte dissimulation, les informations continues en temps r\u00e9el, sans le temps, les restrictions g\u00e9ographiques et les facteurs humains, ce qui le rend adapt\u00e9 \u00e0 l'air, \u00e0 l'eau et aux travaux souterrains normalement dans l'environnement.<\/p>","protected":false},"featured_media":2330,"comment_status":"open","ping_status":"closed","template":"","meta":[],"product_brand":[],"product_cat":[26],"product_tag":[],"class_list":{"0":"post-2329","1":"product","2":"type-product","3":"status-publish","4":"has-post-thumbnail","6":"product_cat-imu-mems-ins","8":"first","9":"instock","10":"shipping-taxable","11":"product-type-simple"},"_links":{"self":[{"href":"https:\/\/www.andelutech.com\/fr\/wp-json\/wp\/v2\/product\/2329","targetHints":{"allow":["GET"]}}],"collection":[{"href":"https:\/\/www.andelutech.com\/fr\/wp-json\/wp\/v2\/product"}],"about":[{"href":"https:\/\/www.andelutech.com\/fr\/wp-json\/wp\/v2\/types\/product"}],"replies":[{"embeddable":true,"href":"https:\/\/www.andelutech.com\/fr\/wp-json\/wp\/v2\/comments?post=2329"}],"wp:featuredmedia":[{"embeddable":true,"href":"https:\/\/www.andelutech.com\/fr\/wp-json\/wp\/v2\/media\/2330"}],"wp:attachment":[{"href":"https:\/\/www.andelutech.com\/fr\/wp-json\/wp\/v2\/media?parent=2329"}],"wp:term":[{"taxonomy":"product_brand","embeddable":true,"href":"https:\/\/www.andelutech.com\/fr\/wp-json\/wp\/v2\/product_brand?post=2329"},{"taxonomy":"product_cat","embeddable":true,"href":"https:\/\/www.andelutech.com\/fr\/wp-json\/wp\/v2\/product_cat?post=2329"},{"taxonomy":"product_tag","embeddable":true,"href":"https:\/\/www.andelutech.com\/fr\/wp-json\/wp\/v2\/product_tag?post=2329"}],"curies":[{"name":"wp","href":"https:\/\/api.w.org\/{rel}","templated":true}]}}