{"id":2327,"date":"2025-05-23T13:54:18","date_gmt":"2025-05-23T05:54:18","guid":{"rendered":"https:\/\/www.andelutech.com\/?post_type=product&#038;p=2327"},"modified":"2026-01-09T13:14:48","modified_gmt":"2026-01-09T05:14:48","slug":"low-cost-attitude-control-mems-imu-08","status":"publish","type":"product","link":"https:\/\/www.andelutech.com\/fr\/product\/low-cost-attitude-control-mems-imu-08\/","title":{"rendered":"AND-IMU-08 Low-cost Attitude-control MEMS"},"content":{"rendered":"","protected":false},"excerpt":{"rendered":"<p><strong><b>Introduction<\/b><\/strong><\/p>\n<p>L'unit\u00e9 de mesure inertielle, appel\u00e9e IMU, est un dispositif pour mesurer l'angle d'attitude (ou la vitesse angulaire) et l'acc\u00e9l\u00e9ration des trois axes de l'objet.\u00a0<a href=\"https:\/\/www.ericcointernational.com\/gyroscope\">Gyroscope<\/a>\u00a0et<a href=\"https:\/\/www.ericcointernational.com\/accelerometer\">acc\u00e9l\u00e9rom\u00e8tre<\/a>\u00a0sont les principaux dispositifs du syst\u00e8me de navigation inertielle (<a href=\"https:\/\/www.ericcointernational.com\/inertial-navigation-system\">INS<\/a>). Avec le capteur acc\u00e9l\u00e9rom\u00e8tre et le gyroscope int\u00e9gr\u00e9s, l'IMU peut mesurer l'acc\u00e9l\u00e9ration lin\u00e9aire et la vitesse angulaire de rotation \u00e0 partir de trois directions et peut obtenir l'attitude, la vitesse et les informations de d\u00e9placement du porteur \u00e0 travers le r\u00e9solution.<\/p>\n<p>Et MIMU-08 utilise l'acc\u00e9l\u00e9rom\u00e8tre MEMS et le gyroscope avec une qualit\u00e9 et une fiabilit\u00e9 de haute, RS422 et la communication externe, le taux de bauds peut \u00eatre r\u00e9gl\u00e9 de mani\u00e8re flexible entre 9600 ~ 921600, via le protocole de communication pour d\u00e9finir le taux de bauds de communication requis par l'utilisateur. Avec x, y, z acc\u00e9l\u00e9rom\u00e8tre \u00e0 trois axes \u00e0 trois axes, \u00e0 trois axes \u00e0 trois axes \u00e0 haute r\u00e9solution, peut \u00eatre sorti par Rs422 x, Y, Z trois axes de gyroscope et de compl\u00e9ment hexad\u00e9cimal de l'acc\u00e9l\u00e9rom\u00e8tre (Acc\u00e9l\u00e9ration de la temp\u00e9rature num\u00e9rique, de l'angle acc\u00e9l\u00e9rat<\/p>\n<p><strong><b>Zones de candidature<\/b><\/strong><\/p>\n<p>Machinerie de construction Mesure de l'angle de trempette, contr\u00f4le de l'angle, surveillance de l'op\u00e9ration de pyl\u00f4ne, contr\u00f4le de l'angle de l'\u00e9quipement m\u00e9dical, recherche d'\u00e9toiles d'antenne satellite, pont, talon, tour, surveillance des barrages et surveillance des roches et du sol, l'exploitation, l'attitude \/heading Syst\u00e8me de r\u00e9f\u00e9rence, navigation inertielle int\u00e9gr\u00e9e.<\/p>","protected":false},"featured_media":2328,"comment_status":"open","ping_status":"closed","template":"","meta":[],"product_brand":[],"product_cat":[26],"product_tag":[],"class_list":{"0":"post-2327","1":"product","2":"type-product","3":"status-publish","4":"has-post-thumbnail","6":"product_cat-imu-mems-ins","8":"first","9":"instock","10":"shipping-taxable","11":"product-type-simple"},"_links":{"self":[{"href":"https:\/\/www.andelutech.com\/fr\/wp-json\/wp\/v2\/product\/2327","targetHints":{"allow":["GET"]}}],"collection":[{"href":"https:\/\/www.andelutech.com\/fr\/wp-json\/wp\/v2\/product"}],"about":[{"href":"https:\/\/www.andelutech.com\/fr\/wp-json\/wp\/v2\/types\/product"}],"replies":[{"embeddable":true,"href":"https:\/\/www.andelutech.com\/fr\/wp-json\/wp\/v2\/comments?post=2327"}],"wp:featuredmedia":[{"embeddable":true,"href":"https:\/\/www.andelutech.com\/fr\/wp-json\/wp\/v2\/media\/2328"}],"wp:attachment":[{"href":"https:\/\/www.andelutech.com\/fr\/wp-json\/wp\/v2\/media?parent=2327"}],"wp:term":[{"taxonomy":"product_brand","embeddable":true,"href":"https:\/\/www.andelutech.com\/fr\/wp-json\/wp\/v2\/product_brand?post=2327"},{"taxonomy":"product_cat","embeddable":true,"href":"https:\/\/www.andelutech.com\/fr\/wp-json\/wp\/v2\/product_cat?post=2327"},{"taxonomy":"product_tag","embeddable":true,"href":"https:\/\/www.andelutech.com\/fr\/wp-json\/wp\/v2\/product_tag?post=2327"}],"curies":[{"name":"wp","href":"https:\/\/api.w.org\/{rel}","templated":true}]}}