{"id":2321,"date":"2025-05-23T13:49:14","date_gmt":"2025-05-23T05:49:14","guid":{"rendered":"https:\/\/www.andelutech.com\/?post_type=product&#038;p=2321"},"modified":"2026-01-12T13:29:24","modified_gmt":"2026-01-12T05:29:24","slug":"north-seeking-mems-imu-mimu04","status":"publish","type":"product","link":"https:\/\/www.andelutech.com\/fr\/product\/north-seeking-mems-imu-mimu04\/","title":{"rendered":"AND-MIMU-05"},"content":{"rendered":"","protected":false},"excerpt":{"rendered":"<p><strong><b>Introduction<\/b><\/strong><\/p>\n<p>L'unit\u00e9 de mesure inertielle, appel\u00e9e IMU, est un dispositif pour mesurer l'angle d'attitude (ou la vitesse angulaire) et l'acc\u00e9l\u00e9ration des trois axes de l'objet.\u00a0<a href=\"https:\/\/www.ericcointernational.com\/gyroscope\">Gyroscope<\/a>\u00a0et<a href=\"https:\/\/www.ericcointernational.com\/accelerometer\">acc\u00e9l\u00e9rom\u00e8tre<\/a>\u00a0sont les principaux dispositifs du syst\u00e8me de navigation inertielle (<a href=\"https:\/\/www.ericcointernational.com\/inertial-navigation-system\">INS<\/a>). Avec le capteur acc\u00e9l\u00e9rom\u00e8tre et le gyroscope int\u00e9gr\u00e9s, l'IMU peut mesurer l'acc\u00e9l\u00e9ration lin\u00e9aire et la vitesse angulaire de rotation \u00e0 partir de trois directions et peut obtenir l'attitude, la vitesse et les informations de d\u00e9placement du porteur \u00e0 travers le r\u00e9solution.<\/p>\n<p>Et MIMU-05 utilise l'acc\u00e9l\u00e9rom\u00e8tre MEMS et le gyroscope de haute qualit\u00e9 et de la fiabilit\u00e9, RS422 et la communication externe, le taux de bauds peut \u00eatre r\u00e9gl\u00e9 de mani\u00e8re flexible entre 9600 ~ 921600, via le protocole de communication pour d\u00e9finir le taux de bauds de communication requis par l'utilisateur. Avec x, y, z acc\u00e9l\u00e9rom\u00e8tre \u00e0 trois axes \u00e0 trois axes, \u00e0 trois axes \u00e0 trois axes \u00e0 haute r\u00e9solution, peut \u00eatre sorti par Rs422 x, Y, Z trois axes de gyroscope et de compl\u00e9ment hexad\u00e9cimal de l'acc\u00e9l\u00e9rom\u00e8tre (Acc\u00e9l\u00e9ration de la temp\u00e9rature num\u00e9rique, de l'angle acc\u00e9l\u00e9rat<\/p>\n<p><strong><b>Zones de candidature<\/b><\/strong><\/p>\n<p>Exploration du p\u00e9trole;<\/p>\n<p>Bridge, b\u00e2timent grand, tour, surveillance des barrages<\/p>\n<p>Surveillance des roches et des sols<\/p>\n<p>Exploitation mini\u00e8re<\/p>","protected":false},"featured_media":2322,"comment_status":"open","ping_status":"closed","template":"","meta":[],"product_brand":[],"product_cat":[26],"product_tag":[],"class_list":{"0":"post-2321","1":"product","2":"type-product","3":"status-publish","4":"has-post-thumbnail","6":"product_cat-imu-mems-ins","8":"first","9":"instock","10":"shipping-taxable","11":"product-type-simple"},"_links":{"self":[{"href":"https:\/\/www.andelutech.com\/fr\/wp-json\/wp\/v2\/product\/2321","targetHints":{"allow":["GET"]}}],"collection":[{"href":"https:\/\/www.andelutech.com\/fr\/wp-json\/wp\/v2\/product"}],"about":[{"href":"https:\/\/www.andelutech.com\/fr\/wp-json\/wp\/v2\/types\/product"}],"replies":[{"embeddable":true,"href":"https:\/\/www.andelutech.com\/fr\/wp-json\/wp\/v2\/comments?post=2321"}],"wp:featuredmedia":[{"embeddable":true,"href":"https:\/\/www.andelutech.com\/fr\/wp-json\/wp\/v2\/media\/2322"}],"wp:attachment":[{"href":"https:\/\/www.andelutech.com\/fr\/wp-json\/wp\/v2\/media?parent=2321"}],"wp:term":[{"taxonomy":"product_brand","embeddable":true,"href":"https:\/\/www.andelutech.com\/fr\/wp-json\/wp\/v2\/product_brand?post=2321"},{"taxonomy":"product_cat","embeddable":true,"href":"https:\/\/www.andelutech.com\/fr\/wp-json\/wp\/v2\/product_cat?post=2321"},{"taxonomy":"product_tag","embeddable":true,"href":"https:\/\/www.andelutech.com\/fr\/wp-json\/wp\/v2\/product_tag?post=2321"}],"curies":[{"name":"wp","href":"https:\/\/api.w.org\/{rel}","templated":true}]}}