{"id":2308,"date":"2025-05-23T12:00:48","date_gmt":"2025-05-23T04:00:48","guid":{"rendered":"https:\/\/www.andelutech.com\/?post_type=product&#038;p=2308"},"modified":"2026-01-09T13:21:12","modified_gmt":"2026-01-09T05:21:12","slug":"dynamically-tuned-inertial-navigation-system","status":"publish","type":"product","link":"https:\/\/www.andelutech.com\/fr\/product\/dynamically-tuned-inertial-navigation-system\/","title":{"rendered":"AND-DINS Dynamically Tuned Inertial Navigation System"},"content":{"rendered":"","protected":false},"excerpt":{"rendered":"<p><strong><b>Introduction<\/b><\/strong><\/p>\n<p>R\u00e9gl\u00e9 de mani\u00e8re dynamique\u00a0<a href=\"https:\/\/www.ericcointernational.com\/inertial-navigation-system\/\">Syst\u00e8me de navigation inertielle<\/a>\u00a0se compose d'une unit\u00e9 de mesure inertielle, d'un capteur d'en-t\u00eate magn\u00e9tique et d'un contr\u00f4le de l'affichage, de l'antenne de r\u00e9ception par satellite, du radar doppler et du support de support d'installation. L'antenne de r\u00e9ception par satellite peut \u00eatre personnalis\u00e9e en fonction des besoins de BD2 \/GPS\/GLONASS Triple r\u00e9ception de l'antenne ou antenne anti-ing\u00e9rence BD2. L'unit\u00e9 de mesure inertielle peut \u00e9galement \u00eatre une forme distincte de l'unit\u00e9 de mesure inertielle, pour toutes sortes de syst\u00e8mes de commande de vol de missiles et de syst\u00e8me de guidage.<\/p>\n<p>Syst\u00e8me de navigation inertielle de la sangle d\u00e9termine la position de l'avion, le cap, l'altitude, l'acc\u00e9l\u00e9ration. En tant que navigation des avions, il d\u00e9termine le contr\u00f4le du vol, la gestion des itin\u00e9raires et fournit l'emplacement, la vitesse, l'attitude, les informations de cap. Le syst\u00e8me de navigation inertielle \u00e0 r\u00e9glage dynamique a un alignement rapide d'urgence, un alignement normal, une navigation, une correction, un \u00e9talonnage des param\u00e8tres, des tests, une liaison des param\u00e8tres et un stockage non volatile.<\/p>","protected":false},"featured_media":2309,"comment_status":"open","ping_status":"closed","template":"","meta":[],"product_brand":[],"product_cat":[26],"product_tag":[],"class_list":{"0":"post-2308","1":"product","2":"type-product","3":"status-publish","4":"has-post-thumbnail","6":"product_cat-imu-mems-ins","8":"first","9":"instock","10":"shipping-taxable","11":"product-type-simple"},"_links":{"self":[{"href":"https:\/\/www.andelutech.com\/fr\/wp-json\/wp\/v2\/product\/2308","targetHints":{"allow":["GET"]}}],"collection":[{"href":"https:\/\/www.andelutech.com\/fr\/wp-json\/wp\/v2\/product"}],"about":[{"href":"https:\/\/www.andelutech.com\/fr\/wp-json\/wp\/v2\/types\/product"}],"replies":[{"embeddable":true,"href":"https:\/\/www.andelutech.com\/fr\/wp-json\/wp\/v2\/comments?post=2308"}],"wp:featuredmedia":[{"embeddable":true,"href":"https:\/\/www.andelutech.com\/fr\/wp-json\/wp\/v2\/media\/2309"}],"wp:attachment":[{"href":"https:\/\/www.andelutech.com\/fr\/wp-json\/wp\/v2\/media?parent=2308"}],"wp:term":[{"taxonomy":"product_brand","embeddable":true,"href":"https:\/\/www.andelutech.com\/fr\/wp-json\/wp\/v2\/product_brand?post=2308"},{"taxonomy":"product_cat","embeddable":true,"href":"https:\/\/www.andelutech.com\/fr\/wp-json\/wp\/v2\/product_cat?post=2308"},{"taxonomy":"product_tag","embeddable":true,"href":"https:\/\/www.andelutech.com\/fr\/wp-json\/wp\/v2\/product_tag?post=2308"}],"curies":[{"name":"wp","href":"https:\/\/api.w.org\/{rel}","templated":true}]}}