{"id":2306,"date":"2025-05-23T11:57:43","date_gmt":"2025-05-23T03:57:43","guid":{"rendered":"https:\/\/www.andelutech.com\/?post_type=product&#038;p=2306"},"modified":"2025-06-30T15:51:28","modified_gmt":"2025-06-30T07:51:28","slug":"and-mins-5680-mems-integrated-ins","status":"publish","type":"product","link":"https:\/\/www.andelutech.com\/fr\/product\/and-mins-5680-mems-integrated-ins\/","title":{"rendered":"Et mins-5680 mems int\u00e9gr\u00e9s"},"content":{"rendered":"","protected":false},"excerpt":{"rendered":"<p>Introduction<br \/>\nCe MEMS Integrated INS a une temp\u00e9rature int\u00e9grale int\u00e9gr\u00e9e de Gyroscope MEMS de haute pr\u00e9cision de 0,5 \u00b0 \/ h, un acc\u00e9l\u00e9rom\u00e8tre de quartz de haute pr\u00e9cision de 100UG et un r\u00e9cepteur GNSS de niveau d'enqu\u00eate de plusieurs antennes multimode et multi-fr\u00e9quence pour 0,1 \u00b0 dynamique. Le produit prend en charge l'altim\u00e8tre GNSS \/odometer\/DVL\/barometric et autres capteurs externes, avec une excellente \u00e9volutivit\u00e9. Gr\u00e2ce \u00e0 l'utilisation de la technologie de fusion de donn\u00e9es multi-capteurs, pour combiner la mesure et la phase inertielle ensemble, il peut faire en sorte que le syst\u00e8me ait une adaptabilit\u00e9 g\u00e9ographique et une robustesse consid\u00e9rablement am\u00e9lior\u00e9es. Le produit peut r\u00e9pondre aux exigences de demande de l'arpentage maritime et de la cartographie et de l'arpentage et de la cartographie des cartes, de la correspondance du stockage de donn\u00e9es d'origine, du niveau de l'arpentage et de la cartographie, et le logiciel de post-traitement pour l'arpentage et la cartographie de la navigation. Les utilisateurs peuvent correspondre en fonction de leurs besoins.<br \/>\nCaract\u00e9ristiques<br \/>\nDispositifs MEMS \u00e0 haute pr\u00e9cision: gyroscope \u00e0 0,5 \u00b0 \/ h, acc\u00e9l\u00e9rom\u00e8tre 100UG<br \/>\nR\u00e9cepteur GNSS de niveau d'enqu\u00eate: Soutenir le GPS \/ BDS \/ GLONASS<br \/>\nAlignement rapide dynamique: soutenir l'alignement rapide, 1-2 minutes (besoin d'\u00eatre une man\u0153uvre dynamique)<br \/>\nOrientation rapide de l'antenne \u00e0 double antenne: prend en charge l'orientation rapide de l'antenne: pr\u00e9cision 0,1 \u00b0 (ligne de base 2M)<br \/>\nPrise en charge du stockage: prend en charge jusqu'\u00e0 16G d'extensions de stockage de donn\u00e9es, prends en charge les donn\u00e9es de navigation \/raw Donn\u00e9es \/ donn\u00e9es utilisateur externes<\/p>","protected":false},"featured_media":2307,"comment_status":"open","ping_status":"closed","template":"","meta":[],"product_brand":[],"product_cat":[26],"product_tag":[],"class_list":{"0":"post-2306","1":"product","2":"type-product","3":"status-publish","4":"has-post-thumbnail","6":"product_cat-imu-mems-ins","8":"first","9":"instock","10":"shipping-taxable","11":"product-type-simple"},"_links":{"self":[{"href":"https:\/\/www.andelutech.com\/fr\/wp-json\/wp\/v2\/product\/2306","targetHints":{"allow":["GET"]}}],"collection":[{"href":"https:\/\/www.andelutech.com\/fr\/wp-json\/wp\/v2\/product"}],"about":[{"href":"https:\/\/www.andelutech.com\/fr\/wp-json\/wp\/v2\/types\/product"}],"replies":[{"embeddable":true,"href":"https:\/\/www.andelutech.com\/fr\/wp-json\/wp\/v2\/comments?post=2306"}],"wp:featuredmedia":[{"embeddable":true,"href":"https:\/\/www.andelutech.com\/fr\/wp-json\/wp\/v2\/media\/2307"}],"wp:attachment":[{"href":"https:\/\/www.andelutech.com\/fr\/wp-json\/wp\/v2\/media?parent=2306"}],"wp:term":[{"taxonomy":"product_brand","embeddable":true,"href":"https:\/\/www.andelutech.com\/fr\/wp-json\/wp\/v2\/product_brand?post=2306"},{"taxonomy":"product_cat","embeddable":true,"href":"https:\/\/www.andelutech.com\/fr\/wp-json\/wp\/v2\/product_cat?post=2306"},{"taxonomy":"product_tag","embeddable":true,"href":"https:\/\/www.andelutech.com\/fr\/wp-json\/wp\/v2\/product_tag?post=2306"}],"curies":[{"name":"wp","href":"https:\/\/api.w.org\/{rel}","templated":true}]}}