{"id":2304,"date":"2025-05-23T11:53:01","date_gmt":"2025-05-23T03:53:01","guid":{"rendered":"https:\/\/www.andelutech.com\/?post_type=product&#038;p=2304"},"modified":"2025-06-30T15:54:17","modified_gmt":"2025-06-30T07:54:17","slug":"and-mins-210-230-mems-inertial-navigation-system","status":"publish","type":"product","link":"https:\/\/www.andelutech.com\/fr\/product\/and-mins-210-230-mems-inertial-navigation-system\/","title":{"rendered":"Et mins-210 \/230 Syst\u00e8me de navigation inertielle mems\u00a0"},"content":{"rendered":"","protected":false},"excerpt":{"rendered":"<p><strong><b>Introduction<\/b><\/strong><\/p>\n<p>AND-MINS-210 \/ 230\u00a0<a href=\"https:\/\/www.ericcointernational.com\/inertial-navigation-system\/mems-inertial-navigation-system\/\">Syst\u00e8me de navigation inertielle MEMS<\/a>\u00a0Utilise un r\u00e9cepteur GPS \u00c0 haute pr\u00e9cision et \u00e0 haut dynamique comme capteur de signal satellite. Il adopte la technologie de diff\u00e9renciation des phases porteurs et le calcul rapide de l'ambigu\u00eft\u00e9 de tout le cercle, qui peut calculer avec pr\u00e9cision l'angle d'azimut du mouvement du transporteur. Lorsque les signaux GPS interf\u00e8rent, le syst\u00e8me peut toujours produire des donn\u00e9es de haute pr\u00e9cision en maintenant l'unit\u00e9 de mesure inertielle pendant une p\u00e9riode de temps.<\/p>\n<p><strong><b>Caract\u00e9ristiques<\/b><\/strong><\/p>\n<p>Et mins-210 \/230 MEMS Le syst\u00e8me de navigation inertielle surmonte la carence d'un seul appareil, donne un jeu complet \u00e0 la haute pr\u00e9cision GPS, sans erreur d'accumulation, sans d\u00e9rive, prix bas et produits inertiels bonnes performances dynamiques, forte capacit\u00e9 anti-interf\u00e9rence. Sans avoir besoin d'une source de signal externe, il est capable de fonctionner et d'am\u00e9liorer la pr\u00e9cision globale de la mesure d'attitude, la pr\u00e9cision de la navigation et les performances de suivi en temps r\u00e9el du syst\u00e8me. La preuve dans la terre, la mer et l'air d'une vari\u00e9t\u00e9 de tests environnementaux, de pr\u00e9cision de cap de 0,1 degr\u00e9s, de pr\u00e9cision et de pr\u00e9cision de tangage de 0,05 degr\u00e9s, et de surmonter efficacement l'angle de d\u00e9rive de l'erreur de t\u00eate. Il est compatible multi-syst\u00e8mes et se compl\u00e8te mutuellement, les produits de mesure d'azimut \u00e0 haute fiabilit\u00e9 de sauvegarde mutuelle. En particulier pour les v\u00e9hicules de communication par satellite, le v\u00e9hicule radar m\u00e9t\u00e9orologique, le navire de guerre, le navire d'exp\u00e9dition, le dirigeable, le UAV, le syst\u00e8me de contr\u00f4le des incendies, le syst\u00e8me de commandement et de contr\u00f4le, le syst\u00e8me de vis\u00e9e d'armes, ont une tr\u00e8s forte comp\u00e9titivit\u00e9.<\/p>\n<p><strong><b>Applications<\/b><\/strong><\/p>\n<p>Et mins-210 \/230 Le syst\u00e8me de navigation inertielle MEMS peut fournir une attitude horizontale, une attitude de cap et d'autres informations, la longitude, la latitude, l'altitude, les informations de positionnement, l'acc\u00e9l\u00e9ration 3D, les informations de mesure inertielle \u00e0 vitesse angulaire. En \u00e9tendant la plage du compteur de kilom\u00e9trage et la hauteur du barom\u00e8tre, il am\u00e9liore encore la pr\u00e9cision et l'applicabilit\u00e9 du syst\u00e8me et il peut \u00eatre largement utilis\u00e9 dans les v\u00e9hicules a\u00e9riens sans pilote, la navigation sur les v\u00e9hicules, l'aviation et le contr\u00f4le de stabilit\u00e9 de la plate-forme et d'autres champs.<\/p>","protected":false},"featured_media":2305,"comment_status":"open","ping_status":"closed","template":"","meta":[],"product_brand":[],"product_cat":[26],"product_tag":[],"class_list":{"0":"post-2304","1":"product","2":"type-product","3":"status-publish","4":"has-post-thumbnail","6":"product_cat-imu-mems-ins","8":"first","9":"instock","10":"shipping-taxable","11":"product-type-simple"},"_links":{"self":[{"href":"https:\/\/www.andelutech.com\/fr\/wp-json\/wp\/v2\/product\/2304","targetHints":{"allow":["GET"]}}],"collection":[{"href":"https:\/\/www.andelutech.com\/fr\/wp-json\/wp\/v2\/product"}],"about":[{"href":"https:\/\/www.andelutech.com\/fr\/wp-json\/wp\/v2\/types\/product"}],"replies":[{"embeddable":true,"href":"https:\/\/www.andelutech.com\/fr\/wp-json\/wp\/v2\/comments?post=2304"}],"wp:featuredmedia":[{"embeddable":true,"href":"https:\/\/www.andelutech.com\/fr\/wp-json\/wp\/v2\/media\/2305"}],"wp:attachment":[{"href":"https:\/\/www.andelutech.com\/fr\/wp-json\/wp\/v2\/media?parent=2304"}],"wp:term":[{"taxonomy":"product_brand","embeddable":true,"href":"https:\/\/www.andelutech.com\/fr\/wp-json\/wp\/v2\/product_brand?post=2304"},{"taxonomy":"product_cat","embeddable":true,"href":"https:\/\/www.andelutech.com\/fr\/wp-json\/wp\/v2\/product_cat?post=2304"},{"taxonomy":"product_tag","embeddable":true,"href":"https:\/\/www.andelutech.com\/fr\/wp-json\/wp\/v2\/product_tag?post=2304"}],"curies":[{"name":"wp","href":"https:\/\/api.w.org\/{rel}","templated":true}]}}