{"id":2302,"date":"2025-05-23T11:51:03","date_gmt":"2025-05-23T03:51:03","guid":{"rendered":"https:\/\/www.andelutech.com\/?post_type=product&#038;p=2302"},"modified":"2025-06-30T15:55:43","modified_gmt":"2025-06-30T07:55:43","slug":"and-mins-5651-high-stability-mems-inertial-satellite-integrated-navigation-system","status":"publish","type":"product","link":"https:\/\/www.andelutech.com\/fr\/product\/and-mins-5651-high-stability-mems-inertial-satellite-integrated-navigation-system\/","title":{"rendered":"Et mins-5651 stabilit\u00e9 \u00e9lev\u00e9e mems inertial \/Satellite Syst\u00e8me de navigation int\u00e9gr\u00e9e\u00a0"},"content":{"rendered":"","protected":false},"excerpt":{"rendered":"<p>Introduction<br \/>\nMEMS \u00e0 haute stabilit\u00e9 Inertial \/Satellite Le syst\u00e8me de navigation int\u00e9gr\u00e9 est \u00e9quip\u00e9 d'un micro MEMS Gyroscope, acc\u00e9l\u00e9rom\u00e8tre et remise en arpentage mobile et r\u00e9cepteur GNSS multimode multi-niveaux MAPPLACE.<br \/>\nqui prend EN charge la fonction GPS \/GLONSS\/BD. Le produit a d'excellentes performances de navigation int\u00e9gr\u00e9es et la taille du syst\u00e8me peut \u00eatre r\u00e9duite \u00e0 une compacit\u00e9 sans pr\u00e9c\u00e9dent. Il peut r\u00e9aliser l'alignement rapide dynamique ou la double antenne GNSS assist\u00e9e \u00e0 l'orientation rapide et \u00e0 haute pr\u00e9cision, et la pr\u00e9cision d'orientation peut atteindre 0,1 \u00b0.<br \/>\nAfin de r\u00e9pondre \u00e0 la demande d'application de la cartographie de la vue sur la rue mobile, de la cartographie des oc\u00e9ans et d'autres zones de cartographie, avec les logiciels d'origine de stockage de donn\u00e9es et d'arpentage et de cartographie de la navigation apr\u00e8s le traitement, les utilisateurs peuvent choisir selon les exigences.<br \/>\nLe produit prend en charge l'altim\u00e8tre GNSS \/odometer\/DVL\/barometric et d'autres capteurs externes, qui a une excellente \u00e9volutivit\u00e9. En utilisant la technologie de fusion de donn\u00e9es multi-capteurs int\u00e8gre des donn\u00e9es multi-sources, le syst\u00e8me d'adaptabilit\u00e9 r\u00e9gionale et de robustesse a \u00e9t\u00e9 consid\u00e9rablement am\u00e9lior\u00e9, tandis qu'il a \u00e9galement une fonction de r\u00e9f\u00e9rence de navigation AHRS. En l'absence de toute assistance externe, il peut atteindre une attitude de longue date et une prise en charge. Il convient particuli\u00e8rement aux v\u00e9hicules a\u00e9riens sans pilote, aux v\u00e9hicules sous-marins et autres navigations sur les v\u00e9hicules a\u00e9riens sans pilote et d\u00e9termination de l'attitude.<br \/>\nCaract\u00e9ristiques<br \/>\nR\u00e9cepteur GNSS du niveau d'arpentage et de cartographie<br \/>\nAlgorithme de fusion de donn\u00e9es int\u00e9gr\u00e9s SFE SFE pour l'occlusion GNSS, les interf\u00e9rences multiples sont sp\u00e9cialement optimis\u00e9es;<br \/>\nLogiciel de post-traitement pour la navigation au niveau de l'arpentage et de la cartographie;<br \/>\nSoutenir l'alignement rapide: pr\u00e9cision dynamique de 0,1 \u00b0, temps 1 ~ 2 minutes (une man\u0153uvre dynamique est n\u00e9cessaire);<br \/>\nPrise en charge des environnements d'application \u00e0 faible dynamique Condition Satellite Double Antenne Orientation rapide Aid\u00e9e: Pr\u00e9cision de 0,1 \u00b0 (ligne de base 2M);<br \/>\nInterface: rs232 \/RS422\/LAN\/CAN\/USB;<br \/>\nPrise en charge maximale pour les extensions de stockage de donn\u00e9es 16G, support Donn\u00e9es de navigation \/raw Donn\u00e9es \/external Storage de donn\u00e9es utilisateur;<br \/>\nPrise en charge de plusieurs combinaisons de capteurs externes (Odom\u00e8tre \/DVL\/barometric Altim\u00e8tre);<br \/>\nSortie de protocole standard NMEA0183 et jusqu'\u00e0 20 protocoles exclusifs de mani\u00e8re flexible.<\/p>","protected":false},"featured_media":2303,"comment_status":"open","ping_status":"closed","template":"","meta":[],"product_brand":[],"product_cat":[26],"product_tag":[],"class_list":{"0":"post-2302","1":"product","2":"type-product","3":"status-publish","4":"has-post-thumbnail","6":"product_cat-imu-mems-ins","8":"first","9":"instock","10":"shipping-taxable","11":"product-type-simple"},"_links":{"self":[{"href":"https:\/\/www.andelutech.com\/fr\/wp-json\/wp\/v2\/product\/2302","targetHints":{"allow":["GET"]}}],"collection":[{"href":"https:\/\/www.andelutech.com\/fr\/wp-json\/wp\/v2\/product"}],"about":[{"href":"https:\/\/www.andelutech.com\/fr\/wp-json\/wp\/v2\/types\/product"}],"replies":[{"embeddable":true,"href":"https:\/\/www.andelutech.com\/fr\/wp-json\/wp\/v2\/comments?post=2302"}],"wp:featuredmedia":[{"embeddable":true,"href":"https:\/\/www.andelutech.com\/fr\/wp-json\/wp\/v2\/media\/2303"}],"wp:attachment":[{"href":"https:\/\/www.andelutech.com\/fr\/wp-json\/wp\/v2\/media?parent=2302"}],"wp:term":[{"taxonomy":"product_brand","embeddable":true,"href":"https:\/\/www.andelutech.com\/fr\/wp-json\/wp\/v2\/product_brand?post=2302"},{"taxonomy":"product_cat","embeddable":true,"href":"https:\/\/www.andelutech.com\/fr\/wp-json\/wp\/v2\/product_cat?post=2302"},{"taxonomy":"product_tag","embeddable":true,"href":"https:\/\/www.andelutech.com\/fr\/wp-json\/wp\/v2\/product_tag?post=2302"}],"curies":[{"name":"wp","href":"https:\/\/api.w.org\/{rel}","templated":true}]}}