{"id":2300,"date":"2025-05-23T09:15:56","date_gmt":"2025-05-23T01:15:56","guid":{"rendered":"https:\/\/www.andelutech.com\/?post_type=product&#038;p=2300"},"modified":"2025-06-30T15:59:24","modified_gmt":"2025-06-30T07:59:24","slug":"and-mins-5610-mems-inertial-satellite-integrated-navigation-system","status":"publish","type":"product","link":"https:\/\/www.andelutech.com\/fr\/product\/and-mins-5610-mems-inertial-satellite-integrated-navigation-system\/","title":{"rendered":"Et mins-5610 mems inertial \/Satellite Syst\u00e8me de navigation int\u00e9gr\u00e9e"},"content":{"rendered":"","protected":false},"excerpt":{"rendered":"<p><strong><b>Introduction<\/b><\/strong><\/p>\n<p>Ce mems inertial \/satellite\u00a0<a href=\"https:\/\/www.ericcointernational.com\/inertial-navigation-system\">syst\u00e8me de navigation int\u00e9gr\u00e9<\/a>\u00a0est \u00e9quip\u00e9 du GYROSCOPE MEMS et de l'acc\u00e9l\u00e9rom\u00e8tre et mappant le R\u00c9CEPTEUR GNSS multi-fr\u00e9quence multimode. Il peut atteindre un alignement dynamique d'antenne unique ou une orientation rapide \u00e0 haute pr\u00e9cision assist\u00e9e par l'antenne double, et la pr\u00e9cision directionnelle peut atteindre jusqu'\u00e0 0,1 deg.<\/p>\n<p>Ce produit est \u00e9quip\u00e9 d'un nouveau moteur de navigation et d'algorithme de fusion int\u00e9gr\u00e9. Utilisant le SFE pour l'occlusion GNSS, l'interf\u00e9rence multi-chemin pour optimiser la conception, elle peut \u00eatre utilis\u00e9e dans les villes, les canyons et autres environnements complexes pour r\u00e9pondre aux exigences d'une application de navigation de longue dur\u00e9e, haute pr\u00e9cision et haute fiabilit\u00e9.<\/p>\n<p>Le produit peut prendre en charge l'altim\u00e8tre GNSS \/odometer\/DVL\/barometric et autres capteurs externes, avec une excellente \u00e9volutivit\u00e9. Gr\u00e2ce \u00e0 l'utilisation de la technologie de fusion de donn\u00e9es multi-capteurs et de la combinaison de la mesure et de la phase inertielle, il peut faire en sorte que le syst\u00e8me ait une adaptabilit\u00e9 g\u00e9ographique et une robustesse consid\u00e9rablement am\u00e9lior\u00e9es. Le produit peut r\u00e9pondre aux exigences de demande de l'arpentage maritime et de la cartographie et de l'arpentage des cartes, correspondant au stockage des donn\u00e9es d'origine, au niveau de l'arpentage et de la cartographie, et le logiciel de post-traitement pour l'arpentage et la cartographie de la navigation. Les utilisateurs peuvent correspondre en fonction de leurs besoins.<\/p>\n<p><strong><b>Caract\u00e9ristiques<\/b><\/strong><\/p>\n<p>Le port s\u00e9rie lit les donn\u00e9es IMU et GNSS<\/p>\n<p>Fonction de navigation combin\u00e9e, calcul en temps r\u00e9el de l'emplacement, de la vitesse, de l'attitude du transporteur et d'autres informations du transporteur<\/p>\n<p>Prise en charge de la fonction RTK GNSS en temps r\u00e9el, capable de stocker des donn\u00e9es post-traitement<\/p>\n<p>Fournir un accord g\u00e9n\u00e9ral de l'utilisateur standardis\u00e9 pour soutenir l'utilisateur en fonction de ses propres besoins<\/p>\n<p>Deux interfaces s\u00e9rie RS232 et RS422 sont disponibles pour am\u00e9liorer la normalisation et la polyvalence des caract\u00e9ristiques du produit<\/p>","protected":false},"featured_media":2301,"comment_status":"open","ping_status":"closed","template":"","meta":[],"product_brand":[],"product_cat":[26],"product_tag":[],"class_list":{"0":"post-2300","1":"product","2":"type-product","3":"status-publish","4":"has-post-thumbnail","6":"product_cat-imu-mems-ins","8":"first","9":"instock","10":"shipping-taxable","11":"product-type-simple"},"_links":{"self":[{"href":"https:\/\/www.andelutech.com\/fr\/wp-json\/wp\/v2\/product\/2300","targetHints":{"allow":["GET"]}}],"collection":[{"href":"https:\/\/www.andelutech.com\/fr\/wp-json\/wp\/v2\/product"}],"about":[{"href":"https:\/\/www.andelutech.com\/fr\/wp-json\/wp\/v2\/types\/product"}],"replies":[{"embeddable":true,"href":"https:\/\/www.andelutech.com\/fr\/wp-json\/wp\/v2\/comments?post=2300"}],"wp:featuredmedia":[{"embeddable":true,"href":"https:\/\/www.andelutech.com\/fr\/wp-json\/wp\/v2\/media\/2301"}],"wp:attachment":[{"href":"https:\/\/www.andelutech.com\/fr\/wp-json\/wp\/v2\/media?parent=2300"}],"wp:term":[{"taxonomy":"product_brand","embeddable":true,"href":"https:\/\/www.andelutech.com\/fr\/wp-json\/wp\/v2\/product_brand?post=2300"},{"taxonomy":"product_cat","embeddable":true,"href":"https:\/\/www.andelutech.com\/fr\/wp-json\/wp\/v2\/product_cat?post=2300"},{"taxonomy":"product_tag","embeddable":true,"href":"https:\/\/www.andelutech.com\/fr\/wp-json\/wp\/v2\/product_tag?post=2300"}],"curies":[{"name":"wp","href":"https:\/\/api.w.org\/{rel}","templated":true}]}}